{"id":68,"date":"2016-07-06T22:41:18","date_gmt":"2016-07-06T22:41:18","guid":{"rendered":"http:\/\/www.habitat-tt.org\/?page_id=68"},"modified":"2022-08-25T10:35:46","modified_gmt":"2022-08-25T14:35:46","slug":"capacitaciones","status":"publish","type":"page","link":"https:\/\/habitatdominicana.org\/en\/capacitaciones\/","title":{"rendered":"Training"},"content":{"rendered":"<p id=\"tw-target-text\" class=\"tw-data-text tw-text-large tw-ta\" dir=\"ltr\" data-placeholder=\"Traducci\u00f3n\"><span class=\"Y2IQFc\" lang=\"en\" style=\"font-size: 14pt;\">We empower families to strengthen their knowledge in family emergency plan, financial education and basic knowledge in construction.<\/span><\/p>\n<p><img loading=\"lazy\" decoding=\"async\" class=\"aligncenter size-full wp-image-3811\" src=\"https:\/\/habitatdominicana.org\/wp-content\/uploads\/2022\/08\/vivienda-9.png\" alt=\"\" width=\"1350\" height=\"650\" srcset=\"https:\/\/habitatdominicana.org\/wp-content\/uploads\/2022\/08\/vivienda-9.png 1350w, https:\/\/habitatdominicana.org\/wp-content\/uploads\/2022\/08\/vivienda-9-300x144.png 300w, https:\/\/habitatdominicana.org\/wp-content\/uploads\/2022\/08\/vivienda-9-1024x493.png 1024w, https:\/\/habitatdominicana.org\/wp-content\/uploads\/2022\/08\/vivienda-9-768x370.png 768w, https:\/\/habitatdominicana.org\/wp-content\/uploads\/2022\/08\/vivienda-9-400x193.png 400w\" sizes=\"auto, (max-width: 1350px) 100vw, 1350px\" \/><\/p>\n<p id=\"tw-target-text\" class=\"tw-data-text tw-text-large tw-ta\" dir=\"ltr\" data-placeholder=\"Traducci\u00f3n\"><span class=\"Y2IQFc\" lang=\"en\" style=\"font-size: 14pt;\">Construction foremen can also update their knowledge through training in the Construction Education Module for Bricklayers and Builders.<\/span><\/p>\n<p dir=\"ltr\" data-placeholder=\"Traducci\u00f3n\"><img loading=\"lazy\" decoding=\"async\" class=\"aligncenter size-full wp-image-3812\" src=\"https:\/\/habitatdominicana.org\/wp-content\/uploads\/2022\/08\/vivienda-10.png\" alt=\"\" width=\"1350\" height=\"650\" srcset=\"https:\/\/habitatdominicana.org\/wp-content\/uploads\/2022\/08\/vivienda-10.png 1350w, https:\/\/habitatdominicana.org\/wp-content\/uploads\/2022\/08\/vivienda-10-300x144.png 300w, https:\/\/habitatdominicana.org\/wp-content\/uploads\/2022\/08\/vivienda-10-1024x493.png 1024w, https:\/\/habitatdominicana.org\/wp-content\/uploads\/2022\/08\/vivienda-10-768x370.png 768w, https:\/\/habitatdominicana.org\/wp-content\/uploads\/2022\/08\/vivienda-10-400x193.png 400w\" sizes=\"auto, (max-width: 1350px) 100vw, 1350px\" \/><\/p>\n<p id=\"tw-target-text\" class=\"tw-data-text tw-text-large tw-ta\" dir=\"ltr\" data-placeholder=\"Traducci\u00f3n\"><span style=\"font-size: 14pt;\"><strong><span class=\"Y2IQFc\" lang=\"en\">To participate in our training, complete the form.<\/span><\/strong><\/span><\/p>\n\n<div class=\"wpcf7 no-js\" id=\"wpcf7-f2271-o2\" lang=\"es-ES\" dir=\"ltr\" data-wpcf7-id=\"2271\">\n<div class=\"screen-reader-response\"><p role=\"status\" aria-live=\"polite\" aria-atomic=\"true\"><\/p> <ul><\/ul><\/div>\n<form action=\"\/en\/wp-json\/wp\/v2\/pages\/68#wpcf7-f2271-o2\" method=\"post\" class=\"wpcf7-form init\" aria-label=\"Formulario de contacto\" novalidate=\"novalidate\" data-status=\"init\">\n<fieldset class=\"hidden-fields-container\"><input type=\"hidden\" name=\"_wpcf7\" value=\"2271\" \/><input type=\"hidden\" name=\"_wpcf7_version\" value=\"6.1.4\" \/><input type=\"hidden\" name=\"_wpcf7_locale\" value=\"es_ES\" \/><input type=\"hidden\" name=\"_wpcf7_unit_tag\" value=\"wpcf7-f2271-o2\" \/><input type=\"hidden\" name=\"_wpcf7_container_post\" value=\"0\" \/><input type=\"hidden\" name=\"_wpcf7_posted_data_hash\" value=\"\" \/><input type=\"hidden\" name=\"_wpcf7cf_hidden_group_fields\" value=\"[]\" \/><input type=\"hidden\" name=\"_wpcf7cf_hidden_groups\" value=\"[]\" \/><input type=\"hidden\" name=\"_wpcf7cf_visible_groups\" value=\"[]\" \/><input type=\"hidden\" name=\"_wpcf7cf_repeaters\" value=\"[]\" \/><input type=\"hidden\" name=\"_wpcf7cf_steps\" value=\"{}\" \/><input type=\"hidden\" name=\"_wpcf7cf_options\" value=\"{&quot;form_id&quot;:2271,&quot;conditions&quot;:[],&quot;settings&quot;:{&quot;animation&quot;:&quot;yes&quot;,&quot;animation_intime&quot;:200,&quot;animation_outtime&quot;:200,&quot;conditions_ui&quot;:&quot;normal&quot;,&quot;notice_dismissed&quot;:false,&quot;notice_dismissed_update-cf7-5.3.2&quot;:true,&quot;notice_dismissed_update-cf7-5.4.1&quot;:true,&quot;notice_dismissed_update-cf7-5.5.6&quot;:true,&quot;notice_dismissed_update-cf7-5.8.3&quot;:true,&quot;notice_dismissed_update-cf7-5.8.6&quot;:true,&quot;notice_dismissed_update-cf7-6.1.4&quot;:true}}\" \/>\n<\/fieldset>\n<style>\n.wpcf7 input[type=\"text\"], .wpcf7 input[type=\"email\"], .wpcf7 input[type=\"password\"], .wpcf7 textarea{\npadding: 0px 19px;}\n<\/style>\n<div>\n\t<p><label> Nombre y apellidos (requerido)<br \/>\n<span class=\"wpcf7-form-control-wrap\" data-name=\"your-name\"><input size=\"40\" maxlength=\"400\" class=\"wpcf7-form-control wpcf7-text wpcf7-validates-as-required\" aria-required=\"true\" aria-invalid=\"false\" value=\"\" type=\"text\" name=\"your-name\" \/><\/span> <\/label>\n\t<\/p>\n<\/div>\n<div>\n\t<p><label> Direcci\u00f3n de correo (requerido)<br \/>\n<span class=\"wpcf7-form-control-wrap\" data-name=\"your-email\"><input size=\"40\" maxlength=\"400\" class=\"wpcf7-form-control wpcf7-email wpcf7-validates-as-required wpcf7-text wpcf7-validates-as-email\" aria-required=\"true\" aria-invalid=\"false\" value=\"\" type=\"email\" name=\"your-email\" \/><\/span> <\/label>\n\t<\/p>\n<\/div>\n<div>\n\t<p>Provincia (seleccione una opci\u00f3n)\n\t<\/p>\n\t<p><span class=\"wpcf7-form-control-wrap\" data-name=\"provincia\"><span class=\"wpcf7-form-control wpcf7-radio\"><span class=\"wpcf7-list-item first\"><input type=\"radio\" name=\"provincia\" value=\"Montecristi\" checked=\"checked\" \/><span class=\"wpcf7-list-item-label\">Montecristi<\/span><\/span><span class=\"wpcf7-list-item\"><input type=\"radio\" name=\"provincia\" value=\"El\u00edas Pi\u00f1a\" \/><span class=\"wpcf7-list-item-label\">El\u00edas Pi\u00f1a<\/span><\/span><span class=\"wpcf7-list-item\"><input type=\"radio\" name=\"provincia\" value=\"San Juan de la Maguana\" \/><span class=\"wpcf7-list-item-label\">San Juan de la Maguana<\/span><\/span><span class=\"wpcf7-list-item\"><input type=\"radio\" name=\"provincia\" value=\"Independencia\" \/><span class=\"wpcf7-list-item-label\">Independencia<\/span><\/span><span class=\"wpcf7-list-item\"><input type=\"radio\" name=\"provincia\" value=\"Bahoruco\" \/><span class=\"wpcf7-list-item-label\">Bahoruco<\/span><\/span><span class=\"wpcf7-list-item\"><input type=\"radio\" name=\"provincia\" value=\"Barahona\" \/><span class=\"wpcf7-list-item-label\">Barahona<\/span><\/span><span class=\"wpcf7-list-item\"><input type=\"radio\" name=\"provincia\" value=\"Pedernales\" \/><span class=\"wpcf7-list-item-label\">Pedernales<\/span><\/span><span class=\"wpcf7-list-item\"><input type=\"radio\" name=\"provincia\" value=\"Puerto Plata\" \/><span class=\"wpcf7-list-item-label\">Puerto Plata<\/span><\/span><span class=\"wpcf7-list-item\"><input type=\"radio\" name=\"provincia\" value=\"Santiago\" \/><span class=\"wpcf7-list-item-label\">Santiago<\/span><\/span><span class=\"wpcf7-list-item\"><input type=\"radio\" name=\"provincia\" value=\"Azua\" \/><span class=\"wpcf7-list-item-label\">Azua<\/span><\/span><span class=\"wpcf7-list-item\"><input type=\"radio\" name=\"provincia\" value=\"Duarte\" \/><span class=\"wpcf7-list-item-label\">Duarte<\/span><\/span><span class=\"wpcf7-list-item\"><input type=\"radio\" name=\"provincia\" value=\"Saman\u00e1\" \/><span class=\"wpcf7-list-item-label\">Saman\u00e1<\/span><\/span><span class=\"wpcf7-list-item\"><input type=\"radio\" name=\"provincia\" value=\"San Crist\u00f3bal\" \/><span class=\"wpcf7-list-item-label\">San Crist\u00f3bal<\/span><\/span><span class=\"wpcf7-list-item\"><input type=\"radio\" name=\"provincia\" value=\"Santo Domingo\" \/><span class=\"wpcf7-list-item-label\">Santo Domingo<\/span><\/span><span class=\"wpcf7-list-item\"><input type=\"radio\" name=\"provincia\" value=\"Distrito Nacional\" \/><span class=\"wpcf7-list-item-label\">Distrito Nacional<\/span><\/span><span class=\"wpcf7-list-item\"><input type=\"radio\" name=\"provincia\" value=\"Hato Mayor\" \/><span class=\"wpcf7-list-item-label\">Hato Mayor<\/span><\/span><span class=\"wpcf7-list-item last\"><input type=\"radio\" name=\"provincia\" value=\"El Seibo\" \/><span class=\"wpcf7-list-item-label\">El Seibo<\/span><\/span><\/span><\/span>\n\t<\/p>\n<\/div>\n<div>\n\t<p><label> Municipio (requerido)<br \/>\n<span class=\"wpcf7-form-control-wrap\" data-name=\"municipio\"><input size=\"40\" maxlength=\"400\" class=\"wpcf7-form-control wpcf7-text wpcf7-validates-as-required\" aria-required=\"true\" aria-invalid=\"false\" value=\"\" type=\"text\" name=\"municipio\" \/><\/span> <\/label>\n\t<\/p>\n<\/div>\n<div>\n\t<p><label> Tel\u00e9fono (requerido)<br \/>\n<span class=\"wpcf7-form-control-wrap\" data-name=\"telefono\"><input size=\"40\" maxlength=\"400\" class=\"wpcf7-form-control wpcf7-tel wpcf7-validates-as-required wpcf7-text wpcf7-validates-as-tel\" aria-required=\"true\" aria-invalid=\"false\" value=\"\" type=\"tel\" name=\"telefono\" \/><\/span> <\/label>\n\t<\/p>\n<\/div>\n<div>\n\t<p>Indique qu\u00e9 tipo de capacitaci\u00f3n necesita\n\t<\/p>\n\t<p><span class=\"wpcf7-form-control-wrap\" data-name=\"tipoCapacitacion\"><span class=\"wpcf7-form-control wpcf7-checkbox wpcf7-validates-as-required\"><span class=\"wpcf7-list-item first\"><input type=\"checkbox\" name=\"tipoCapacitacion[]\" value=\"Talleres certificados para alba\u00f1iles y maestros constructores\" \/><span class=\"wpcf7-list-item-label\">Talleres certificados para alba\u00f1iles y maestros constructores<\/span><\/span><span class=\"wpcf7-list-item\"><input type=\"checkbox\" name=\"tipoCapacitacion[]\" value=\"Vivienda saludable\" \/><span class=\"wpcf7-list-item-label\">Vivienda saludable<\/span><\/span><span class=\"wpcf7-list-item\"><input type=\"checkbox\" name=\"tipoCapacitacion[]\" value=\"Plan de emergencia familiar\" \/><span class=\"wpcf7-list-item-label\">Plan de emergencia familiar<\/span><\/span><span class=\"wpcf7-list-item\"><input type=\"checkbox\" name=\"tipoCapacitacion[]\" value=\"ATC para asesores de cr\u00e9dito\" \/><span class=\"wpcf7-list-item-label\">ATC para asesores de cr\u00e9dito<\/span><\/span><span class=\"wpcf7-list-item\"><input type=\"checkbox\" name=\"tipoCapacitacion[]\" value=\"Albergue\" \/><span class=\"wpcf7-list-item-label\">Albergue<\/span><\/span><span class=\"wpcf7-list-item\"><input type=\"checkbox\" name=\"tipoCapacitacion[]\" value=\"Evaluaci\u00f3n de vulnerabilidad comunitaria (PASSA)\" \/><span class=\"wpcf7-list-item-label\">Evaluaci\u00f3n de vulnerabilidad comunitaria (PASSA)<\/span><\/span><span class=\"wpcf7-list-item\"><input type=\"checkbox\" name=\"tipoCapacitacion[]\" value=\"Uso de ba\u00f1os ecol\u00f3gicos\" \/><span class=\"wpcf7-list-item-label\">Uso de ba\u00f1os ecol\u00f3gicos<\/span><\/span><span class=\"wpcf7-list-item\"><input type=\"checkbox\" name=\"tipoCapacitacion[]\" value=\"Maestros constructores y alba\u00f1iles en tecnolog\u00eda prefabricada\" \/><span class=\"wpcf7-list-item-label\">Maestros constructores y alba\u00f1iles en tecnolog\u00eda prefabricada<\/span><\/span><span class=\"wpcf7-list-item\"><input type=\"checkbox\" name=\"tipoCapacitacion[]\" value=\"Distribuci\u00f3n de espacios\" \/><span class=\"wpcf7-list-item-label\">Distribuci\u00f3n de espacios<\/span><\/span><span class=\"wpcf7-list-item\"><input type=\"checkbox\" name=\"tipoCapacitacion[]\" value=\"Uso y manejo del agua\" \/><span class=\"wpcf7-list-item-label\">Uso y manejo del agua<\/span><\/span><span class=\"wpcf7-list-item\"><input type=\"checkbox\" name=\"tipoCapacitacion[]\" value=\"Vivienda y entorno\" \/><span class=\"wpcf7-list-item-label\">Vivienda y entorno<\/span><\/span><span class=\"wpcf7-list-item\"><input type=\"checkbox\" name=\"tipoCapacitacion[]\" value=\"Educaci\u00f3n financiera\" \/><span class=\"wpcf7-list-item-label\">Educaci\u00f3n financiera<\/span><\/span><span class=\"wpcf7-list-item\"><input type=\"checkbox\" name=\"tipoCapacitacion[]\" value=\"Red comunitaria\" \/><span class=\"wpcf7-list-item-label\">Red comunitaria<\/span><\/span><span class=\"wpcf7-list-item\"><input type=\"checkbox\" name=\"tipoCapacitacion[]\" value=\"Sistema de alerta temprana\" \/><span class=\"wpcf7-list-item-label\">Sistema de alerta temprana<\/span><\/span><span class=\"wpcf7-list-item\"><input type=\"checkbox\" name=\"tipoCapacitacion[]\" value=\"Primeros auxilios\" \/><span class=\"wpcf7-list-item-label\">Primeros auxilios<\/span><\/span><span class=\"wpcf7-list-item\"><input type=\"checkbox\" name=\"tipoCapacitacion[]\" value=\"Protecci\u00f3n humanitaria\" \/><span class=\"wpcf7-list-item-label\">Protecci\u00f3n humanitaria<\/span><\/span><span class=\"wpcf7-list-item last\"><input type=\"checkbox\" name=\"tipoCapacitacion[]\" value=\"Microfinanzas para la vivienda\" \/><span class=\"wpcf7-list-item-label\">Microfinanzas para la vivienda<\/span><\/span><\/span><\/span>\n\t<\/p>\n<\/div>\n<p><label>Aviso Legal <a href=\"https:\/\/habitatdominicana.org\/habitat-para-la-humanidad\/aviso-legal\/\" target=\"_blank\">Leer nuestro aviso legal<\/a><\/label><span class=\"wpcf7-form-control-wrap\" data-name=\"techo\"><span class=\"wpcf7-form-control wpcf7-checkbox wpcf7-validates-as-required\"><span class=\"wpcf7-list-item first last\"><input type=\"checkbox\" name=\"techo[]\" value=\"Acepto\" \/><span class=\"wpcf7-list-item-label\">Acepto<\/span><\/span><\/span><\/span>\n<\/p>\n<p class=\"aiowps-captcha hide-when-displaying-tfa-input\"><label for=\"aiowps-captcha-answer-69e8ef37b44c6\">Please enter an answer in digits:<\/label>\n<\/p>\n<div class=\"aiowps-captcha-equation hide-when-displaying-tfa-input\">\n\t<p><strong>10 &#43; two = <input type=\"hidden\" name=\"aiowps-captcha-string-info\" class=\"aiowps-captcha-string-info\" value=\"jalcotwgkl\" \/><input type=\"hidden\" name=\"aiowps-captcha-temp-string\" class=\"aiowps-captcha-temp-string\" value=\"1776873271\" \/><input type=\"text\" size=\"2\" id=\"aiowps-captcha-answer-69e8ef37b44c6\" class=\"aiowps-captcha-answer\" name=\"aiowps-captcha-answer\" value=\"\" autocomplete=\"off\" \/><\/strong>\n\t<\/p>\n<\/div>\n<p><span class='wpcf7-form-control-wrap' data-name='aiowps-captcha'><\/span><input class=\"wpcf7-form-control wpcf7-submit has-spinner\" type=\"submit\" value=\"Enviar\" \/>\n<\/p><div class=\"wpcf7-response-output\" aria-hidden=\"true\"><\/div>\n<\/form>\n<\/div>","protected":false},"excerpt":{"rendered":"<p>We empower families to strengthen their knowledge in family emergency plan, financial education and basic knowledge in construction. Construction foremen can also update their knowledge through training in the Construction Education Module for Bricklayers and Builders. To participate in our training, complete the form.<\/p>\n","protected":false},"author":3,"featured_media":3768,"parent":0,"menu_order":0,"comment_status":"closed","ping_status":"closed","template":"","meta":{"_acf_changed":false,"om_disable_all_campaigns":false,"_exactmetrics_skip_tracking":false,"_exactmetrics_sitenote_active":false,"_exactmetrics_sitenote_note":"","_exactmetrics_sitenote_category":0,"_monsterinsights_skip_tracking":false,"_monsterinsights_sitenote_active":false,"_monsterinsights_sitenote_note":"","_monsterinsights_sitenote_category":0,"_uf_show_specific_survey":0,"_uf_disable_surveys":false,"footnotes":""},"class_list":["post-68","page","type-page","status-publish","has-post-thumbnail","hentry"],"acf":[],"aioseo_notices":[],"rttpg_featured_image_url":{"full":["https:\/\/habitatdominicana.org\/wp-content\/uploads\/2022\/08\/merece-un-lugar-digno-para-vivir.-9.png",2050,780,false],"landscape":["https:\/\/habitatdominicana.org\/wp-content\/uploads\/2022\/08\/merece-un-lugar-digno-para-vivir.-9.png",2050,780,false],"portraits":["https:\/\/habitatdominicana.org\/wp-content\/uploads\/2022\/08\/merece-un-lugar-digno-para-vivir.-9.png",2050,780,false],"thumbnail":["https:\/\/habitatdominicana.org\/wp-content\/uploads\/2022\/08\/merece-un-lugar-digno-para-vivir.-9-150x150.png",150,150,true],"medium":["https:\/\/habitatdominicana.org\/wp-content\/uploads\/2022\/08\/merece-un-lugar-digno-para-vivir.-9-300x114.png",300,114,true],"large":["https:\/\/habitatdominicana.org\/wp-content\/uploads\/2022\/08\/merece-un-lugar-digno-para-vivir.-9-1024x390.png",860,328,true],"1536x1536":["https:\/\/habitatdominicana.org\/wp-content\/uploads\/2022\/08\/merece-un-lugar-digno-para-vivir.-9-1536x584.png",1536,584,true],"2048x2048":["https:\/\/habitatdominicana.org\/wp-content\/uploads\/2022\/08\/merece-un-lugar-digno-para-vivir.-9-2048x779.png",2048,779,true],"widget-thumbnail":["https:\/\/habitatdominicana.org\/wp-content\/uploads\/2022\/08\/merece-un-lugar-digno-para-vivir.-9-75x75.png",75,75,true],"small-header":["https:\/\/habitatdominicana.org\/wp-content\/uploads\/2022\/08\/merece-un-lugar-digno-para-vivir.-9-1800x220.png",1800,220,true],"small-event":["https:\/\/habitatdominicana.org\/wp-content\/uploads\/2022\/08\/merece-un-lugar-digno-para-vivir.-9-100x85.png",100,85,true],"medium-event":["https:\/\/habitatdominicana.org\/wp-content\/uploads\/2022\/08\/merece-un-lugar-digno-para-vivir.-9-270x150.png",270,150,true],"large-event":["https:\/\/habitatdominicana.org\/wp-content\/uploads\/2022\/08\/merece-un-lugar-digno-para-vivir.-9-770x330.png",770,330,true],"large-event-2":["https:\/\/habitatdominicana.org\/wp-content\/uploads\/2022\/08\/merece-un-lugar-digno-para-vivir.-9-540x440.png",540,440,true],"document-thumb":["https:\/\/habitatdominicana.org\/wp-content\/uploads\/2022\/08\/merece-un-lugar-digno-para-vivir.-9-400x152.png",400,152,true],"gallery-full":["https:\/\/habitatdominicana.org\/wp-content\/uploads\/2022\/08\/merece-un-lugar-digno-para-vivir.-9-1660x780.png",1660,780,true],"gallery-thumb":["https:\/\/habitatdominicana.org\/wp-content\/uploads\/2022\/08\/merece-un-lugar-digno-para-vivir.-9-540x330.png",540,330,true],"cause-medium":["https:\/\/habitatdominicana.org\/wp-content\/uploads\/2022\/08\/merece-un-lugar-digno-para-vivir.-9-900x525.png",900,525,true],"staff-home":["https:\/\/habitatdominicana.org\/wp-content\/uploads\/2022\/08\/merece-un-lugar-digno-para-vivir.-9-292x248.png",292,248,true]},"rttpg_author":{"display_name":"Luc\u00eda Z\u00fa\u00f1iga","author_link":"https:\/\/habitatdominicana.org\/en\/author\/luc1zun1g\/"},"rttpg_comment":0,"rttpg_category":null,"rttpg_excerpt":"We empower families to strengthen their knowledge in family emergency plan, financial education and basic knowledge in construction. Construction foremen can also update their knowledge through training in the Construction Education Module for Bricklayers and Builders. To participate in our training, complete the form.","_links":{"self":[{"href":"https:\/\/habitatdominicana.org\/en\/wp-json\/wp\/v2\/pages\/68","targetHints":{"allow":["GET"]}}],"collection":[{"href":"https:\/\/habitatdominicana.org\/en\/wp-json\/wp\/v2\/pages"}],"about":[{"href":"https:\/\/habitatdominicana.org\/en\/wp-json\/wp\/v2\/types\/page"}],"author":[{"embeddable":true,"href":"https:\/\/habitatdominicana.org\/en\/wp-json\/wp\/v2\/users\/3"}],"replies":[{"embeddable":true,"href":"https:\/\/habitatdominicana.org\/en\/wp-json\/wp\/v2\/comments?post=68"}],"version-history":[{"count":6,"href":"https:\/\/habitatdominicana.org\/en\/wp-json\/wp\/v2\/pages\/68\/revisions"}],"predecessor-version":[{"id":3814,"href":"https:\/\/habitatdominicana.org\/en\/wp-json\/wp\/v2\/pages\/68\/revisions\/3814"}],"wp:featuredmedia":[{"embeddable":true,"href":"https:\/\/habitatdominicana.org\/en\/wp-json\/wp\/v2\/media\/3768"}],"wp:attachment":[{"href":"https:\/\/habitatdominicana.org\/en\/wp-json\/wp\/v2\/media?parent=68"}],"curies":[{"name":"wp","href":"https:\/\/api.w.org\/{rel}","templated":true}]}}