{"id":64,"date":"2016-07-06T22:40:54","date_gmt":"2016-07-06T22:40:54","guid":{"rendered":"http:\/\/www.habitat-tt.org\/?page_id=64"},"modified":"2022-08-24T16:55:41","modified_gmt":"2022-08-24T20:55:41","slug":"consultoria-y-asistencia","status":"publish","type":"page","link":"https:\/\/habitatdominicana.org\/en\/consultoria-y-asistencia\/","title":{"rendered":"Consulting and Assistance"},"content":{"rendered":"<h2>Technical assistance in construction<\/h2>\n<p><span style=\"font-size: 14pt;\">We provide technical assistance services in construction, this assistance consists of an accompaniment to the home improvement processes for self-construction. Accompaniment ensures that families make their interventions in an organized and quality manner at each stage of construction.<\/span><\/p>\n<p><span style=\"font-size: 14pt;\">The technical assistance is accompanied by a brochure with technical information developed in alliance with the Dominican Asociaci\u00f3n Dominicana de Cementos Portland (ADOCEM), depending on the type of housing the family is carrying out. To obtain your physical copy contact us at <a href=\"mailto:info@habitatdominicana.org\">info@habitatdominicana.org<\/a> or through our ally <a href=\"http:\/\/adocem.org\/\" target=\"_blank\" rel=\"noopener noreferrer\">adocem.org<\/a><\/span><\/p>\n<p><span style=\"font-size: 14pt;\"><strong>Restrictions apply.<\/strong><\/span><\/p>\n<p><img loading=\"lazy\" decoding=\"async\" class=\"aligncenter size-full wp-image-3807\" src=\"https:\/\/habitatdominicana.org\/wp-content\/uploads\/2022\/08\/vivienda-7.png\" alt=\"\" width=\"1350\" height=\"650\" srcset=\"https:\/\/habitatdominicana.org\/wp-content\/uploads\/2022\/08\/vivienda-7.png 1350w, https:\/\/habitatdominicana.org\/wp-content\/uploads\/2022\/08\/vivienda-7-300x144.png 300w, https:\/\/habitatdominicana.org\/wp-content\/uploads\/2022\/08\/vivienda-7-1024x493.png 1024w, https:\/\/habitatdominicana.org\/wp-content\/uploads\/2022\/08\/vivienda-7-768x370.png 768w, https:\/\/habitatdominicana.org\/wp-content\/uploads\/2022\/08\/vivienda-7-400x193.png 400w\" sizes=\"auto, (max-width: 1350px) 100vw, 1350px\" \/><\/p>\n<pre class=\"tw-data-text tw-text-large tw-ta\" dir=\"ltr\" data-placeholder=\"Traducci\u00f3n\"><span style=\"font-size: 14pt; font-family: georgia, palatino, serif;\"><strong><span class=\"Y2IQFc\" lang=\"en\">Learn more about Technical Assistance in Construction.\r\n<\/span><\/strong><strong><span class=\"Y2IQFc\" lang=\"en\">\r\nClick on this video.<\/span><\/strong><\/span><\/pre>\n<div id=\"erdyt-69e908170b434\" data-id=\"JzBU54bWfiQ\" class=\"erd-youtube-responsive\" style=\"display:block;position:relative;clear:both;width:100%;max-width:100%;margin-left:auto;margin-right:auto;\"><div style=\"padding-bottom:56.25%;\"><div class=\"erd-ytplay\" id=\"erdytp-JzBU54bWfiQ-69e908170b434\" data-vid=\"JzBU54bWfiQ\"   data-src=\"https:\/\/www.youtube.com\/embed\/JzBU54bWfiQ?loop=1&#038;autoplay=1&#038;rel=0\" data-allowfullscreen=\"true\"><img decoding=\"async\" src=\"https:\/\/i.ytimg.com\/vi\/JzBU54bWfiQ\/hqdefault.jpg\" alt=\"YouTube Video\" \/><\/div><\/div><\/div>\n<h2><strong>Organization of demand<\/strong><\/h2>\n<p><span style=\"font-size: 14pt;\">We work together with the communities to identify what their needs are and the priorities of the families. We identify housing deficiencies by doing a personalized survey of each family according to their needs.<\/span><\/p>\n<p>&nbsp;<\/p>\n<p>&nbsp;","protected":false},"excerpt":{"rendered":"<p>Technical assistance in construction We provide technical assistance services in construction, this assistance consists of an accompaniment to the home improvement processes for self-construction. Accompaniment ensures that families make their interventions in an organized and quality manner at each stage of construction. The technical assistance is accompanied by a brochure with technical information developed in<\/p>\n<div class=\"post-actions\"><a class=\"button small\" href=\"https:\/\/habitatdominicana.org\/en\/consultoria-y-asistencia\/\">Leer M\u00e1s<\/a><\/div>\n","protected":false},"author":3,"featured_media":3754,"parent":0,"menu_order":0,"comment_status":"closed","ping_status":"closed","template":"","meta":{"_acf_changed":false,"om_disable_all_campaigns":false,"_exactmetrics_skip_tracking":false,"_exactmetrics_sitenote_active":false,"_exactmetrics_sitenote_note":"","_exactmetrics_sitenote_category":0,"_monsterinsights_skip_tracking":false,"_monsterinsights_sitenote_active":false,"_monsterinsights_sitenote_note":"","_monsterinsights_sitenote_category":0,"_uf_show_specific_survey":0,"_uf_disable_surveys":false,"footnotes":""},"class_list":["post-64","page","type-page","status-publish","has-post-thumbnail","hentry"],"acf":[],"aioseo_notices":[],"rttpg_featured_image_url":{"full":["https:\/\/habitatdominicana.org\/wp-content\/uploads\/2022\/08\/merece-un-lugar-digno-para-vivir.-8.png",2050,780,false],"landscape":["https:\/\/habitatdominicana.org\/wp-content\/uploads\/2022\/08\/merece-un-lugar-digno-para-vivir.-8.png",2050,780,false],"portraits":["https:\/\/habitatdominicana.org\/wp-content\/uploads\/2022\/08\/merece-un-lugar-digno-para-vivir.-8.png",2050,780,false],"thumbnail":["https:\/\/habitatdominicana.org\/wp-content\/uploads\/2022\/08\/merece-un-lugar-digno-para-vivir.-8-150x150.png",150,150,true],"medium":["https:\/\/habitatdominicana.org\/wp-content\/uploads\/2022\/08\/merece-un-lugar-digno-para-vivir.-8-300x114.png",300,114,true],"large":["https:\/\/habitatdominicana.org\/wp-content\/uploads\/2022\/08\/merece-un-lugar-digno-para-vivir.-8-1024x390.png",860,328,true],"1536x1536":["https:\/\/habitatdominicana.org\/wp-content\/uploads\/2022\/08\/merece-un-lugar-digno-para-vivir.-8-1536x584.png",1536,584,true],"2048x2048":["https:\/\/habitatdominicana.org\/wp-content\/uploads\/2022\/08\/merece-un-lugar-digno-para-vivir.-8-2048x779.png",2048,779,true],"widget-thumbnail":["https:\/\/habitatdominicana.org\/wp-content\/uploads\/2022\/08\/merece-un-lugar-digno-para-vivir.-8-75x75.png",75,75,true],"small-header":["https:\/\/habitatdominicana.org\/wp-content\/uploads\/2022\/08\/merece-un-lugar-digno-para-vivir.-8-1800x220.png",1800,220,true],"small-event":["https:\/\/habitatdominicana.org\/wp-content\/uploads\/2022\/08\/merece-un-lugar-digno-para-vivir.-8-100x85.png",100,85,true],"medium-event":["https:\/\/habitatdominicana.org\/wp-content\/uploads\/2022\/08\/merece-un-lugar-digno-para-vivir.-8-270x150.png",270,150,true],"large-event":["https:\/\/habitatdominicana.org\/wp-content\/uploads\/2022\/08\/merece-un-lugar-digno-para-vivir.-8-770x330.png",770,330,true],"large-event-2":["https:\/\/habitatdominicana.org\/wp-content\/uploads\/2022\/08\/merece-un-lugar-digno-para-vivir.-8-540x440.png",540,440,true],"document-thumb":["https:\/\/habitatdominicana.org\/wp-content\/uploads\/2022\/08\/merece-un-lugar-digno-para-vivir.-8-400x152.png",400,152,true],"gallery-full":["https:\/\/habitatdominicana.org\/wp-content\/uploads\/2022\/08\/merece-un-lugar-digno-para-vivir.-8-1660x780.png",1660,780,true],"gallery-thumb":["https:\/\/habitatdominicana.org\/wp-content\/uploads\/2022\/08\/merece-un-lugar-digno-para-vivir.-8-540x330.png",540,330,true],"cause-medium":["https:\/\/habitatdominicana.org\/wp-content\/uploads\/2022\/08\/merece-un-lugar-digno-para-vivir.-8-900x525.png",900,525,true],"staff-home":["https:\/\/habitatdominicana.org\/wp-content\/uploads\/2022\/08\/merece-un-lugar-digno-para-vivir.-8-292x248.png",292,248,true]},"rttpg_author":{"display_name":"Luc\u00eda Z\u00fa\u00f1iga","author_link":"https:\/\/habitatdominicana.org\/en\/author\/luc1zun1g\/"},"rttpg_comment":0,"rttpg_category":null,"rttpg_excerpt":"Technical assistance in construction We provide technical assistance services in construction, this assistance consists of an accompaniment to the home improvement processes for self-construction. Accompaniment ensures that families make their interventions in an organized and quality manner at each stage of construction. The technical assistance is accompanied by a brochure with technical information developed inLeer&hellip;","_links":{"self":[{"href":"https:\/\/habitatdominicana.org\/en\/wp-json\/wp\/v2\/pages\/64","targetHints":{"allow":["GET"]}}],"collection":[{"href":"https:\/\/habitatdominicana.org\/en\/wp-json\/wp\/v2\/pages"}],"about":[{"href":"https:\/\/habitatdominicana.org\/en\/wp-json\/wp\/v2\/types\/page"}],"author":[{"embeddable":true,"href":"https:\/\/habitatdominicana.org\/en\/wp-json\/wp\/v2\/users\/3"}],"replies":[{"embeddable":true,"href":"https:\/\/habitatdominicana.org\/en\/wp-json\/wp\/v2\/comments?post=64"}],"version-history":[{"count":6,"href":"https:\/\/habitatdominicana.org\/en\/wp-json\/wp\/v2\/pages\/64\/revisions"}],"predecessor-version":[{"id":3809,"href":"https:\/\/habitatdominicana.org\/en\/wp-json\/wp\/v2\/pages\/64\/revisions\/3809"}],"wp:featuredmedia":[{"embeddable":true,"href":"https:\/\/habitatdominicana.org\/en\/wp-json\/wp\/v2\/media\/3754"}],"wp:attachment":[{"href":"https:\/\/habitatdominicana.org\/en\/wp-json\/wp\/v2\/media?parent=64"}],"curies":[{"name":"wp","href":"https:\/\/api.w.org\/{rel}","templated":true}]}}