{"id":52,"date":"2016-07-06T22:10:13","date_gmt":"2016-07-06T22:10:13","guid":{"rendered":"http:\/\/www.habitat-tt.org\/?page_id=52"},"modified":"2026-01-06T21:48:23","modified_gmt":"2026-01-07T01:48:23","slug":"nuestro-equipo","status":"publish","type":"page","link":"https:\/\/habitatdominicana.org\/en\/nuestro-equipo\/","title":{"rendered":"Our team"},"content":{"rendered":"<p id=\"tw-target-text\" class=\"tw-data-text tw-text-large tw-ta\" dir=\"ltr\" data-placeholder=\"Traducci\u00f3n\"><span style=\"font-family: georgia, palatino, serif; color: #000000; font-size: 14pt;\"><strong><span class=\"Y2IQFc\" lang=\"en\">The Habitat for Humanity Dominican Republic team strives every day to meet the goal that each person has a decent place to live.<\/span><\/strong><\/span><\/p>\n<pre id=\"tw-target-text\" class=\"tw-data-text tw-text-large tw-ta\" dir=\"ltr\" data-placeholder=\"Traducci\u00f3n\"><span style=\"font-size: 14pt;\"><strong><span class=\"Y2IQFc\" lang=\"en\" style=\"font-family: georgia, palatino, serif; color: #000000;\">\r\nThe team is led by:<\/span><\/strong><\/span><\/pre>\n<ul>\n<li><span style=\"font-size: 14pt;\">Cesarina Fabian, National Director<\/span><\/li>\n<li><span style=\"font-size: 14pt;\">Francis Medina, Programs Manager<\/span><\/li>\n<li><span style=\"font-size: 14pt;\">Yaritza Beltre, Resource Development and Communications Manager,<\/span><\/li>\n<li><span style=\"font-size: 14pt;\">Digna Almonte, Administrative and Financial Manager<\/span><\/li>\n<\/ul>\n<p>&nbsp;<\/p>\n<p><img loading=\"lazy\" decoding=\"async\" class=\"aligncenter wp-image-5005 size-large\" src=\"https:\/\/habitatdominicana.org\/wp-content\/uploads\/2025\/11\/equipo-habitat-dominicana-1024x683.jpg\" alt=\"equipo H\u00e1bitat para la Humanidad Dominicana\" width=\"860\" height=\"574\" srcset=\"https:\/\/habitatdominicana.org\/wp-content\/uploads\/2025\/11\/equipo-habitat-dominicana-1024x683.jpg 1024w, https:\/\/habitatdominicana.org\/wp-content\/uploads\/2025\/11\/equipo-habitat-dominicana-300x200.jpg 300w, https:\/\/habitatdominicana.org\/wp-content\/uploads\/2025\/11\/equipo-habitat-dominicana-768x512.jpg 768w, https:\/\/habitatdominicana.org\/wp-content\/uploads\/2025\/11\/equipo-habitat-dominicana-1536x1024.jpg 1536w, https:\/\/habitatdominicana.org\/wp-content\/uploads\/2025\/11\/equipo-habitat-dominicana-400x267.jpg 400w, https:\/\/habitatdominicana.org\/wp-content\/uploads\/2025\/11\/equipo-habitat-dominicana.jpg 1600w\" sizes=\"auto, (max-width: 860px) 100vw, 860px\" \/><\/p>\n<p><strong><span style=\"font-size: 14pt;\">The members of our board are the directors of Habitat Area Office for Latin America and the Caribbean:<\/span><\/strong><\/p>\n<ul>\n<li><span style=\"font-size: 14pt;\">Ernesto Castro, Vice President for Latin America and the Caribbean<\/span><\/li>\n<li><span style=\"font-size: 14pt;\">Daniela Quezada, Director of Administration and Finance<\/span><\/li>\n<li><span style=\"font-size: 14pt;\">Mar\u00eda Teresa Morales, Director of Housing Microfinance<\/span><\/li>\n<li><span style=\"font-size: 14pt;\">Juan Carlos Rodriguez, Director of Resource Development<\/span><\/li>\n<li><span style=\"font-size: 14pt;\">Marco Calvo, Director of Communications<\/span><\/li>\n<li><span style=\"font-size: 14pt;\">Monica Ramirez, Director of Strategic Alliances<\/span><\/li>\n<li><span style=\"font-size: 14pt;\">Lina Mar\u00eda, Senior Manager National Programs and and Country Coordinator<\/span><\/li>\n<\/ul>\n<p>&nbsp;<\/p>\n<p><span style=\"font-size: 14pt;\">To contact us at\u00a0<a href=\"mailto:info@habitatdominicana.org\">info@habitatdominicana.org<\/a><\/span><\/p>\n<p><img loading=\"lazy\" decoding=\"async\" class=\"alignnone size-full wp-image-3727\" src=\"https:\/\/habitatdominicana.org\/wp-content\/uploads\/2022\/08\/Recurso-99@4x.png\" alt=\"\" width=\"1615\" height=\"241\" srcset=\"https:\/\/habitatdominicana.org\/wp-content\/uploads\/2022\/08\/Recurso-99@4x.png 1615w, https:\/\/habitatdominicana.org\/wp-content\/uploads\/2022\/08\/Recurso-99@4x-300x45.png 300w, https:\/\/habitatdominicana.org\/wp-content\/uploads\/2022\/08\/Recurso-99@4x-1024x153.png 1024w, https:\/\/habitatdominicana.org\/wp-content\/uploads\/2022\/08\/Recurso-99@4x-768x115.png 768w, https:\/\/habitatdominicana.org\/wp-content\/uploads\/2022\/08\/Recurso-99@4x-1536x229.png 1536w, https:\/\/habitatdominicana.org\/wp-content\/uploads\/2022\/08\/Recurso-99@4x-400x60.png 400w\" sizes=\"auto, (max-width: 1615px) 100vw, 1615px\" \/>","protected":false},"excerpt":{"rendered":"<p>The Habitat for Humanity Dominican Republic team strives every day to meet the goal that each person has a decent place to live. The team is led by: Cesarina Fabian, National Director Francis Medina, Programs Manager Yaritza Beltre, Resource Development and Communications Manager, Digna Almonte, Administrative and Financial Manager &nbsp; The members of our board<\/p>\n<div class=\"post-actions\"><a class=\"button small\" href=\"https:\/\/habitatdominicana.org\/en\/nuestro-equipo\/\">Leer M\u00e1s<\/a><\/div>\n","protected":false},"author":3,"featured_media":4972,"parent":0,"menu_order":0,"comment_status":"closed","ping_status":"closed","template":"","meta":{"_acf_changed":false,"om_disable_all_campaigns":false,"_exactmetrics_skip_tracking":false,"_exactmetrics_sitenote_active":false,"_exactmetrics_sitenote_note":"","_exactmetrics_sitenote_category":0,"_monsterinsights_skip_tracking":false,"_monsterinsights_sitenote_active":false,"_monsterinsights_sitenote_note":"","_monsterinsights_sitenote_category":0,"_uf_show_specific_survey":0,"_uf_disable_surveys":false,"footnotes":""},"class_list":["post-52","page","type-page","status-publish","has-post-thumbnail","hentry"],"acf":[],"aioseo_notices":[],"rttpg_featured_image_url":{"full":["https:\/\/habitatdominicana.org\/wp-content\/uploads\/2025\/09\/memoria-anual.jpg",932,447,false],"landscape":["https:\/\/habitatdominicana.org\/wp-content\/uploads\/2025\/09\/memoria-anual.jpg",932,447,false],"portraits":["https:\/\/habitatdominicana.org\/wp-content\/uploads\/2025\/09\/memoria-anual.jpg",932,447,false],"thumbnail":["https:\/\/habitatdominicana.org\/wp-content\/uploads\/2025\/09\/memoria-anual-150x150.jpg",150,150,true],"medium":["https:\/\/habitatdominicana.org\/wp-content\/uploads\/2025\/09\/memoria-anual-300x144.jpg",300,144,true],"large":["https:\/\/habitatdominicana.org\/wp-content\/uploads\/2025\/09\/memoria-anual.jpg",860,412,false],"1536x1536":["https:\/\/habitatdominicana.org\/wp-content\/uploads\/2025\/09\/memoria-anual.jpg",932,447,false],"2048x2048":["https:\/\/habitatdominicana.org\/wp-content\/uploads\/2025\/09\/memoria-anual.jpg",932,447,false],"widget-thumbnail":["https:\/\/habitatdominicana.org\/wp-content\/uploads\/2025\/09\/memoria-anual-75x75.jpg",75,75,true],"small-header":["https:\/\/habitatdominicana.org\/wp-content\/uploads\/2025\/09\/memoria-anual-932x220.jpg",932,220,true],"small-event":["https:\/\/habitatdominicana.org\/wp-content\/uploads\/2025\/09\/memoria-anual-100x85.jpg",100,85,true],"medium-event":["https:\/\/habitatdominicana.org\/wp-content\/uploads\/2025\/09\/memoria-anual-270x150.jpg",270,150,true],"large-event":["https:\/\/habitatdominicana.org\/wp-content\/uploads\/2025\/09\/memoria-anual-770x330.jpg",770,330,true],"large-event-2":["https:\/\/habitatdominicana.org\/wp-content\/uploads\/2025\/09\/memoria-anual-540x440.jpg",540,440,true],"document-thumb":["https:\/\/habitatdominicana.org\/wp-content\/uploads\/2025\/09\/memoria-anual-400x192.jpg",400,192,true],"gallery-full":["https:\/\/habitatdominicana.org\/wp-content\/uploads\/2025\/09\/memoria-anual.jpg",932,447,false],"gallery-thumb":["https:\/\/habitatdominicana.org\/wp-content\/uploads\/2025\/09\/memoria-anual-540x330.jpg",540,330,true],"cause-medium":["https:\/\/habitatdominicana.org\/wp-content\/uploads\/2025\/09\/memoria-anual-900x447.jpg",900,447,true],"staff-home":["https:\/\/habitatdominicana.org\/wp-content\/uploads\/2025\/09\/memoria-anual-292x248.jpg",292,248,true]},"rttpg_author":{"display_name":"Luc\u00eda Z\u00fa\u00f1iga","author_link":"https:\/\/habitatdominicana.org\/en\/author\/luc1zun1g\/"},"rttpg_comment":0,"rttpg_category":null,"rttpg_excerpt":"The Habitat for Humanity Dominican Republic team strives every day to meet the goal that each person has a decent place to live. The team is led by: Cesarina Fabian, National Director Francis Medina, Programs Manager Yaritza Beltre, Resource Development and Communications Manager, Digna Almonte, Administrative and Financial Manager &nbsp; The members of our boardLeer&hellip;","_links":{"self":[{"href":"https:\/\/habitatdominicana.org\/en\/wp-json\/wp\/v2\/pages\/52","targetHints":{"allow":["GET"]}}],"collection":[{"href":"https:\/\/habitatdominicana.org\/en\/wp-json\/wp\/v2\/pages"}],"about":[{"href":"https:\/\/habitatdominicana.org\/en\/wp-json\/wp\/v2\/types\/page"}],"author":[{"embeddable":true,"href":"https:\/\/habitatdominicana.org\/en\/wp-json\/wp\/v2\/users\/3"}],"replies":[{"embeddable":true,"href":"https:\/\/habitatdominicana.org\/en\/wp-json\/wp\/v2\/comments?post=52"}],"version-history":[{"count":23,"href":"https:\/\/habitatdominicana.org\/en\/wp-json\/wp\/v2\/pages\/52\/revisions"}],"predecessor-version":[{"id":5030,"href":"https:\/\/habitatdominicana.org\/en\/wp-json\/wp\/v2\/pages\/52\/revisions\/5030"}],"wp:featuredmedia":[{"embeddable":true,"href":"https:\/\/habitatdominicana.org\/en\/wp-json\/wp\/v2\/media\/4972"}],"wp:attachment":[{"href":"https:\/\/habitatdominicana.org\/en\/wp-json\/wp\/v2\/media?parent=52"}],"curies":[{"name":"wp","href":"https:\/\/api.w.org\/{rel}","templated":true}]}}