{"id":50,"date":"2016-07-06T22:09:57","date_gmt":"2016-07-06T22:09:57","guid":{"rendered":"http:\/\/www.habitat-tt.org\/?page_id=50"},"modified":"2024-09-04T16:16:31","modified_gmt":"2024-09-04T20:16:31","slug":"donde-trabajamos","status":"publish","type":"page","link":"https:\/\/habitatdominicana.org\/en\/donde-trabajamos\/","title":{"rendered":"Where we work"},"content":{"rendered":"<img loading=\"lazy\" decoding=\"async\" class=\"alignnone wp-image-3676\" src=\"https:\/\/habitatdominicana.org\/wp-content\/uploads\/2016\/07\/Mapa-02-e1661261311477.jpg\" alt=\"\" width=\"756\" height=\"547\" \/><\/p>\n<p><span style=\"font-size: 14pt; color: #c4d600;\"><strong><span class=\"Y2IQFc\" lang=\"en\" style=\"font-family: georgia, palatino, serif;\">Areas where Habitat Dominicana has worked (green)<\/span><\/strong><\/span><\/p>\n<ul style=\"text-align: justify;\">\n<li style=\"text-align: left;\"><span style=\"color: #000000; font-size: 14pt;\"><strong>Monte Cristi\u00a0 \u00a0 \u00a0 \u00a0 \u00a0 \u00a0 \u00a0 \u00a0 \u00a0 \u00a0 \u00a0 \u00a0 \u00a0 \u00a0 \u00a0 \u00a0 \u00a0 \u00a0 \u00a0 \u00a0 \u00a0 \u00a0 \u00a0 \u00a0 \u00a0 \u00a0 \u00a0 \u00a0 \u00a0 \u00a0 \u00a0 \u00a0 \u00a0 \u00a0 \u00a0 \u00a0 \u00a0<\/strong><\/span><\/li>\n<li style=\"text-align: left;\"><span style=\"color: #000000; font-size: 14pt;\"><strong>Puerto Plata\u00a0 \u00a0 \u00a0 \u00a0 \u00a0 \u00a0 \u00a0 \u00a0 \u00a0 \u00a0 \u00a0 \u00a0 \u00a0 \u00a0 \u00a0 \u00a0 \u00a0 \u00a0 \u00a0 \u00a0 \u00a0 \u00a0 \u00a0 \u00a0 \u00a0 \u00a0 \u00a0 \u00a0 \u00a0 \u00a0 \u00a0 \u00a0 \u00a0 \u00a0 \u00a0 \u00a0\u00a0<\/strong><\/span><\/li>\n<li style=\"text-align: left;\"><span style=\"color: #000000; font-size: 14pt;\"><strong>Santiago\u00a0 \u00a0 \u00a0 \u00a0 \u00a0 \u00a0 \u00a0 \u00a0 \u00a0 \u00a0 \u00a0 \u00a0 \u00a0 \u00a0 \u00a0 \u00a0 \u00a0 \u00a0 \u00a0 \u00a0 \u00a0 \u00a0 \u00a0 \u00a0 \u00a0 \u00a0 \u00a0 \u00a0 \u00a0 \u00a0 \u00a0 \u00a0 \u00a0 \u00a0 \u00a0 \u00a0 \u00a0 \u00a0 \u00a0 \u00a0<\/strong><\/span><\/li>\n<li style=\"text-align: left;\"><span style=\"color: #000000; font-size: 14pt;\"><strong>El\u00edas Pi\u00f1a\u00a0 \u00a0 \u00a0 \u00a0 \u00a0 \u00a0 \u00a0 \u00a0 \u00a0 \u00a0 \u00a0 \u00a0 \u00a0 \u00a0 \u00a0 \u00a0 \u00a0 \u00a0 \u00a0 \u00a0 \u00a0 \u00a0 \u00a0 \u00a0 \u00a0 \u00a0 \u00a0 \u00a0 \u00a0 \u00a0 \u00a0 \u00a0 \u00a0 \u00a0 \u00a0 \u00a0 \u00a0 \u00a0<\/strong><\/span><\/li>\n<li style=\"text-align: left;\"><span style=\"color: #000000; font-size: 14pt;\"><strong>Independencia\u00a0 \u00a0 \u00a0 \u00a0 \u00a0 \u00a0 \u00a0 \u00a0 \u00a0 \u00a0 \u00a0 \u00a0 \u00a0 \u00a0 \u00a0 \u00a0 \u00a0 \u00a0 \u00a0 \u00a0 \u00a0 \u00a0 \u00a0 \u00a0 \u00a0 \u00a0 \u00a0 \u00a0 \u00a0 \u00a0 \u00a0 \u00a0 \u00a0\u00a0<\/strong><\/span><\/li>\n<li style=\"text-align: left;\"><span style=\"color: #000000; font-size: 14pt;\"><strong>Bahoruco\u00a0 \u00a0 \u00a0 \u00a0 \u00a0 \u00a0 \u00a0 \u00a0 \u00a0 \u00a0 \u00a0 \u00a0 \u00a0 \u00a0 \u00a0 \u00a0 \u00a0 \u00a0 \u00a0 \u00a0 \u00a0 \u00a0 \u00a0 \u00a0 \u00a0 \u00a0 \u00a0 \u00a0 \u00a0 \u00a0 \u00a0 \u00a0 \u00a0 \u00a0 \u00a0<\/strong><\/span><\/li>\n<li style=\"text-align: left;\"><span style=\"color: #000000; font-size: 14pt;\"><strong>Barahona<\/strong><\/span><\/li>\n<li style=\"text-align: left;\"><span style=\"color: #000000; font-size: 14pt;\"><strong>Saman\u00e1<\/strong><\/span><\/li>\n<li style=\"text-align: left;\"><span style=\"color: #000000; font-size: 14pt;\"><strong>Duarte<\/strong><\/span><\/li>\n<li style=\"text-align: left;\"><span style=\"color: #000000; font-size: 14pt;\"><strong>Hato Mayor<\/strong><\/span><\/li>\n<li style=\"text-align: left;\"><span style=\"color: #000000;\"><strong><span style=\"font-size: 14pt;\">El Seib<\/span>o<\/strong><\/span><\/li>\n<\/ul>\n<pre id=\"tw-target-text\" class=\"tw-data-text tw-text-large tw-ta\" dir=\"ltr\" data-placeholder=\"Traducci\u00f3n\"><span style=\"color: #00afd7;\"><strong><span class=\"Y2IQFc\" lang=\"en\" style=\"font-size: 14pt; font-family: georgia, palatino, serif;\">Areas where Habitat Dominicana currently works (blue)<\/span><\/strong><\/span><\/pre>\n<ul>\n<li style=\"text-align: left;\"><span style=\"color: #000000; font-size: 14pt;\"><strong>San Juan\u00a0 \u00a0 \u00a0 \u00a0 \u00a0 \u00a0 \u00a0 \u00a0 \u00a0 \u00a0 \u00a0 \u00a0 \u00a0<\/strong><\/span><\/li>\n<li style=\"text-align: left;\"><span style=\"color: #000000; font-size: 14pt;\"><strong> Azua<\/strong><\/span><\/li>\n<li style=\"text-align: left;\"><span style=\"color: #000000; font-size: 14pt;\"><strong> La Romana<\/strong><\/span><\/li>\n<li style=\"text-align: left;\"><span style=\"color: #000000; font-size: 14pt;\"><strong>San Crist\u00f3bal<\/strong><\/span><\/li>\n<li style=\"text-align: left;\"><span style=\"color: #000000; font-size: 14pt;\"><strong>Santo Domingo<\/strong><\/span><\/li>\n<li style=\"text-align: left;\"><span style=\"color: #000000; font-size: 14pt;\"><strong>San Pedro de Macor\u00eds<\/strong><\/span><\/li>\n<\/ul>\n<p><span style=\"font-size: 12pt;\">We are currently working national office of Habitat for Humanity Dominican Republic is located in PIDAGRO Street # 58, El Millon, Santo Domingo.<\/span><\/p>\n<p>&nbsp;","protected":false},"excerpt":{"rendered":"<p>Areas where Habitat Dominicana has worked (green) Monte Cristi\u00a0 \u00a0 \u00a0 \u00a0 \u00a0 \u00a0 \u00a0 \u00a0 \u00a0 \u00a0 \u00a0 \u00a0 \u00a0 \u00a0 \u00a0 \u00a0 \u00a0 \u00a0 \u00a0 \u00a0 \u00a0 \u00a0 \u00a0 \u00a0 \u00a0 \u00a0 \u00a0 \u00a0 \u00a0 \u00a0 \u00a0 \u00a0 \u00a0 \u00a0 \u00a0 \u00a0 \u00a0 Puerto Plata\u00a0 \u00a0 \u00a0 \u00a0 \u00a0 \u00a0 \u00a0 \u00a0 \u00a0<\/p>\n<div class=\"post-actions\"><a class=\"button small\" href=\"https:\/\/habitatdominicana.org\/en\/donde-trabajamos\/\">Leer M\u00e1s<\/a><\/div>\n","protected":false},"author":3,"featured_media":3720,"parent":0,"menu_order":0,"comment_status":"closed","ping_status":"closed","template":"","meta":{"_acf_changed":false,"om_disable_all_campaigns":false,"_exactmetrics_skip_tracking":false,"_exactmetrics_sitenote_active":false,"_exactmetrics_sitenote_note":"","_exactmetrics_sitenote_category":0,"_monsterinsights_skip_tracking":false,"_monsterinsights_sitenote_active":false,"_monsterinsights_sitenote_note":"","_monsterinsights_sitenote_category":0,"_uf_show_specific_survey":0,"_uf_disable_surveys":false,"footnotes":""},"class_list":["post-50","page","type-page","status-publish","has-post-thumbnail","hentry"],"acf":[],"aioseo_notices":[],"rttpg_featured_image_url":{"full":["https:\/\/habitatdominicana.org\/wp-content\/uploads\/2022\/08\/merece-un-lugar-digno-para-vivir.-1.png",2050,780,false],"landscape":["https:\/\/habitatdominicana.org\/wp-content\/uploads\/2022\/08\/merece-un-lugar-digno-para-vivir.-1.png",2050,780,false],"portraits":["https:\/\/habitatdominicana.org\/wp-content\/uploads\/2022\/08\/merece-un-lugar-digno-para-vivir.-1.png",2050,780,false],"thumbnail":["https:\/\/habitatdominicana.org\/wp-content\/uploads\/2022\/08\/merece-un-lugar-digno-para-vivir.-1-150x150.png",150,150,true],"medium":["https:\/\/habitatdominicana.org\/wp-content\/uploads\/2022\/08\/merece-un-lugar-digno-para-vivir.-1-300x114.png",300,114,true],"large":["https:\/\/habitatdominicana.org\/wp-content\/uploads\/2022\/08\/merece-un-lugar-digno-para-vivir.-1-1024x390.png",860,328,true],"1536x1536":["https:\/\/habitatdominicana.org\/wp-content\/uploads\/2022\/08\/merece-un-lugar-digno-para-vivir.-1-1536x584.png",1536,584,true],"2048x2048":["https:\/\/habitatdominicana.org\/wp-content\/uploads\/2022\/08\/merece-un-lugar-digno-para-vivir.-1-2048x779.png",2048,779,true],"widget-thumbnail":["https:\/\/habitatdominicana.org\/wp-content\/uploads\/2022\/08\/merece-un-lugar-digno-para-vivir.-1-75x75.png",75,75,true],"small-header":["https:\/\/habitatdominicana.org\/wp-content\/uploads\/2022\/08\/merece-un-lugar-digno-para-vivir.-1-1800x220.png",1800,220,true],"small-event":["https:\/\/habitatdominicana.org\/wp-content\/uploads\/2022\/08\/merece-un-lugar-digno-para-vivir.-1-100x85.png",100,85,true],"medium-event":["https:\/\/habitatdominicana.org\/wp-content\/uploads\/2022\/08\/merece-un-lugar-digno-para-vivir.-1-270x150.png",270,150,true],"large-event":["https:\/\/habitatdominicana.org\/wp-content\/uploads\/2022\/08\/merece-un-lugar-digno-para-vivir.-1-770x330.png",770,330,true],"large-event-2":["https:\/\/habitatdominicana.org\/wp-content\/uploads\/2022\/08\/merece-un-lugar-digno-para-vivir.-1-540x440.png",540,440,true],"document-thumb":["https:\/\/habitatdominicana.org\/wp-content\/uploads\/2022\/08\/merece-un-lugar-digno-para-vivir.-1-400x152.png",400,152,true],"gallery-full":["https:\/\/habitatdominicana.org\/wp-content\/uploads\/2022\/08\/merece-un-lugar-digno-para-vivir.-1-1660x780.png",1660,780,true],"gallery-thumb":["https:\/\/habitatdominicana.org\/wp-content\/uploads\/2022\/08\/merece-un-lugar-digno-para-vivir.-1-540x330.png",540,330,true],"cause-medium":["https:\/\/habitatdominicana.org\/wp-content\/uploads\/2022\/08\/merece-un-lugar-digno-para-vivir.-1-900x525.png",900,525,true],"staff-home":["https:\/\/habitatdominicana.org\/wp-content\/uploads\/2022\/08\/merece-un-lugar-digno-para-vivir.-1-292x248.png",292,248,true]},"rttpg_author":{"display_name":"Luc\u00eda Z\u00fa\u00f1iga","author_link":"https:\/\/habitatdominicana.org\/en\/author\/luc1zun1g\/"},"rttpg_comment":0,"rttpg_category":null,"rttpg_excerpt":"Areas where Habitat Dominicana has worked (green) Monte Cristi\u00a0 \u00a0 \u00a0 \u00a0 \u00a0 \u00a0 \u00a0 \u00a0 \u00a0 \u00a0 \u00a0 \u00a0 \u00a0 \u00a0 \u00a0 \u00a0 \u00a0 \u00a0 \u00a0 \u00a0 \u00a0 \u00a0 \u00a0 \u00a0 \u00a0 \u00a0 \u00a0 \u00a0 \u00a0 \u00a0 \u00a0 \u00a0 \u00a0 \u00a0 \u00a0 \u00a0 \u00a0 Puerto Plata\u00a0 \u00a0 \u00a0 \u00a0 \u00a0 \u00a0 \u00a0 \u00a0 \u00a0Leer&hellip;","_links":{"self":[{"href":"https:\/\/habitatdominicana.org\/en\/wp-json\/wp\/v2\/pages\/50","targetHints":{"allow":["GET"]}}],"collection":[{"href":"https:\/\/habitatdominicana.org\/en\/wp-json\/wp\/v2\/pages"}],"about":[{"href":"https:\/\/habitatdominicana.org\/en\/wp-json\/wp\/v2\/types\/page"}],"author":[{"embeddable":true,"href":"https:\/\/habitatdominicana.org\/en\/wp-json\/wp\/v2\/users\/3"}],"replies":[{"embeddable":true,"href":"https:\/\/habitatdominicana.org\/en\/wp-json\/wp\/v2\/comments?post=50"}],"version-history":[{"count":22,"href":"https:\/\/habitatdominicana.org\/en\/wp-json\/wp\/v2\/pages\/50\/revisions"}],"predecessor-version":[{"id":4698,"href":"https:\/\/habitatdominicana.org\/en\/wp-json\/wp\/v2\/pages\/50\/revisions\/4698"}],"wp:featuredmedia":[{"embeddable":true,"href":"https:\/\/habitatdominicana.org\/en\/wp-json\/wp\/v2\/media\/3720"}],"wp:attachment":[{"href":"https:\/\/habitatdominicana.org\/en\/wp-json\/wp\/v2\/media?parent=50"}],"curies":[{"name":"wp","href":"https:\/\/api.w.org\/{rel}","templated":true}]}}