{"id":48,"date":"2016-07-06T22:09:48","date_gmt":"2016-07-06T22:09:48","guid":{"rendered":"http:\/\/www.habitat-tt.org\/?page_id=48"},"modified":"2024-05-08T10:06:13","modified_gmt":"2024-05-08T14:06:13","slug":"nuestra-intervencion","status":"publish","type":"page","link":"https:\/\/habitatdominicana.org\/en\/nuestra-intervencion\/","title":{"rendered":"Our intervention"},"content":{"rendered":"<p id=\"tw-target-text\" class=\"tw-data-text tw-text-large tw-ta\" dir=\"ltr\" data-placeholder=\"Traducci\u00f3n\"><span class=\"Y2IQFc\" lang=\"en\" style=\"font-family: georgia, palatino, serif; font-size: 12pt;\"><span style=\"font-size: 14pt;\">Habitat for Humanity Dominican Republic has 36 years of service, together we have changed the lives of 196,455 Dominicans who now have a place to liv<\/span>e. <\/span><\/p>\n<p id=\"tw-target-text\" class=\"tw-data-text tw-text-large tw-ta\" dir=\"ltr\" data-placeholder=\"Traducci\u00f3n\"><span class=\"Y2IQFc\" lang=\"en\" style=\"font-size: 14pt; font-family: georgia, palatino, serif;\"> The non-profit organization arrived in the Dominican Republic in 1986, with the purpose of supporting low-income families through access to financial credit, risk management actions and adding a voice to support affordable housing, from the date made completed 39,289 housing solutions.<\/span><\/p>\n<p><img loading=\"lazy\" decoding=\"async\" class=\"aligncenter wp-image-3796 size-full\" src=\"https:\/\/habitatdominicana.org\/wp-content\/uploads\/2022\/08\/vivienda-5.png\" alt=\"\" width=\"1350\" height=\"650\" srcset=\"https:\/\/habitatdominicana.org\/wp-content\/uploads\/2022\/08\/vivienda-5.png 1350w, https:\/\/habitatdominicana.org\/wp-content\/uploads\/2022\/08\/vivienda-5-300x144.png 300w, https:\/\/habitatdominicana.org\/wp-content\/uploads\/2022\/08\/vivienda-5-1024x493.png 1024w, https:\/\/habitatdominicana.org\/wp-content\/uploads\/2022\/08\/vivienda-5-768x370.png 768w, https:\/\/habitatdominicana.org\/wp-content\/uploads\/2022\/08\/vivienda-5-400x193.png 400w\" sizes=\"auto, (max-width: 1350px) 100vw, 1350px\" \/><\/p>\n<p><img loading=\"lazy\" decoding=\"async\" class=\"alignnone size-full wp-image-3740\" src=\"https:\/\/habitatdominicana.org\/wp-content\/uploads\/2022\/08\/Recurso-29@4x-1.png\" alt=\"\" width=\"1615\" height=\"241\" srcset=\"https:\/\/habitatdominicana.org\/wp-content\/uploads\/2022\/08\/Recurso-29@4x-1.png 1615w, https:\/\/habitatdominicana.org\/wp-content\/uploads\/2022\/08\/Recurso-29@4x-1-300x45.png 300w, https:\/\/habitatdominicana.org\/wp-content\/uploads\/2022\/08\/Recurso-29@4x-1-1024x153.png 1024w, https:\/\/habitatdominicana.org\/wp-content\/uploads\/2022\/08\/Recurso-29@4x-1-768x115.png 768w, https:\/\/habitatdominicana.org\/wp-content\/uploads\/2022\/08\/Recurso-29@4x-1-1536x229.png 1536w, https:\/\/habitatdominicana.org\/wp-content\/uploads\/2022\/08\/Recurso-29@4x-1-400x60.png 400w\" sizes=\"auto, (max-width: 1615px) 100vw, 1615px\" \/>","protected":false},"excerpt":{"rendered":"<p>Habitat for Humanity Dominican Republic has 36 years of service, together we have changed the lives of 196,455 Dominicans who now have a place to live. The non-profit organization arrived in the Dominican Republic in 1986, with the purpose of supporting low-income families through access to financial credit, risk management actions and adding a voice<\/p>\n<div class=\"post-actions\"><a class=\"button small\" href=\"https:\/\/habitatdominicana.org\/en\/nuestra-intervencion\/\">Leer M\u00e1s<\/a><\/div>\n","protected":false},"author":3,"featured_media":4592,"parent":0,"menu_order":0,"comment_status":"closed","ping_status":"closed","template":"","meta":{"_acf_changed":false,"om_disable_all_campaigns":false,"_exactmetrics_skip_tracking":false,"_exactmetrics_sitenote_active":false,"_exactmetrics_sitenote_note":"","_exactmetrics_sitenote_category":0,"_monsterinsights_skip_tracking":false,"_monsterinsights_sitenote_active":false,"_monsterinsights_sitenote_note":"","_monsterinsights_sitenote_category":0,"_uf_show_specific_survey":0,"_uf_disable_surveys":false,"footnotes":""},"class_list":["post-48","page","type-page","status-publish","has-post-thumbnail","hentry"],"acf":[],"aioseo_notices":[],"rttpg_featured_image_url":{"full":["https:\/\/habitatdominicana.org\/wp-content\/uploads\/2024\/05\/NUESTRA-INTERVENCION-HOME-PAGE__.png",932,447,false],"landscape":["https:\/\/habitatdominicana.org\/wp-content\/uploads\/2024\/05\/NUESTRA-INTERVENCION-HOME-PAGE__.png",932,447,false],"portraits":["https:\/\/habitatdominicana.org\/wp-content\/uploads\/2024\/05\/NUESTRA-INTERVENCION-HOME-PAGE__.png",932,447,false],"thumbnail":["https:\/\/habitatdominicana.org\/wp-content\/uploads\/2024\/05\/NUESTRA-INTERVENCION-HOME-PAGE__-150x150.png",150,150,true],"medium":["https:\/\/habitatdominicana.org\/wp-content\/uploads\/2024\/05\/NUESTRA-INTERVENCION-HOME-PAGE__-300x144.png",300,144,true],"large":["https:\/\/habitatdominicana.org\/wp-content\/uploads\/2024\/05\/NUESTRA-INTERVENCION-HOME-PAGE__.png",860,412,false],"1536x1536":["https:\/\/habitatdominicana.org\/wp-content\/uploads\/2024\/05\/NUESTRA-INTERVENCION-HOME-PAGE__.png",932,447,false],"2048x2048":["https:\/\/habitatdominicana.org\/wp-content\/uploads\/2024\/05\/NUESTRA-INTERVENCION-HOME-PAGE__.png",932,447,false],"widget-thumbnail":["https:\/\/habitatdominicana.org\/wp-content\/uploads\/2024\/05\/NUESTRA-INTERVENCION-HOME-PAGE__-75x75.png",75,75,true],"small-header":["https:\/\/habitatdominicana.org\/wp-content\/uploads\/2024\/05\/NUESTRA-INTERVENCION-HOME-PAGE__-932x220.png",932,220,true],"small-event":["https:\/\/habitatdominicana.org\/wp-content\/uploads\/2024\/05\/NUESTRA-INTERVENCION-HOME-PAGE__-100x85.png",100,85,true],"medium-event":["https:\/\/habitatdominicana.org\/wp-content\/uploads\/2024\/05\/NUESTRA-INTERVENCION-HOME-PAGE__-270x150.png",270,150,true],"large-event":["https:\/\/habitatdominicana.org\/wp-content\/uploads\/2024\/05\/NUESTRA-INTERVENCION-HOME-PAGE__-770x330.png",770,330,true],"large-event-2":["https:\/\/habitatdominicana.org\/wp-content\/uploads\/2024\/05\/NUESTRA-INTERVENCION-HOME-PAGE__-540x440.png",540,440,true],"document-thumb":["https:\/\/habitatdominicana.org\/wp-content\/uploads\/2024\/05\/NUESTRA-INTERVENCION-HOME-PAGE__-400x192.png",400,192,true],"gallery-full":["https:\/\/habitatdominicana.org\/wp-content\/uploads\/2024\/05\/NUESTRA-INTERVENCION-HOME-PAGE__.png",932,447,false],"gallery-thumb":["https:\/\/habitatdominicana.org\/wp-content\/uploads\/2024\/05\/NUESTRA-INTERVENCION-HOME-PAGE__-540x330.png",540,330,true],"cause-medium":["https:\/\/habitatdominicana.org\/wp-content\/uploads\/2024\/05\/NUESTRA-INTERVENCION-HOME-PAGE__-900x447.png",900,447,true],"staff-home":["https:\/\/habitatdominicana.org\/wp-content\/uploads\/2024\/05\/NUESTRA-INTERVENCION-HOME-PAGE__-292x248.png",292,248,true]},"rttpg_author":{"display_name":"Luc\u00eda Z\u00fa\u00f1iga","author_link":"https:\/\/habitatdominicana.org\/en\/author\/luc1zun1g\/"},"rttpg_comment":0,"rttpg_category":null,"rttpg_excerpt":"Habitat for Humanity Dominican Republic has 36 years of service, together we have changed the lives of 196,455 Dominicans who now have a place to live. The non-profit organization arrived in the Dominican Republic in 1986, with the purpose of supporting low-income families through access to financial credit, risk management actions and adding a voiceLeer&hellip;","_links":{"self":[{"href":"https:\/\/habitatdominicana.org\/en\/wp-json\/wp\/v2\/pages\/48","targetHints":{"allow":["GET"]}}],"collection":[{"href":"https:\/\/habitatdominicana.org\/en\/wp-json\/wp\/v2\/pages"}],"about":[{"href":"https:\/\/habitatdominicana.org\/en\/wp-json\/wp\/v2\/types\/page"}],"author":[{"embeddable":true,"href":"https:\/\/habitatdominicana.org\/en\/wp-json\/wp\/v2\/users\/3"}],"replies":[{"embeddable":true,"href":"https:\/\/habitatdominicana.org\/en\/wp-json\/wp\/v2\/comments?post=48"}],"version-history":[{"count":9,"href":"https:\/\/habitatdominicana.org\/en\/wp-json\/wp\/v2\/pages\/48\/revisions"}],"predecessor-version":[{"id":4590,"href":"https:\/\/habitatdominicana.org\/en\/wp-json\/wp\/v2\/pages\/48\/revisions\/4590"}],"wp:featuredmedia":[{"embeddable":true,"href":"https:\/\/habitatdominicana.org\/en\/wp-json\/wp\/v2\/media\/4592"}],"wp:attachment":[{"href":"https:\/\/habitatdominicana.org\/en\/wp-json\/wp\/v2\/media?parent=48"}],"curies":[{"name":"wp","href":"https:\/\/api.w.org\/{rel}","templated":true}]}}