{"id":46,"date":"2016-07-06T22:09:09","date_gmt":"2016-07-06T22:09:09","guid":{"rendered":"http:\/\/www.habitat-tt.org\/?page_id=46"},"modified":"2022-08-24T10:32:52","modified_gmt":"2022-08-24T14:32:52","slug":"problema-vivienda-inadecuada","status":"publish","type":"page","link":"https:\/\/habitatdominicana.org\/en\/problema-vivienda-inadecuada\/","title":{"rendered":"Decent housing problem"},"content":{"rendered":"<p style=\"text-align: left;\"><span style=\"font-size: 14pt;\">The report on &#8220;Social Policies: capacities and rights&#8221; indicates that the housing deficit in the Dominican Republic exceeds 1,200,000 housing units.\u00a0This deficit, about 60% is qualitative.<\/span><\/p>\n<p style=\"text-align: left;\"><span style=\"font-size: 14pt;\">\u00a0The qualitative housing deficit, ie the amount of inadequate housing is greater than the shortfall of housing (quantitative deficit) in the Dominican Republic.<\/span><\/p>\n<p style=\"text-align: left;\"><span style=\"font-size: 14pt;\">The deficit is growing annually by an average of 50,000 to 60,000 homes per year.<\/span><\/p>\n<p><img loading=\"lazy\" decoding=\"async\" class=\" wp-image-3715 aligncenter\" src=\"https:\/\/habitatdominicana.org\/wp-content\/uploads\/2022\/08\/Recurso-50@4x-1-267x300.png\" alt=\"\" width=\"396\" height=\"445\" srcset=\"https:\/\/habitatdominicana.org\/wp-content\/uploads\/2022\/08\/Recurso-50@4x-1-267x300.png 267w, https:\/\/habitatdominicana.org\/wp-content\/uploads\/2022\/08\/Recurso-50@4x-1.png 360w\" sizes=\"auto, (max-width: 396px) 100vw, 396px\" \/><\/p>\n<div>\n<div>\n<div><\/div>\n<\/div>\n<\/div>","protected":false},"excerpt":{"rendered":"<p>The report on &#8220;Social Policies: capacities and rights&#8221; indicates that the housing deficit in the Dominican Republic exceeds 1,200,000 housing units.\u00a0This deficit, about 60% is qualitative. \u00a0The qualitative housing deficit, ie the amount of inadequate housing is greater than the shortfall of housing (quantitative deficit) in the Dominican Republic. The deficit is growing annually by<\/p>\n<div class=\"post-actions\"><a class=\"button small\" href=\"https:\/\/habitatdominicana.org\/en\/problema-vivienda-inadecuada\/\">Leer M\u00e1s<\/a><\/div>\n","protected":false},"author":3,"featured_media":3015,"parent":0,"menu_order":0,"comment_status":"closed","ping_status":"closed","template":"","meta":{"_acf_changed":false,"om_disable_all_campaigns":false,"_exactmetrics_skip_tracking":false,"_exactmetrics_sitenote_active":false,"_exactmetrics_sitenote_note":"","_exactmetrics_sitenote_category":0,"_monsterinsights_skip_tracking":false,"_monsterinsights_sitenote_active":false,"_monsterinsights_sitenote_note":"","_monsterinsights_sitenote_category":0,"_uf_show_specific_survey":0,"_uf_disable_surveys":false,"footnotes":""},"class_list":["post-46","page","type-page","status-publish","has-post-thumbnail","hentry"],"acf":[],"aioseo_notices":[],"rttpg_featured_image_url":{"full":["https:\/\/habitatdominicana.org\/wp-content\/uploads\/2020\/04\/Qu\u00e9-se-debe-tener-en-cuenta-para-tener-una-casa-y-un-ambiente-adecuado.jpg.png",1920,800,false],"landscape":["https:\/\/habitatdominicana.org\/wp-content\/uploads\/2020\/04\/Qu\u00e9-se-debe-tener-en-cuenta-para-tener-una-casa-y-un-ambiente-adecuado.jpg.png",1920,800,false],"portraits":["https:\/\/habitatdominicana.org\/wp-content\/uploads\/2020\/04\/Qu\u00e9-se-debe-tener-en-cuenta-para-tener-una-casa-y-un-ambiente-adecuado.jpg.png",1920,800,false],"thumbnail":["https:\/\/habitatdominicana.org\/wp-content\/uploads\/2020\/04\/Qu\u00e9-se-debe-tener-en-cuenta-para-tener-una-casa-y-un-ambiente-adecuado.jpg-150x150.png",150,150,true],"medium":["https:\/\/habitatdominicana.org\/wp-content\/uploads\/2020\/04\/Qu\u00e9-se-debe-tener-en-cuenta-para-tener-una-casa-y-un-ambiente-adecuado.jpg-300x125.png",300,125,true],"large":["https:\/\/habitatdominicana.org\/wp-content\/uploads\/2020\/04\/Qu\u00e9-se-debe-tener-en-cuenta-para-tener-una-casa-y-un-ambiente-adecuado.jpg-1024x427.png",860,359,true],"1536x1536":["https:\/\/habitatdominicana.org\/wp-content\/uploads\/2020\/04\/Qu\u00e9-se-debe-tener-en-cuenta-para-tener-una-casa-y-un-ambiente-adecuado.jpg-1536x640.png",1536,640,true],"2048x2048":["https:\/\/habitatdominicana.org\/wp-content\/uploads\/2020\/04\/Qu\u00e9-se-debe-tener-en-cuenta-para-tener-una-casa-y-un-ambiente-adecuado.jpg.png",1920,800,false],"widget-thumbnail":["https:\/\/habitatdominicana.org\/wp-content\/uploads\/2020\/04\/Qu\u00e9-se-debe-tener-en-cuenta-para-tener-una-casa-y-un-ambiente-adecuado.jpg.png",75,31,false],"small-header":["https:\/\/habitatdominicana.org\/wp-content\/uploads\/2020\/04\/Qu\u00e9-se-debe-tener-en-cuenta-para-tener-una-casa-y-un-ambiente-adecuado.jpg-1800x220.png",1800,220,true],"small-event":["https:\/\/habitatdominicana.org\/wp-content\/uploads\/2020\/04\/Qu\u00e9-se-debe-tener-en-cuenta-para-tener-una-casa-y-un-ambiente-adecuado.jpg-100x85.png",100,85,true],"medium-event":["https:\/\/habitatdominicana.org\/wp-content\/uploads\/2020\/04\/Qu\u00e9-se-debe-tener-en-cuenta-para-tener-una-casa-y-un-ambiente-adecuado.jpg-270x150.png",270,150,true],"large-event":["https:\/\/habitatdominicana.org\/wp-content\/uploads\/2020\/04\/Qu\u00e9-se-debe-tener-en-cuenta-para-tener-una-casa-y-un-ambiente-adecuado.jpg-770x330.png",770,330,true],"large-event-2":["https:\/\/habitatdominicana.org\/wp-content\/uploads\/2020\/04\/Qu\u00e9-se-debe-tener-en-cuenta-para-tener-una-casa-y-un-ambiente-adecuado.jpg-540x440.png",540,440,true],"document-thumb":["https:\/\/habitatdominicana.org\/wp-content\/uploads\/2020\/04\/Qu\u00e9-se-debe-tener-en-cuenta-para-tener-una-casa-y-un-ambiente-adecuado.jpg-400x167.png",400,167,true],"gallery-full":["https:\/\/habitatdominicana.org\/wp-content\/uploads\/2020\/04\/Qu\u00e9-se-debe-tener-en-cuenta-para-tener-una-casa-y-un-ambiente-adecuado.jpg-1660x800.png",1660,800,true],"gallery-thumb":["https:\/\/habitatdominicana.org\/wp-content\/uploads\/2020\/04\/Qu\u00e9-se-debe-tener-en-cuenta-para-tener-una-casa-y-un-ambiente-adecuado.jpg-540x330.png",540,330,true],"cause-medium":["https:\/\/habitatdominicana.org\/wp-content\/uploads\/2020\/04\/Qu\u00e9-se-debe-tener-en-cuenta-para-tener-una-casa-y-un-ambiente-adecuado.jpg-900x525.png",900,525,true],"staff-home":["https:\/\/habitatdominicana.org\/wp-content\/uploads\/2020\/04\/Qu\u00e9-se-debe-tener-en-cuenta-para-tener-una-casa-y-un-ambiente-adecuado.jpg-292x248.png",292,248,true]},"rttpg_author":{"display_name":"Luc\u00eda Z\u00fa\u00f1iga","author_link":"https:\/\/habitatdominicana.org\/en\/author\/luc1zun1g\/"},"rttpg_comment":0,"rttpg_category":null,"rttpg_excerpt":"The report on &#8220;Social Policies: capacities and rights&#8221; indicates that the housing deficit in the Dominican Republic exceeds 1,200,000 housing units.\u00a0This deficit, about 60% is qualitative. \u00a0The qualitative housing deficit, ie the amount of inadequate housing is greater than the shortfall of housing (quantitative deficit) in the Dominican Republic. The deficit is growing annually byLeer&hellip;","_links":{"self":[{"href":"https:\/\/habitatdominicana.org\/en\/wp-json\/wp\/v2\/pages\/46","targetHints":{"allow":["GET"]}}],"collection":[{"href":"https:\/\/habitatdominicana.org\/en\/wp-json\/wp\/v2\/pages"}],"about":[{"href":"https:\/\/habitatdominicana.org\/en\/wp-json\/wp\/v2\/types\/page"}],"author":[{"embeddable":true,"href":"https:\/\/habitatdominicana.org\/en\/wp-json\/wp\/v2\/users\/3"}],"replies":[{"embeddable":true,"href":"https:\/\/habitatdominicana.org\/en\/wp-json\/wp\/v2\/comments?post=46"}],"version-history":[{"count":12,"href":"https:\/\/habitatdominicana.org\/en\/wp-json\/wp\/v2\/pages\/46\/revisions"}],"predecessor-version":[{"id":3761,"href":"https:\/\/habitatdominicana.org\/en\/wp-json\/wp\/v2\/pages\/46\/revisions\/3761"}],"wp:featuredmedia":[{"embeddable":true,"href":"https:\/\/habitatdominicana.org\/en\/wp-json\/wp\/v2\/media\/3015"}],"wp:attachment":[{"href":"https:\/\/habitatdominicana.org\/en\/wp-json\/wp\/v2\/media?parent=46"}],"curies":[{"name":"wp","href":"https:\/\/api.w.org\/{rel}","templated":true}]}}