{"id":44,"date":"2016-07-06T22:08:46","date_gmt":"2016-07-07T02:08:46","guid":{"rendered":"http:\/\/www.habitat-tt.org\/?page_id=44"},"modified":"2025-01-13T10:28:25","modified_gmt":"2025-01-13T14:28:25","slug":"habitat-para-la-humanidad","status":"publish","type":"page","link":"https:\/\/habitatdominicana.org\/en\/habitat-para-la-humanidad\/","title":{"rendered":"Habitat for Humanity"},"content":{"rendered":"<span style=\"font-size: 14pt;\">Habitat for Humanity began its work in 1976 as a grassroots movement on a community farm in South Georgia, USA. The Christian housing organization has since grown to become a leading global nonprofit working in local communities, in more than 50 states in the US, and around 70 countries around the world.<\/span><\/p>\n<p><span style=\"font-size: 14pt;\">The organization arrived in the Dominican Republic in 1986, for 36 years we have served 196,455 families, carrying out 39,289 housing solutions and collaborating with the construction or improvement of their homes through a financial loan tailored to their needs or through the collaboration of solidarity hearts that donate to the cause.<\/span><\/p>\n<p><span style=\"font-size: 14pt;\">With our help thousands of people have achieved<span style=\"color: #00afd7;\"> <strong>the strength, stability and self-sufficiency<\/strong><\/span> they need to build a better life.<\/span><\/p>\n<pre id=\"tw-target-text\" class=\"tw-data-text tw-text-large tw-ta\" dir=\"ltr\" data-placeholder=\"Traducci\u00f3n\"><span style=\"font-family: arial, helvetica, sans-serif;\"><strong><span style=\"color: #00afd7;\"><em><span class=\"Y2IQFc\" lang=\"en\" style=\"font-size: 18pt;\">Each home is the basis for building a better future.<\/span><\/em><\/span><\/strong><\/span><\/pre>\n<div class=\"row grey\" style=\"\"> \n<div class=\"large-6 columns\" style=\"\"> \n<p>&nbsp;<\/p>\n<h2><span class=\"goog-text-highlight\" style=\"color: #00afd7; font-size: 24pt;\">Vision<\/span><\/h2>\n<p><span style=\"font-size: 14pt;\">Everyone deserves a decent place to live.<\/span> <\/div>\n<div class=\"large-6 columns\" style=\"\"> \n<h2><span style=\"font-size: 24pt; color: #00afd7;\">Mission<\/span><\/h2>\n<p><span style=\"font-size: 14pt;\">Call people to build homes, communities and hope and demonstrate God&#8217;s love in action<\/span>. <\/div>\n<div class=\"large-6 columns\" style=\"\"> \n<h2><span style=\"font-size: 24pt; color: #00afd7;\"><strong>Principles<\/strong><\/span><\/h2>\n<ol>\n<li><span style=\"font-size: 14pt;\">Demonstrate the love of Jesus.<\/span><\/li>\n<li><span style=\"font-size: 14pt;\">Focus on shelter.<\/span><\/li>\n<li><span style=\"font-size: 14pt;\">Advocate for affordable housing.<\/span><\/li>\n<li><span style=\"font-size: 14pt;\">Promote dignity and hope.<\/span><\/li>\n<li><span style=\"font-size: 14pt;\">Support sustainable and transformative development<\/span><\/li>\n<\/ol>\n <\/div>\n <\/div>\n<p>&nbsp;<\/p>\n<p><img loading=\"lazy\" decoding=\"async\" class=\"size-large wp-image-3727 aligncenter\" src=\"https:\/\/habitatdominicana.org\/wp-content\/uploads\/2022\/08\/Recurso-99@4x-1024x153.png\" alt=\"\" width=\"860\" height=\"128\" srcset=\"https:\/\/habitatdominicana.org\/wp-content\/uploads\/2022\/08\/Recurso-99@4x-1024x153.png 1024w, https:\/\/habitatdominicana.org\/wp-content\/uploads\/2022\/08\/Recurso-99@4x-300x45.png 300w, https:\/\/habitatdominicana.org\/wp-content\/uploads\/2022\/08\/Recurso-99@4x-768x115.png 768w, https:\/\/habitatdominicana.org\/wp-content\/uploads\/2022\/08\/Recurso-99@4x-1536x229.png 1536w, https:\/\/habitatdominicana.org\/wp-content\/uploads\/2022\/08\/Recurso-99@4x-400x60.png 400w, https:\/\/habitatdominicana.org\/wp-content\/uploads\/2022\/08\/Recurso-99@4x.png 1615w\" sizes=\"auto, (max-width: 860px) 100vw, 860px\" \/>","protected":false},"excerpt":{"rendered":"<p>Habitat for Humanity began its work in 1976 as a grassroots movement on a community farm in South Georgia, USA. The Christian housing organization has since grown to become a leading global nonprofit working in local communities, in more than 50 states in the US, and around 70 countries around the world. The organization arrived<\/p>\n<div class=\"post-actions\"><a class=\"button small\" href=\"https:\/\/habitatdominicana.org\/en\/habitat-para-la-humanidad\/\">Leer M\u00e1s<\/a><\/div>\n","protected":false},"author":3,"featured_media":3704,"parent":0,"menu_order":0,"comment_status":"closed","ping_status":"closed","template":"","meta":{"_acf_changed":false,"om_disable_all_campaigns":false,"_exactmetrics_skip_tracking":false,"_exactmetrics_sitenote_active":false,"_exactmetrics_sitenote_note":"","_exactmetrics_sitenote_category":0,"_monsterinsights_skip_tracking":false,"_monsterinsights_sitenote_active":false,"_monsterinsights_sitenote_note":"","_monsterinsights_sitenote_category":0,"_uf_show_specific_survey":0,"_uf_disable_surveys":false,"footnotes":""},"class_list":["post-44","page","type-page","status-publish","has-post-thumbnail","hentry"],"acf":[],"aioseo_notices":[],"rttpg_featured_image_url":{"full":["https:\/\/habitatdominicana.org\/wp-content\/uploads\/2022\/08\/Diseno-sin-titulo-6.png",2050,780,false],"landscape":["https:\/\/habitatdominicana.org\/wp-content\/uploads\/2022\/08\/Diseno-sin-titulo-6.png",2050,780,false],"portraits":["https:\/\/habitatdominicana.org\/wp-content\/uploads\/2022\/08\/Diseno-sin-titulo-6.png",2050,780,false],"thumbnail":["https:\/\/habitatdominicana.org\/wp-content\/uploads\/2022\/08\/Diseno-sin-titulo-6-150x150.png",150,150,true],"medium":["https:\/\/habitatdominicana.org\/wp-content\/uploads\/2022\/08\/Diseno-sin-titulo-6-300x114.png",300,114,true],"large":["https:\/\/habitatdominicana.org\/wp-content\/uploads\/2022\/08\/Diseno-sin-titulo-6-1024x390.png",860,328,true],"1536x1536":["https:\/\/habitatdominicana.org\/wp-content\/uploads\/2022\/08\/Diseno-sin-titulo-6-1536x584.png",1536,584,true],"2048x2048":["https:\/\/habitatdominicana.org\/wp-content\/uploads\/2022\/08\/Diseno-sin-titulo-6-2048x779.png",2048,779,true],"widget-thumbnail":["https:\/\/habitatdominicana.org\/wp-content\/uploads\/2022\/08\/Diseno-sin-titulo-6-75x75.png",75,75,true],"small-header":["https:\/\/habitatdominicana.org\/wp-content\/uploads\/2022\/08\/Diseno-sin-titulo-6-1800x220.png",1800,220,true],"small-event":["https:\/\/habitatdominicana.org\/wp-content\/uploads\/2022\/08\/Diseno-sin-titulo-6-100x85.png",100,85,true],"medium-event":["https:\/\/habitatdominicana.org\/wp-content\/uploads\/2022\/08\/Diseno-sin-titulo-6-270x150.png",270,150,true],"large-event":["https:\/\/habitatdominicana.org\/wp-content\/uploads\/2022\/08\/Diseno-sin-titulo-6-770x330.png",770,330,true],"large-event-2":["https:\/\/habitatdominicana.org\/wp-content\/uploads\/2022\/08\/Diseno-sin-titulo-6-540x440.png",540,440,true],"document-thumb":["https:\/\/habitatdominicana.org\/wp-content\/uploads\/2022\/08\/Diseno-sin-titulo-6-400x152.png",400,152,true],"gallery-full":["https:\/\/habitatdominicana.org\/wp-content\/uploads\/2022\/08\/Diseno-sin-titulo-6-1660x780.png",1660,780,true],"gallery-thumb":["https:\/\/habitatdominicana.org\/wp-content\/uploads\/2022\/08\/Diseno-sin-titulo-6-540x330.png",540,330,true],"cause-medium":["https:\/\/habitatdominicana.org\/wp-content\/uploads\/2022\/08\/Diseno-sin-titulo-6-900x525.png",900,525,true],"staff-home":["https:\/\/habitatdominicana.org\/wp-content\/uploads\/2022\/08\/Diseno-sin-titulo-6-292x248.png",292,248,true]},"rttpg_author":{"display_name":"Luc\u00eda Z\u00fa\u00f1iga","author_link":"https:\/\/habitatdominicana.org\/en\/author\/luc1zun1g\/"},"rttpg_comment":0,"rttpg_category":null,"rttpg_excerpt":"Habitat for Humanity began its work in 1976 as a grassroots movement on a community farm in South Georgia, USA. The Christian housing organization has since grown to become a leading global nonprofit working in local communities, in more than 50 states in the US, and around 70 countries around the world. The organization arrivedLeer&hellip;","_links":{"self":[{"href":"https:\/\/habitatdominicana.org\/en\/wp-json\/wp\/v2\/pages\/44","targetHints":{"allow":["GET"]}}],"collection":[{"href":"https:\/\/habitatdominicana.org\/en\/wp-json\/wp\/v2\/pages"}],"about":[{"href":"https:\/\/habitatdominicana.org\/en\/wp-json\/wp\/v2\/types\/page"}],"author":[{"embeddable":true,"href":"https:\/\/habitatdominicana.org\/en\/wp-json\/wp\/v2\/users\/3"}],"replies":[{"embeddable":true,"href":"https:\/\/habitatdominicana.org\/en\/wp-json\/wp\/v2\/comments?post=44"}],"version-history":[{"count":26,"href":"https:\/\/habitatdominicana.org\/en\/wp-json\/wp\/v2\/pages\/44\/revisions"}],"predecessor-version":[{"id":4808,"href":"https:\/\/habitatdominicana.org\/en\/wp-json\/wp\/v2\/pages\/44\/revisions\/4808"}],"wp:featuredmedia":[{"embeddable":true,"href":"https:\/\/habitatdominicana.org\/en\/wp-json\/wp\/v2\/media\/3704"}],"wp:attachment":[{"href":"https:\/\/habitatdominicana.org\/en\/wp-json\/wp\/v2\/media?parent=44"}],"curies":[{"name":"wp","href":"https:\/\/api.w.org\/{rel}","templated":true}]}}