{"id":4313,"date":"2023-05-15T02:41:53","date_gmt":"2023-05-15T06:41:53","guid":{"rendered":"https:\/\/habitatdominicana.org\/women-build-republica-dominicana-2022-2-2-2\/"},"modified":"2024-03-13T14:41:17","modified_gmt":"2024-03-13T18:41:17","slug":"women-build-republica-dominicana-2023","status":"publish","type":"page","link":"https:\/\/habitatdominicana.org\/en\/women-build-republica-dominicana-2023\/","title":{"rendered":"Women Build Dominican Rep 2023"},"content":{"rendered":"We offer several housing solutions for families, such as repairs, improvements, complete and prefabricated homes. Through these homes, our families build strength, stability and self-reliance.<\/p>\n<p>Through repairs and improvements, Habitat families can build their dream in a progressive way, according to their possibilities. Families access to professional advice of the team of engineers from Habitat for Humanity Dominican Republic who accompany families in their process.<\/p>\n<p>Are you a family that needs a home solution? Leave us your information in order to contact you.<\/p>\n<p>&nbsp;<\/p>\n<div class=\"rtbs  rtbs_soluciones-habitacionales\"><div class=\"rtbs_slug\" style=\"display:none\">soluciones-habitacionales<\/div><div class=\"rtbs_inactive_tab_background\" style=\"display:none\">transparent<\/div><div class=\"rtbs_breakpoint\" style=\"display:none\">600<\/div><div class=\"rtbs_color\" style=\"display:none\">#385988<\/div>\r\n        <div class=\"rtbs_menu\">\r\n            <ul>\r\n                <li class=\"mobile_toggle\">&zwnj;<\/li><li class=\"current\"><a style=\"background:#385988\" class=\"active soluciones-habitacionales-tab-link-0\" href=\"#\" data-tab=\"#soluciones-habitacionales-tab-0\">Reparaciones y construcci\u00f3n de vivienda<\/a><\/li><li><a href=\"#\" data-tab=\"#soluciones-habitacionales-tab-1\" class=\"soluciones-habitacionales-tab-link-1\">Vivienda completa \/ Vivienda pre- fabricada<\/a><\/li>\r\n            <\/ul>\r\n        <\/div><div style=\"border-top:7px solid #385988;\" id=\"soluciones-habitacionales-tab-0\" class=\"rtbs_content active\"><p>\n<div class=\"wpcf7 no-js\" id=\"wpcf7-f2269-o3\" lang=\"es-ES\" dir=\"ltr\" data-wpcf7-id=\"2269\">\n<div class=\"screen-reader-response\"><p role=\"status\" aria-live=\"polite\" aria-atomic=\"true\"><\/p> <ul><\/ul><\/div>\n<form action=\"\/en\/wp-json\/wp\/v2\/pages\/4313#wpcf7-f2269-o3\" method=\"post\" class=\"wpcf7-form init\" aria-label=\"Formulario de contacto\" novalidate=\"novalidate\" data-status=\"init\">\n<fieldset class=\"hidden-fields-container\"><input type=\"hidden\" name=\"_wpcf7\" value=\"2269\" \/><input type=\"hidden\" name=\"_wpcf7_version\" value=\"6.1.4\" \/><input type=\"hidden\" name=\"_wpcf7_locale\" value=\"es_ES\" \/><input type=\"hidden\" name=\"_wpcf7_unit_tag\" value=\"wpcf7-f2269-o3\" \/><input type=\"hidden\" name=\"_wpcf7_container_post\" value=\"0\" \/><input type=\"hidden\" name=\"_wpcf7_posted_data_hash\" value=\"\" \/><input type=\"hidden\" name=\"_wpcf7cf_hidden_group_fields\" value=\"[]\" \/><input type=\"hidden\" name=\"_wpcf7cf_hidden_groups\" value=\"[]\" \/><input type=\"hidden\" name=\"_wpcf7cf_visible_groups\" value=\"[]\" \/><input type=\"hidden\" name=\"_wpcf7cf_repeaters\" value=\"[]\" \/><input type=\"hidden\" name=\"_wpcf7cf_steps\" value=\"{}\" \/><input type=\"hidden\" name=\"_wpcf7cf_options\" value=\"{&quot;form_id&quot;:2269,&quot;conditions&quot;:[],&quot;settings&quot;:{&quot;animation&quot;:&quot;yes&quot;,&quot;animation_intime&quot;:200,&quot;animation_outtime&quot;:200,&quot;conditions_ui&quot;:&quot;normal&quot;,&quot;notice_dismissed&quot;:false,&quot;notice_dismissed_update-cf7-5.3.2&quot;:true,&quot;notice_dismissed_update-cf7-5.4.1&quot;:true,&quot;notice_dismissed_update-cf7-5.5.6&quot;:true,&quot;notice_dismissed_update-cf7-5.8.3&quot;:true,&quot;notice_dismissed_update-cf7-5.8.6&quot;:true,&quot;notice_dismissed_update-cf7-6.1.4&quot;:true}}\" \/>\n<\/fieldset>\n<style>\n.wpcf7 input[type=\"text\"], .wpcf7 input[type=\"email\"], .wpcf7 input[type=\"password\"], .wpcf7 textarea{\npadding: 0px 19px;}\n<\/style>\n<p><label> Nombre y apellidos (requerido)<span class=\"wpcf7-form-control-wrap\" data-name=\"nombre-completo\"><input size=\"40\" maxlength=\"400\" class=\"wpcf7-form-control wpcf7-text wpcf7-validates-as-required\" aria-required=\"true\" aria-invalid=\"false\" value=\"\" type=\"text\" name=\"nombre-completo\" \/><\/span> <\/label>\n<\/p>\n<p><label> Direcci\u00f3n (requerido)<span class=\"wpcf7-form-control-wrap\" data-name=\"direccion\"><input size=\"40\" maxlength=\"400\" class=\"wpcf7-form-control wpcf7-text wpcf7-validates-as-required\" aria-required=\"true\" aria-invalid=\"false\" value=\"\" type=\"text\" name=\"direccion\" \/><\/span> <\/label>\n<\/p>\n<p><label>Provincia ( seleccione una opci\u00f3n )<\/label><span class=\"wpcf7-form-control-wrap\" data-name=\"provincia\"><span class=\"wpcf7-form-control wpcf7-radio\"><span class=\"wpcf7-list-item first\"><input type=\"radio\" name=\"provincia\" value=\"Azua\" checked=\"checked\" \/><span class=\"wpcf7-list-item-label\">Azua<\/span><\/span><span class=\"wpcf7-list-item\"><input type=\"radio\" name=\"provincia\" value=\"Distrito Nacional\" \/><span class=\"wpcf7-list-item-label\">Distrito Nacional<\/span><\/span><span class=\"wpcf7-list-item\"><input type=\"radio\" name=\"provincia\" value=\"Santo Domingo, Los Alcarrizos, Pedro Brand\" \/><span class=\"wpcf7-list-item-label\">Santo Domingo, Los Alcarrizos, Pedro Brand<\/span><\/span><span class=\"wpcf7-list-item\"><input type=\"radio\" name=\"provincia\" value=\"San Crist\u00f3bal, Haina\" \/><span class=\"wpcf7-list-item-label\">San Crist\u00f3bal, Haina<\/span><\/span><span class=\"wpcf7-list-item\"><input type=\"radio\" name=\"provincia\" value=\"San Juan de la Maguana\" \/><span class=\"wpcf7-list-item-label\">San Juan de la Maguana<\/span><\/span><span class=\"wpcf7-list-item last\"><input type=\"radio\" name=\"provincia\" value=\"San Pedro de Macor\u00eds\" \/><span class=\"wpcf7-list-item-label\">San Pedro de Macor\u00eds<\/span><\/span><\/span><\/span>\n<\/p>\n<p><label> Municipio (requerido)<br \/>\n<span class=\"wpcf7-form-control-wrap\" data-name=\"municipio\"><input size=\"40\" maxlength=\"400\" class=\"wpcf7-form-control wpcf7-text wpcf7-validates-as-required\" aria-required=\"true\" aria-invalid=\"false\" value=\"\" type=\"text\" name=\"municipio\" \/><\/span> <\/label>\n<\/p>\n<p><label> Tel\u00e9fono (requerido)<br \/>\n<span class=\"wpcf7-form-control-wrap\" data-name=\"telefono\"><input size=\"40\" maxlength=\"400\" class=\"wpcf7-form-control wpcf7-tel wpcf7-validates-as-required wpcf7-text wpcf7-validates-as-tel\" aria-required=\"true\" aria-invalid=\"false\" value=\"\" type=\"tel\" name=\"telefono\" \/><\/span> <\/label><br \/>\n<label> Tel\u00e9fono adicional<br \/>\n<span class=\"wpcf7-form-control-wrap\" data-name=\"telefono2\"><input size=\"40\" maxlength=\"400\" class=\"wpcf7-form-control wpcf7-tel wpcf7-text wpcf7-validates-as-tel\" aria-invalid=\"false\" value=\"\" type=\"tel\" name=\"telefono2\" \/><\/span> <\/label>\n<\/p>\n<p><label><strong>Indique si estar\u00eda dispuesto a tomar un cr\u00e9dito (requerido)<\/strong><\/label>\n<\/p>\n<p><label>Inter\u00e9s (requerido)<\/label><br \/>\n<span class=\"wpcf7-form-control-wrap\" data-name=\"interes\"><span class=\"wpcf7-form-control wpcf7-radio\"><span class=\"wpcf7-list-item first\"><input type=\"radio\" name=\"interes\" value=\"S\u00ed\" checked=\"checked\" \/><span class=\"wpcf7-list-item-label\">S\u00ed<\/span><\/span><span class=\"wpcf7-list-item last\"><input type=\"radio\" name=\"interes\" value=\"No\" \/><span class=\"wpcf7-list-item-label\">No<\/span><\/span><\/span><\/span>\n<\/p>\n<p><label><strong>Indique qu\u00e9 tipo de reparaci\u00f3n necesita (puede seleccionar m\u00e1s de una opci\u00f3n)<\/strong><\/label>\n<\/p>\n<p><label>Piso<\/label><span class=\"wpcf7-form-control-wrap\" data-name=\"piso\"><span class=\"wpcf7-form-control wpcf7-checkbox\"><span class=\"wpcf7-list-item first\"><input type=\"checkbox\" name=\"piso[]\" value=\"Concreto\" \/><span class=\"wpcf7-list-item-label\">Concreto<\/span><\/span><span class=\"wpcf7-list-item last\"><input type=\"checkbox\" name=\"piso[]\" value=\"Cer\u00e1mica\" \/><span class=\"wpcf7-list-item-label\">Cer\u00e1mica<\/span><\/span><\/span><\/span>\n<\/p>\n<p><label>Paredes<\/label><span class=\"wpcf7-form-control-wrap\" data-name=\"paredes\"><span class=\"wpcf7-form-control wpcf7-checkbox\"><span class=\"wpcf7-list-item first\"><input type=\"checkbox\" name=\"paredes[]\" value=\"Madera\" \/><span class=\"wpcf7-list-item-label\">Madera<\/span><\/span><span class=\"wpcf7-list-item\"><input type=\"checkbox\" name=\"paredes[]\" value=\"Block\" \/><span class=\"wpcf7-list-item-label\">Block<\/span><\/span><span class=\"wpcf7-list-item last\"><input type=\"checkbox\" name=\"paredes[]\" value=\"Prefabricadas\" \/><span class=\"wpcf7-list-item-label\">Prefabricadas<\/span><\/span><\/span><\/span>\n<\/p>\n<p><label>Techo<\/label><span class=\"wpcf7-form-control-wrap\" data-name=\"techo\"><span class=\"wpcf7-form-control wpcf7-checkbox\"><span class=\"wpcf7-list-item first\"><input type=\"checkbox\" name=\"techo[]\" value=\"Zinc\" \/><span class=\"wpcf7-list-item-label\">Zinc<\/span><\/span><span class=\"wpcf7-list-item\"><input type=\"checkbox\" name=\"techo[]\" value=\"Aluzinc\" \/><span class=\"wpcf7-list-item-label\">Aluzinc<\/span><\/span><span class=\"wpcf7-list-item\"><input type=\"checkbox\" name=\"techo[]\" value=\"Concreto\" \/><span class=\"wpcf7-list-item-label\">Concreto<\/span><\/span><span class=\"wpcf7-list-item last\"><input type=\"checkbox\" name=\"techo[]\" value=\"Otros\" \/><span class=\"wpcf7-list-item-label\">Otros<\/span><\/span><\/span><\/span>\n<\/p>\n<p><label>Ba\u00f1os<\/label><span class=\"wpcf7-form-control-wrap\" data-name=\"bano\"><span class=\"wpcf7-form-control wpcf7-checkbox\"><span class=\"wpcf7-list-item first\"><input type=\"checkbox\" name=\"bano[]\" value=\"Construcci\u00f3n y reparaci\u00f3n de s\u00e9pticos\" \/><span class=\"wpcf7-list-item-label\">Construcci\u00f3n y reparaci\u00f3n de s\u00e9pticos<\/span><\/span><span class=\"wpcf7-list-item\"><input type=\"checkbox\" name=\"bano[]\" value=\"Acceso al agua potable\" \/><span class=\"wpcf7-list-item-label\">Acceso al agua potable<\/span><\/span><span class=\"wpcf7-list-item\"><input type=\"checkbox\" name=\"bano[]\" value=\"Construcci\u00f3n y reparaci\u00f3n de ba\u00f1os\" \/><span class=\"wpcf7-list-item-label\">Construcci\u00f3n y reparaci\u00f3n de ba\u00f1os<\/span><\/span><span class=\"wpcf7-list-item last\"><input type=\"checkbox\" name=\"bano[]\" value=\"Instalaci\u00f3n de mobiliario sanitario\" \/><span class=\"wpcf7-list-item-label\">Instalaci\u00f3n de mobiliario sanitario<\/span><\/span><\/span><\/span>\n<\/p>\n<p><label>Construcci\u00f3n de vivienda por etapa<\/label><span class=\"wpcf7-form-control-wrap\" data-name=\"vivienda\"><span class=\"wpcf7-form-control wpcf7-checkbox\"><span class=\"wpcf7-list-item first\"><input type=\"checkbox\" name=\"vivienda[]\" value=\"Dise\u00f1o y presupuesto de vivienda\" \/><span class=\"wpcf7-list-item-label\">Dise\u00f1o y presupuesto de vivienda<\/span><\/span><span class=\"wpcf7-list-item\"><input type=\"checkbox\" name=\"vivienda[]\" value=\"Zapata\" \/><span class=\"wpcf7-list-item-label\">Zapata<\/span><\/span><span class=\"wpcf7-list-item last\"><input type=\"checkbox\" name=\"vivienda[]\" value=\"Otros\" \/><span class=\"wpcf7-list-item-label\">Otros<\/span><\/span><\/span><\/span>\n<\/p>\n<p><span class=\"wpcf7-form-control-wrap\" data-name=\"otros-especifique\"><textarea cols=\"40\" rows=\"10\" maxlength=\"2000\" class=\"wpcf7-form-control wpcf7-textarea wpcf7-validates-as-required\" aria-required=\"true\" aria-invalid=\"false\" placeholder=\"Especifique si eligi\u00f3 otro.\" name=\"otros-especifique\"><\/textarea><\/span>\n<\/p>\n<p><label>Aviso Legal <a href=\"https:\/\/habitatdominicana.org\/habitat-para-la-humanidad\/aviso-legal\/\" target=\"_blank\">Leer nuestro aviso legal<\/a><\/label><span class=\"wpcf7-form-control-wrap\" data-name=\"techo\"><span class=\"wpcf7-form-control wpcf7-checkbox wpcf7-validates-as-required\"><span class=\"wpcf7-list-item first last\"><input type=\"checkbox\" name=\"techo[]\" value=\"Acepto\" \/><span class=\"wpcf7-list-item-label\">Acepto<\/span><\/span><\/span><\/span>\n<\/p>\n<p class=\"aiowps-captcha hide-when-displaying-tfa-input\"><label for=\"aiowps-captcha-answer-69e8ef655d07f\">Please enter an answer in digits:<\/label>\n<\/p>\n<div class=\"aiowps-captcha-equation hide-when-displaying-tfa-input\">\n\t<p><strong>thirteen &#8722; 2 = <input type=\"hidden\" name=\"aiowps-captcha-string-info\" class=\"aiowps-captcha-string-info\" value=\"ipve40p0zo\" \/><input type=\"hidden\" name=\"aiowps-captcha-temp-string\" class=\"aiowps-captcha-temp-string\" value=\"1776873317\" \/><input type=\"text\" size=\"2\" id=\"aiowps-captcha-answer-69e8ef655d07f\" class=\"aiowps-captcha-answer\" name=\"aiowps-captcha-answer\" value=\"\" autocomplete=\"off\" \/><\/strong>\n\t<\/p>\n<\/div>\n<p><span class='wpcf7-form-control-wrap' data-name='aiowps-captcha'><\/span><input class=\"wpcf7-form-control wpcf7-submit has-spinner\" type=\"submit\" value=\"Enviar\" \/>\n<\/p><div class=\"wpcf7-response-output\" aria-hidden=\"true\"><\/div>\n<\/form>\n<\/div>\n<\/p>\n<div style=\"margin-top:30px; clear:both;\"><\/div><\/div><div style=\"border-top:7px solid #385988;\" id=\"soluciones-habitacionales-tab-1\" class=\"rtbs_content\"><p>\n<div class=\"wpcf7 no-js\" id=\"wpcf7-f2330-o4\" lang=\"es-ES\" dir=\"ltr\" data-wpcf7-id=\"2330\">\n<div class=\"screen-reader-response\"><p role=\"status\" aria-live=\"polite\" aria-atomic=\"true\"><\/p> <ul><\/ul><\/div>\n<form action=\"\/en\/wp-json\/wp\/v2\/pages\/4313#wpcf7-f2330-o4\" method=\"post\" class=\"wpcf7-form init\" aria-label=\"Formulario de contacto\" novalidate=\"novalidate\" data-status=\"init\">\n<fieldset class=\"hidden-fields-container\"><input type=\"hidden\" name=\"_wpcf7\" value=\"2330\" \/><input type=\"hidden\" name=\"_wpcf7_version\" value=\"6.1.4\" \/><input type=\"hidden\" name=\"_wpcf7_locale\" value=\"es_ES\" \/><input type=\"hidden\" name=\"_wpcf7_unit_tag\" value=\"wpcf7-f2330-o4\" \/><input type=\"hidden\" name=\"_wpcf7_container_post\" value=\"0\" \/><input type=\"hidden\" name=\"_wpcf7_posted_data_hash\" value=\"\" \/><input type=\"hidden\" name=\"_wpcf7cf_hidden_group_fields\" value=\"[]\" \/><input type=\"hidden\" name=\"_wpcf7cf_hidden_groups\" value=\"[]\" \/><input type=\"hidden\" name=\"_wpcf7cf_visible_groups\" value=\"[]\" \/><input type=\"hidden\" name=\"_wpcf7cf_repeaters\" value=\"[]\" \/><input type=\"hidden\" name=\"_wpcf7cf_steps\" value=\"{}\" \/><input type=\"hidden\" name=\"_wpcf7cf_options\" value=\"{&quot;form_id&quot;:2330,&quot;conditions&quot;:[],&quot;settings&quot;:{&quot;animation&quot;:&quot;yes&quot;,&quot;animation_intime&quot;:200,&quot;animation_outtime&quot;:200,&quot;conditions_ui&quot;:&quot;normal&quot;,&quot;notice_dismissed&quot;:false,&quot;notice_dismissed_update-cf7-5.3.2&quot;:true,&quot;notice_dismissed_update-cf7-5.4.1&quot;:true,&quot;notice_dismissed_update-cf7-5.5.6&quot;:true,&quot;notice_dismissed_update-cf7-5.8.3&quot;:true,&quot;notice_dismissed_update-cf7-5.8.6&quot;:true,&quot;notice_dismissed_update-cf7-6.1.4&quot;:true}}\" \/>\n<\/fieldset>\n<style>\n.wpcf7 input[type=\"text\"], .wpcf7 input[type=\"email\"], .wpcf7 input[type=\"password\"], .wpcf7 textarea{\npadding: 0px 19px;}\n<\/style>\n<p><label> Nombre y apellidos (requerido)<br \/>\n<span class=\"wpcf7-form-control-wrap\" data-name=\"nombreCompleto\"><input size=\"40\" maxlength=\"400\" class=\"wpcf7-form-control wpcf7-text wpcf7-validates-as-required\" aria-required=\"true\" aria-invalid=\"false\" value=\"\" type=\"text\" name=\"nombreCompleto\" \/><\/span> <\/label>\n<\/p>\n<p><label> Direcci\u00f3n (requerido)<br \/>\n<span class=\"wpcf7-form-control-wrap\" data-name=\"direccion\"><input size=\"40\" maxlength=\"400\" class=\"wpcf7-form-control wpcf7-text wpcf7-validates-as-required\" aria-required=\"true\" aria-invalid=\"false\" value=\"\" type=\"text\" name=\"direccion\" \/><\/span> <\/label>\n<\/p>\n<p><label>Provincia ( seleccione una opci\u00f3n )<\/label><span class=\"wpcf7-form-control-wrap\" data-name=\"provincia\"><span class=\"wpcf7-form-control wpcf7-radio\"><span class=\"wpcf7-list-item first\"><input type=\"radio\" name=\"provincia\" value=\"Azua\" checked=\"checked\" \/><span class=\"wpcf7-list-item-label\">Azua<\/span><\/span><span class=\"wpcf7-list-item\"><input type=\"radio\" name=\"provincia\" value=\"Distrito Nacional\" \/><span class=\"wpcf7-list-item-label\">Distrito Nacional<\/span><\/span><span class=\"wpcf7-list-item\"><input type=\"radio\" name=\"provincia\" value=\"Santo Domingo, Los Alcarrizos, Pedro Brand\" \/><span class=\"wpcf7-list-item-label\">Santo Domingo, Los Alcarrizos, Pedro Brand<\/span><\/span><span class=\"wpcf7-list-item\"><input type=\"radio\" name=\"provincia\" value=\"San Crist\u00f3bal, Haina\" \/><span class=\"wpcf7-list-item-label\">San Crist\u00f3bal, Haina<\/span><\/span><span class=\"wpcf7-list-item\"><input type=\"radio\" name=\"provincia\" value=\"San Juan de la Maguana\" \/><span class=\"wpcf7-list-item-label\">San Juan de la Maguana<\/span><\/span><span class=\"wpcf7-list-item last\"><input type=\"radio\" name=\"provincia\" value=\"San Pedro de Macor\u00eds\" \/><span class=\"wpcf7-list-item-label\">San Pedro de Macor\u00eds<\/span><\/span><\/span><\/span>\n<\/p>\n<p><label> Municipio (requerido)<br \/>\n<span class=\"wpcf7-form-control-wrap\" data-name=\"municipio\"><input size=\"40\" maxlength=\"400\" class=\"wpcf7-form-control wpcf7-text wpcf7-validates-as-required\" aria-required=\"true\" aria-invalid=\"false\" value=\"\" type=\"text\" name=\"municipio\" \/><\/span> <\/label>\n<\/p>\n<p><label> Tel\u00e9fono (requerido)<br \/>\n<span class=\"wpcf7-form-control-wrap\" data-name=\"telefono\"><input size=\"40\" maxlength=\"400\" class=\"wpcf7-form-control wpcf7-tel wpcf7-validates-as-required wpcf7-text wpcf7-validates-as-tel\" aria-required=\"true\" aria-invalid=\"false\" value=\"\" type=\"tel\" name=\"telefono\" \/><\/span> <\/label>\n<\/p>\n<p><label> Tel\u00e9fono adicional<br \/>\n<span class=\"wpcf7-form-control-wrap\" data-name=\"telefono2\"><input size=\"40\" maxlength=\"400\" class=\"wpcf7-form-control wpcf7-tel wpcf7-text wpcf7-validates-as-tel\" aria-invalid=\"false\" value=\"\" type=\"tel\" name=\"telefono2\" \/><\/span> <\/label>\n<\/p>\n<p><label><strong>Indique si estar\u00eda dispuesto a tomar un cr\u00e9dito (requerido)<\/strong><\/label>\n<\/p>\n<p><label>Inter\u00e9s (requerido)<\/label><span class=\"wpcf7-form-control-wrap\" data-name=\"default:1\"><span class=\"wpcf7-form-control wpcf7-radio\"><span class=\"wpcf7-list-item first\"><input type=\"radio\" name=\"default:1\" value=\"S\u00ed\" \/><span class=\"wpcf7-list-item-label\">S\u00ed<\/span><\/span><span class=\"wpcf7-list-item last\"><input type=\"radio\" name=\"default:1\" value=\"No\" \/><span class=\"wpcf7-list-item-label\">No<\/span><\/span><\/span><\/span>\n<\/p>\n<p><label>Indique qu\u00e9 tipo de vivienda necesita:<\/label><br \/>\n<span class=\"wpcf7-form-control-wrap\" data-name=\"tipoVivienda\"><span class=\"wpcf7-form-control wpcf7-radio\"><span class=\"wpcf7-list-item first\"><input type=\"radio\" name=\"tipoVivienda\" value=\"Vivienda completa\" checked=\"checked\" \/><span class=\"wpcf7-list-item-label\">Vivienda completa<\/span><\/span><span class=\"wpcf7-list-item last\"><input type=\"radio\" name=\"tipoVivienda\" value=\"Vivienda prefabricada\" \/><span class=\"wpcf7-list-item-label\">Vivienda prefabricada<\/span><\/span><\/span><\/span>\n<\/p>\n<p><label>Aviso Legal <a href=\"https:\/\/habitatdominicana.org\/habitat-para-la-humanidad\/aviso-legal\/\" target=\"_blank\">Leer nuestro aviso legal<\/a><\/label><span class=\"wpcf7-form-control-wrap\" data-name=\"techo\"><span class=\"wpcf7-form-control wpcf7-checkbox wpcf7-validates-as-required\"><span class=\"wpcf7-list-item first last\"><input type=\"checkbox\" name=\"techo[]\" value=\"Acepto\" \/><span class=\"wpcf7-list-item-label\">Acepto<\/span><\/span><\/span><\/span>\n<\/p>\n<p class=\"aiowps-captcha hide-when-displaying-tfa-input\"><label for=\"aiowps-captcha-answer-69e8ef655ed6f\">Please enter an answer in digits:<\/label>\n<\/p>\n<div class=\"aiowps-captcha-equation hide-when-displaying-tfa-input\">\n\t<p><strong>one &#43; 5 = <input type=\"hidden\" name=\"aiowps-captcha-string-info\" class=\"aiowps-captcha-string-info\" value=\"r5ujxmd7pr\" \/><input type=\"hidden\" name=\"aiowps-captcha-temp-string\" class=\"aiowps-captcha-temp-string\" value=\"1776873317\" \/><input type=\"text\" size=\"2\" id=\"aiowps-captcha-answer-69e8ef655ed6f\" class=\"aiowps-captcha-answer\" name=\"aiowps-captcha-answer\" value=\"\" autocomplete=\"off\" \/><\/strong>\n\t<\/p>\n<\/div>\n<p><span class='wpcf7-form-control-wrap' data-name='aiowps-captcha'><\/span><input class=\"wpcf7-form-control wpcf7-submit has-spinner\" type=\"submit\" value=\"Enviar\" \/>\n<\/p><div class=\"wpcf7-response-output\" aria-hidden=\"true\"><\/div>\n<\/form>\n<\/div>\n<\/p>\n<div style=\"margin-top:30px; clear:both;\"><\/div><\/div>\r\n    <\/div>","protected":false},"excerpt":{"rendered":"<p>We offer several housing solutions for families, such as repairs, improvements, complete and prefabricated homes. Through these homes, our families build strength, stability and self-reliance. Through repairs and improvements, Habitat families can build their dream in a progressive way, according to their possibilities. Families access to professional advice of the team of engineers from Habitat<\/p>\n<div class=\"post-actions\"><a class=\"button small\" href=\"https:\/\/habitatdominicana.org\/en\/rtbs_tabs\/soluciones-habitacionales\/\">Leer M\u00e1s<\/a><\/div>\n","protected":false},"author":6,"featured_media":4316,"parent":0,"menu_order":0,"comment_status":"closed","ping_status":"closed","template":"","meta":{"_acf_changed":false,"om_disable_all_campaigns":false,"_exactmetrics_skip_tracking":false,"_exactmetrics_sitenote_active":false,"_exactmetrics_sitenote_note":"","_exactmetrics_sitenote_category":0,"_monsterinsights_skip_tracking":false,"_monsterinsights_sitenote_active":false,"_monsterinsights_sitenote_note":"","_monsterinsights_sitenote_category":0,"_uf_show_specific_survey":0,"_uf_disable_surveys":false,"footnotes":""},"class_list":["post-4313","page","type-page","status-publish","has-post-thumbnail","hentry"],"acf":[],"aioseo_notices":[],"rttpg_featured_image_url":{"full":["https:\/\/habitatdominicana.org\/wp-content\/uploads\/2023\/05\/Banner-Landing-Page.png",1200,500,false],"landscape":["https:\/\/habitatdominicana.org\/wp-content\/uploads\/2023\/05\/Banner-Landing-Page.png",1200,500,false],"portraits":["https:\/\/habitatdominicana.org\/wp-content\/uploads\/2023\/05\/Banner-Landing-Page.png",1200,500,false],"thumbnail":["https:\/\/habitatdominicana.org\/wp-content\/uploads\/2023\/05\/Banner-Landing-Page-150x150.png",150,150,true],"medium":["https:\/\/habitatdominicana.org\/wp-content\/uploads\/2023\/05\/Banner-Landing-Page-300x125.png",300,125,true],"large":["https:\/\/habitatdominicana.org\/wp-content\/uploads\/2023\/05\/Banner-Landing-Page-1024x427.png",860,359,true],"1536x1536":["https:\/\/habitatdominicana.org\/wp-content\/uploads\/2023\/05\/Banner-Landing-Page.png",1200,500,false],"2048x2048":["https:\/\/habitatdominicana.org\/wp-content\/uploads\/2023\/05\/Banner-Landing-Page.png",1200,500,false],"widget-thumbnail":["https:\/\/habitatdominicana.org\/wp-content\/uploads\/2023\/05\/Banner-Landing-Page-75x75.png",75,75,true],"small-header":["https:\/\/habitatdominicana.org\/wp-content\/uploads\/2023\/05\/Banner-Landing-Page-1200x220.png",1200,220,true],"small-event":["https:\/\/habitatdominicana.org\/wp-content\/uploads\/2023\/05\/Banner-Landing-Page-100x85.png",100,85,true],"medium-event":["https:\/\/habitatdominicana.org\/wp-content\/uploads\/2023\/05\/Banner-Landing-Page-270x150.png",270,150,true],"large-event":["https:\/\/habitatdominicana.org\/wp-content\/uploads\/2023\/05\/Banner-Landing-Page-770x330.png",770,330,true],"large-event-2":["https:\/\/habitatdominicana.org\/wp-content\/uploads\/2023\/05\/Banner-Landing-Page-540x440.png",540,440,true],"document-thumb":["https:\/\/habitatdominicana.org\/wp-content\/uploads\/2023\/05\/Banner-Landing-Page-400x167.png",400,167,true],"gallery-full":["https:\/\/habitatdominicana.org\/wp-content\/uploads\/2023\/05\/Banner-Landing-Page.png",1200,500,false],"gallery-thumb":["https:\/\/habitatdominicana.org\/wp-content\/uploads\/2023\/05\/Banner-Landing-Page-540x330.png",540,330,true],"cause-medium":["https:\/\/habitatdominicana.org\/wp-content\/uploads\/2023\/05\/Banner-Landing-Page-900x500.png",900,500,true],"staff-home":["https:\/\/habitatdominicana.org\/wp-content\/uploads\/2023\/05\/Banner-Landing-Page-292x248.png",292,248,true]},"rttpg_author":{"display_name":"Victor Solano","author_link":"https:\/\/habitatdominicana.org\/en\/author\/tuttocr\/"},"rttpg_comment":0,"rttpg_category":null,"rttpg_excerpt":"We offer several housing solutions for families, such as repairs, improvements, complete and prefabricated homes. Through these homes, our families build strength, stability and self-reliance. Through repairs and improvements, Habitat families can build their dream in a progressive way, according to their possibilities. Families access to professional advice of the team of engineers from HabitatLeer&hellip;","_links":{"self":[{"href":"https:\/\/habitatdominicana.org\/en\/wp-json\/wp\/v2\/pages\/4313","targetHints":{"allow":["GET"]}}],"collection":[{"href":"https:\/\/habitatdominicana.org\/en\/wp-json\/wp\/v2\/pages"}],"about":[{"href":"https:\/\/habitatdominicana.org\/en\/wp-json\/wp\/v2\/types\/page"}],"author":[{"embeddable":true,"href":"https:\/\/habitatdominicana.org\/en\/wp-json\/wp\/v2\/users\/6"}],"replies":[{"embeddable":true,"href":"https:\/\/habitatdominicana.org\/en\/wp-json\/wp\/v2\/comments?post=4313"}],"version-history":[{"count":6,"href":"https:\/\/habitatdominicana.org\/en\/wp-json\/wp\/v2\/pages\/4313\/revisions"}],"predecessor-version":[{"id":4566,"href":"https:\/\/habitatdominicana.org\/en\/wp-json\/wp\/v2\/pages\/4313\/revisions\/4566"}],"wp:featuredmedia":[{"embeddable":true,"href":"https:\/\/habitatdominicana.org\/en\/wp-json\/wp\/v2\/media\/4316"}],"wp:attachment":[{"href":"https:\/\/habitatdominicana.org\/en\/wp-json\/wp\/v2\/media?parent=4313"}],"curies":[{"name":"wp","href":"https:\/\/api.w.org\/{rel}","templated":true}]}}