{"id":3380,"date":"2017-01-11T23:39:00","date_gmt":"2017-01-12T03:39:00","guid":{"rendered":"https:\/\/habitatdominicana.org\/galeria-de-videos-2\/"},"modified":"2021-08-19T13:42:33","modified_gmt":"2021-08-19T17:42:33","slug":"material-educativo","status":"publish","type":"page","link":"https:\/\/habitatdominicana.org\/en\/material-educativo\/","title":{"rendered":"Educational material"},"content":{"rendered":"<div class=\"row grey\" style=\"\">  <\/div>\n<div class=\"large-6 columns\" style=\"\">  <\/div>\n<h3 class=\"section-title-pages\">Mirqueya\u2019s New Home<\/h3>\n<div class=\"video-container\"><div id=\"erdyt-69e8ef4c3ff8e\" data-id=\"VwcMhBfHQfs\" class=\"erd-youtube-responsive\" style=\"display:block;position:relative;clear:both;width:100%;max-width:100%;margin-left:auto;margin-right:auto;\"><div style=\"padding-bottom:56.25%;\"><div class=\"erd-ytplay\" id=\"erdytp-VwcMhBfHQfs-69e8ef4c3ff8e\" data-vid=\"VwcMhBfHQfs\"   data-src=\"https:\/\/www.youtube.com\/embed\/VwcMhBfHQfs?loop=1&#038;autoplay=1&#038;rel=0\" data-allowfullscreen=\"true\"><img decoding=\"async\" src=\"https:\/\/i.ytimg.com\/vi\/VwcMhBfHQfs\/hqdefault.jpg\" alt=\"YouTube Video\" \/><\/div><\/div><\/div><\/div>\n <\/div>\n<div class=\"large-6 columns\" style=\"\"> \n<h3 class=\"section-title-pages\">Conoce el Servicio Asistencia T\u00e9cnica en Construcci\u00f3n<\/h3>\n<div class=\"video-container\"><div id=\"erdyt-69e8ef4c3ffc3\" data-id=\"JzBU54bWfiQ\" class=\"erd-youtube-responsive\" style=\"display:block;position:relative;clear:both;width:100%;max-width:100%;margin-left:auto;margin-right:auto;\"><div style=\"padding-bottom:56.25%;\"><div class=\"erd-ytplay\" id=\"erdytp-JzBU54bWfiQ-69e8ef4c3ffc3\" data-vid=\"JzBU54bWfiQ\"   data-src=\"https:\/\/www.youtube.com\/embed\/JzBU54bWfiQ?loop=1&#038;autoplay=1&#038;rel=0\" data-allowfullscreen=\"true\"><img decoding=\"async\" src=\"https:\/\/i.ytimg.com\/vi\/JzBU54bWfiQ\/hqdefault.jpg\" alt=\"YouTube Video\" \/><\/div><\/div><\/div><\/div>\n <\/div>\n <\/div>\n<div class=\"row grey\" style=\"\"> \n<div class=\"large-6 columns\" style=\"\"> \n<h3 class=\"section-title-pages\">Contigo Cibao# Emergencia Zona Norte<\/h3>\n<div class=\"video-container\"><div id=\"erdyt-69e8ef4c4003d\" data-id=\"LmDXlA4Z7iE\" class=\"erd-youtube-responsive\" style=\"display:block;position:relative;clear:both;width:100%;max-width:100%;margin-left:auto;margin-right:auto;\"><div style=\"padding-bottom:56.25%;\"><div class=\"erd-ytplay\" id=\"erdytp-LmDXlA4Z7iE-69e8ef4c4003d\" data-vid=\"LmDXlA4Z7iE\"   data-src=\"https:\/\/www.youtube.com\/embed\/LmDXlA4Z7iE?loop=1&#038;autoplay=1&#038;rel=0\" data-allowfullscreen=\"true\"><img decoding=\"async\" src=\"https:\/\/i.ytimg.com\/vi\/LmDXlA4Z7iE\/hqdefault.jpg\" alt=\"YouTube Video\" \/><\/div><\/div><\/div><\/div>\n <\/div>\n<div class=\"large-6 columns\" style=\"\"> \n<h3 class=\"section-title-pages\">Thrivent Builds Worldwide with Habitat Dominican Republic \u2013 Premier Destination<\/h3>\n<div class=\"video-container\"><div id=\"erdyt-69e8ef4c4006c\" data-id=\"zGl1Hip2QGE\" class=\"erd-youtube-responsive\" style=\"display:block;position:relative;clear:both;width:100%;max-width:100%;margin-left:auto;margin-right:auto;\"><div style=\"padding-bottom:56.25%;\"><div class=\"erd-ytplay\" id=\"erdytp-zGl1Hip2QGE-69e8ef4c4006c\" data-vid=\"zGl1Hip2QGE\"   data-src=\"https:\/\/www.youtube.com\/embed\/zGl1Hip2QGE?loop=1&#038;autoplay=1&#038;rel=0\" data-allowfullscreen=\"true\"><img decoding=\"async\" src=\"https:\/\/i.ytimg.com\/vi\/zGl1Hip2QGE\/hqdefault.jpg\" alt=\"YouTube Video\" \/><\/div><\/div><\/div><\/div>\n <\/div>\n <\/div>","protected":false},"excerpt":{"rendered":"<p>Sorry, this entry is only available in Espa\u00f1ol.<\/p>\n","protected":false},"author":3,"featured_media":3388,"parent":0,"menu_order":0,"comment_status":"closed","ping_status":"closed","template":"","meta":{"_acf_changed":false,"om_disable_all_campaigns":false,"_exactmetrics_skip_tracking":false,"_exactmetrics_sitenote_active":false,"_exactmetrics_sitenote_note":"","_exactmetrics_sitenote_category":0,"_monsterinsights_skip_tracking":false,"_monsterinsights_sitenote_active":false,"_monsterinsights_sitenote_note":"","_monsterinsights_sitenote_category":0,"_uf_show_specific_survey":0,"_uf_disable_surveys":false,"footnotes":""},"class_list":["post-3380","page","type-page","status-publish","has-post-thumbnail","hentry"],"acf":[],"aioseo_notices":[],"rttpg_featured_image_url":{"full":["https:\/\/habitatdominicana.org\/wp-content\/uploads\/2021\/07\/DSC9979-scaled.jpg",2560,1708,false],"landscape":["https:\/\/habitatdominicana.org\/wp-content\/uploads\/2021\/07\/DSC9979-scaled.jpg",2560,1708,false],"portraits":["https:\/\/habitatdominicana.org\/wp-content\/uploads\/2021\/07\/DSC9979-scaled.jpg",2560,1708,false],"thumbnail":["https:\/\/habitatdominicana.org\/wp-content\/uploads\/2021\/07\/DSC9979-150x150.jpg",150,150,true],"medium":["https:\/\/habitatdominicana.org\/wp-content\/uploads\/2021\/07\/DSC9979-300x200.jpg",300,200,true],"large":["https:\/\/habitatdominicana.org\/wp-content\/uploads\/2021\/07\/DSC9979-1024x683.jpg",860,574,true],"1536x1536":["https:\/\/habitatdominicana.org\/wp-content\/uploads\/2021\/07\/DSC9979-1536x1025.jpg",1536,1025,true],"2048x2048":["https:\/\/habitatdominicana.org\/wp-content\/uploads\/2021\/07\/DSC9979-2048x1366.jpg",2048,1366,true],"widget-thumbnail":["https:\/\/habitatdominicana.org\/wp-content\/uploads\/2021\/07\/DSC9979-75x75.jpg",75,75,true],"small-header":["https:\/\/habitatdominicana.org\/wp-content\/uploads\/2021\/07\/DSC9979-1800x220.jpg",1800,220,true],"small-event":["https:\/\/habitatdominicana.org\/wp-content\/uploads\/2021\/07\/DSC9979-100x85.jpg",100,85,true],"medium-event":["https:\/\/habitatdominicana.org\/wp-content\/uploads\/2021\/07\/DSC9979-270x150.jpg",270,150,true],"large-event":["https:\/\/habitatdominicana.org\/wp-content\/uploads\/2021\/07\/DSC9979-770x330.jpg",770,330,true],"large-event-2":["https:\/\/habitatdominicana.org\/wp-content\/uploads\/2021\/07\/DSC9979-540x440.jpg",540,440,true],"document-thumb":["https:\/\/habitatdominicana.org\/wp-content\/uploads\/2021\/07\/DSC9979-400x267.jpg",400,267,true],"gallery-full":["https:\/\/habitatdominicana.org\/wp-content\/uploads\/2021\/07\/DSC9979-1660x880.jpg",1660,880,true],"gallery-thumb":["https:\/\/habitatdominicana.org\/wp-content\/uploads\/2021\/07\/DSC9979-540x330.jpg",540,330,true],"cause-medium":["https:\/\/habitatdominicana.org\/wp-content\/uploads\/2021\/07\/DSC9979-900x525.jpg",900,525,true],"staff-home":["https:\/\/habitatdominicana.org\/wp-content\/uploads\/2021\/07\/DSC9979-292x248.jpg",292,248,true]},"rttpg_author":{"display_name":"Luc\u00eda Z\u00fa\u00f1iga","author_link":"https:\/\/habitatdominicana.org\/en\/author\/luc1zun1g\/"},"rttpg_comment":0,"rttpg_category":null,"rttpg_excerpt":"Sorry, this entry is only available in Espa\u00f1ol.","_links":{"self":[{"href":"https:\/\/habitatdominicana.org\/en\/wp-json\/wp\/v2\/pages\/3380","targetHints":{"allow":["GET"]}}],"collection":[{"href":"https:\/\/habitatdominicana.org\/en\/wp-json\/wp\/v2\/pages"}],"about":[{"href":"https:\/\/habitatdominicana.org\/en\/wp-json\/wp\/v2\/types\/page"}],"author":[{"embeddable":true,"href":"https:\/\/habitatdominicana.org\/en\/wp-json\/wp\/v2\/users\/3"}],"replies":[{"embeddable":true,"href":"https:\/\/habitatdominicana.org\/en\/wp-json\/wp\/v2\/comments?post=3380"}],"version-history":[{"count":7,"href":"https:\/\/habitatdominicana.org\/en\/wp-json\/wp\/v2\/pages\/3380\/revisions"}],"predecessor-version":[{"id":3425,"href":"https:\/\/habitatdominicana.org\/en\/wp-json\/wp\/v2\/pages\/3380\/revisions\/3425"}],"wp:featuredmedia":[{"embeddable":true,"href":"https:\/\/habitatdominicana.org\/en\/wp-json\/wp\/v2\/media\/3388"}],"wp:attachment":[{"href":"https:\/\/habitatdominicana.org\/en\/wp-json\/wp\/v2\/media?parent=3380"}],"curies":[{"name":"wp","href":"https:\/\/api.w.org\/{rel}","templated":true}]}}