{"id":2458,"date":"2018-05-05T21:11:41","date_gmt":"2018-05-06T01:11:41","guid":{"rendered":"http:\/\/habitatdominicana.org\/?page_id=2458"},"modified":"2020-03-13T21:42:38","modified_gmt":"2020-03-14T01:42:38","slug":"transparencia","status":"publish","type":"page","link":"https:\/\/habitatdominicana.org\/en\/transparencia\/","title":{"rendered":"Transparency"},"content":{"rendered":"<p><a href=\"http:\/\/habitatdominicana.org\/wp-content\/uploads\/2018\/05\/Estados-Financieros-Auditados-30-de-junio-de-2017-ESPANOL-1-7.pdf\">Estados Financieros 2016<\/a><\/p>\n<p><a href=\"https:\/\/habitatdominicana.org\/wp-content\/uploads\/2018\/10\/Estados-Financieros-Auditados-30-de-junio-de-2018-English-1-7.pdf\">Estados Financieros Auditados 30 de junio de 2018 &#8211; ENG<\/a><\/p>\n<p>&nbsp;<\/p>\n","protected":false},"excerpt":{"rendered":"<p>Estados Financieros 2016 Estados Financieros Auditados 30 de junio de 2018 &#8211; ENG &nbsp;<\/p>\n","protected":false},"author":3,"featured_media":0,"parent":0,"menu_order":0,"comment_status":"closed","ping_status":"closed","template":"","meta":{"_acf_changed":false,"om_disable_all_campaigns":false,"_exactmetrics_skip_tracking":false,"_exactmetrics_sitenote_active":false,"_exactmetrics_sitenote_note":"","_exactmetrics_sitenote_category":0,"_monsterinsights_skip_tracking":false,"_monsterinsights_sitenote_active":false,"_monsterinsights_sitenote_note":"","_monsterinsights_sitenote_category":0,"_uf_show_specific_survey":0,"_uf_disable_surveys":false,"footnotes":""},"class_list":["post-2458","page","type-page","status-publish","hentry"],"acf":[],"aioseo_notices":[],"rttpg_featured_image_url":null,"rttpg_author":{"display_name":"Luc\u00eda Z\u00fa\u00f1iga","author_link":"https:\/\/habitatdominicana.org\/en\/author\/luc1zun1g\/"},"rttpg_comment":0,"rttpg_category":null,"rttpg_excerpt":"Estados Financieros 2016 Estados Financieros Auditados 30 de junio de 2018 &#8211; ENG &nbsp;","_links":{"self":[{"href":"https:\/\/habitatdominicana.org\/en\/wp-json\/wp\/v2\/pages\/2458","targetHints":{"allow":["GET"]}}],"collection":[{"href":"https:\/\/habitatdominicana.org\/en\/wp-json\/wp\/v2\/pages"}],"about":[{"href":"https:\/\/habitatdominicana.org\/en\/wp-json\/wp\/v2\/types\/page"}],"author":[{"embeddable":true,"href":"https:\/\/habitatdominicana.org\/en\/wp-json\/wp\/v2\/users\/3"}],"replies":[{"embeddable":true,"href":"https:\/\/habitatdominicana.org\/en\/wp-json\/wp\/v2\/comments?post=2458"}],"version-history":[{"count":3,"href":"https:\/\/habitatdominicana.org\/en\/wp-json\/wp\/v2\/pages\/2458\/revisions"}],"predecessor-version":[{"id":2929,"href":"https:\/\/habitatdominicana.org\/en\/wp-json\/wp\/v2\/pages\/2458\/revisions\/2929"}],"wp:attachment":[{"href":"https:\/\/habitatdominicana.org\/en\/wp-json\/wp\/v2\/media?parent=2458"}],"curies":[{"name":"wp","href":"https:\/\/api.w.org\/{rel}","templated":true}]}}