{"id":2411,"date":"2018-05-05T19:19:03","date_gmt":"2018-05-05T23:19:03","guid":{"rendered":"http:\/\/habitatdominicana.org\/?page_id=2411"},"modified":"2022-08-24T12:57:09","modified_gmt":"2022-08-24T16:57:09","slug":"proyectos","status":"publish","type":"page","link":"https:\/\/habitatdominicana.org\/en\/proyectos\/","title":{"rendered":"Projects"},"content":{"rendered":"<p style=\"text-align: center;\">Coming soon!<\/p>","protected":false},"excerpt":{"rendered":"<p>Coming soon!<\/p>\n","protected":false},"author":3,"featured_media":3786,"parent":0,"menu_order":0,"comment_status":"closed","ping_status":"closed","template":"","meta":{"_acf_changed":false,"om_disable_all_campaigns":false,"_exactmetrics_skip_tracking":false,"_exactmetrics_sitenote_active":false,"_exactmetrics_sitenote_note":"","_exactmetrics_sitenote_category":0,"_monsterinsights_skip_tracking":false,"_monsterinsights_sitenote_active":false,"_monsterinsights_sitenote_note":"","_monsterinsights_sitenote_category":0,"_uf_show_specific_survey":0,"_uf_disable_surveys":false,"footnotes":""},"class_list":["post-2411","page","type-page","status-publish","has-post-thumbnail","hentry"],"acf":[],"aioseo_notices":[],"rttpg_featured_image_url":{"full":["https:\/\/habitatdominicana.org\/wp-content\/uploads\/2022\/08\/Diseno-sin-titulo-12.png",1350,650,false],"landscape":["https:\/\/habitatdominicana.org\/wp-content\/uploads\/2022\/08\/Diseno-sin-titulo-12.png",1350,650,false],"portraits":["https:\/\/habitatdominicana.org\/wp-content\/uploads\/2022\/08\/Diseno-sin-titulo-12.png",1350,650,false],"thumbnail":["https:\/\/habitatdominicana.org\/wp-content\/uploads\/2022\/08\/Diseno-sin-titulo-12-150x150.png",150,150,true],"medium":["https:\/\/habitatdominicana.org\/wp-content\/uploads\/2022\/08\/Diseno-sin-titulo-12-300x144.png",300,144,true],"large":["https:\/\/habitatdominicana.org\/wp-content\/uploads\/2022\/08\/Diseno-sin-titulo-12-1024x493.png",860,414,true],"1536x1536":["https:\/\/habitatdominicana.org\/wp-content\/uploads\/2022\/08\/Diseno-sin-titulo-12.png",1350,650,false],"2048x2048":["https:\/\/habitatdominicana.org\/wp-content\/uploads\/2022\/08\/Diseno-sin-titulo-12.png",1350,650,false],"widget-thumbnail":["https:\/\/habitatdominicana.org\/wp-content\/uploads\/2022\/08\/Diseno-sin-titulo-12-75x75.png",75,75,true],"small-header":["https:\/\/habitatdominicana.org\/wp-content\/uploads\/2022\/08\/Diseno-sin-titulo-12-1350x220.png",1350,220,true],"small-event":["https:\/\/habitatdominicana.org\/wp-content\/uploads\/2022\/08\/Diseno-sin-titulo-12-100x85.png",100,85,true],"medium-event":["https:\/\/habitatdominicana.org\/wp-content\/uploads\/2022\/08\/Diseno-sin-titulo-12-270x150.png",270,150,true],"large-event":["https:\/\/habitatdominicana.org\/wp-content\/uploads\/2022\/08\/Diseno-sin-titulo-12-770x330.png",770,330,true],"large-event-2":["https:\/\/habitatdominicana.org\/wp-content\/uploads\/2022\/08\/Diseno-sin-titulo-12-540x440.png",540,440,true],"document-thumb":["https:\/\/habitatdominicana.org\/wp-content\/uploads\/2022\/08\/Diseno-sin-titulo-12-400x193.png",400,193,true],"gallery-full":["https:\/\/habitatdominicana.org\/wp-content\/uploads\/2022\/08\/Diseno-sin-titulo-12.png",1350,650,false],"gallery-thumb":["https:\/\/habitatdominicana.org\/wp-content\/uploads\/2022\/08\/Diseno-sin-titulo-12-540x330.png",540,330,true],"cause-medium":["https:\/\/habitatdominicana.org\/wp-content\/uploads\/2022\/08\/Diseno-sin-titulo-12-900x525.png",900,525,true],"staff-home":["https:\/\/habitatdominicana.org\/wp-content\/uploads\/2022\/08\/Diseno-sin-titulo-12-292x248.png",292,248,true]},"rttpg_author":{"display_name":"Luc\u00eda Z\u00fa\u00f1iga","author_link":"https:\/\/habitatdominicana.org\/en\/author\/luc1zun1g\/"},"rttpg_comment":0,"rttpg_category":null,"rttpg_excerpt":"Coming soon!","_links":{"self":[{"href":"https:\/\/habitatdominicana.org\/en\/wp-json\/wp\/v2\/pages\/2411","targetHints":{"allow":["GET"]}}],"collection":[{"href":"https:\/\/habitatdominicana.org\/en\/wp-json\/wp\/v2\/pages"}],"about":[{"href":"https:\/\/habitatdominicana.org\/en\/wp-json\/wp\/v2\/types\/page"}],"author":[{"embeddable":true,"href":"https:\/\/habitatdominicana.org\/en\/wp-json\/wp\/v2\/users\/3"}],"replies":[{"embeddable":true,"href":"https:\/\/habitatdominicana.org\/en\/wp-json\/wp\/v2\/comments?post=2411"}],"version-history":[{"count":3,"href":"https:\/\/habitatdominicana.org\/en\/wp-json\/wp\/v2\/pages\/2411\/revisions"}],"predecessor-version":[{"id":3782,"href":"https:\/\/habitatdominicana.org\/en\/wp-json\/wp\/v2\/pages\/2411\/revisions\/3782"}],"wp:featuredmedia":[{"embeddable":true,"href":"https:\/\/habitatdominicana.org\/en\/wp-json\/wp\/v2\/media\/3786"}],"wp:attachment":[{"href":"https:\/\/habitatdominicana.org\/en\/wp-json\/wp\/v2\/media?parent=2411"}],"curies":[{"name":"wp","href":"https:\/\/api.w.org\/{rel}","templated":true}]}}