{"id":2389,"date":"2018-04-05T01:27:19","date_gmt":"2018-04-05T05:27:19","guid":{"rendered":"http:\/\/\/\/habitatdominicana.org\/?page_id=2389"},"modified":"2020-03-13T21:38:16","modified_gmt":"2020-03-14T01:38:16","slug":"pasantias-o-voluntariado","status":"publish","type":"page","link":"https:\/\/habitatdominicana.org\/en\/pasantias-o-voluntariado\/","title":{"rendered":"Internships or volunteering"},"content":{"rendered":"<p><img loading=\"lazy\" decoding=\"async\" class=\"alignnone size-medium wp-image-2755\" src=\"https:\/\/habitatdominicana.org\/wp-content\/uploads\/2019\/08\/Vacante-Voluntario-ATC-300x275.png\" alt=\"\" width=\"300\" height=\"275\" srcset=\"https:\/\/habitatdominicana.org\/wp-content\/uploads\/2019\/08\/Vacante-Voluntario-ATC-300x275.png 300w, https:\/\/habitatdominicana.org\/wp-content\/uploads\/2019\/08\/Vacante-Voluntario-ATC-768x705.png 768w, https:\/\/habitatdominicana.org\/wp-content\/uploads\/2019\/08\/Vacante-Voluntario-ATC-400x367.png 400w, https:\/\/habitatdominicana.org\/wp-content\/uploads\/2019\/08\/Vacante-Voluntario-ATC.png 939w\" sizes=\"auto, (max-width: 300px) 100vw, 300px\" \/><img loading=\"lazy\" decoding=\"async\" class=\"alignnone size-medium wp-image-2761\" src=\"https:\/\/habitatdominicana.org\/wp-content\/uploads\/2019\/08\/Vacante-Voluntario-Logistico-300x275.png\" alt=\"\" width=\"300\" height=\"275\" srcset=\"https:\/\/habitatdominicana.org\/wp-content\/uploads\/2019\/08\/Vacante-Voluntario-Logistico-300x275.png 300w, https:\/\/habitatdominicana.org\/wp-content\/uploads\/2019\/08\/Vacante-Voluntario-Logistico-768x705.png 768w, https:\/\/habitatdominicana.org\/wp-content\/uploads\/2019\/08\/Vacante-Voluntario-Logistico-400x367.png 400w, https:\/\/habitatdominicana.org\/wp-content\/uploads\/2019\/08\/Vacante-Voluntario-Logistico.png 939w\" sizes=\"auto, (max-width: 300px) 100vw, 300px\" \/><img loading=\"lazy\" decoding=\"async\" class=\"alignnone size-medium wp-image-2762\" src=\"https:\/\/habitatdominicana.org\/wp-content\/uploads\/2019\/08\/Vacante-Voluntario-VPL-300x297.png\" alt=\"\" width=\"300\" height=\"297\" srcset=\"https:\/\/habitatdominicana.org\/wp-content\/uploads\/2019\/08\/Vacante-Voluntario-VPL-300x297.png 300w, https:\/\/habitatdominicana.org\/wp-content\/uploads\/2019\/08\/Vacante-Voluntario-VPL-150x150.png 150w, https:\/\/habitatdominicana.org\/wp-content\/uploads\/2019\/08\/Vacante-Voluntario-VPL-768x761.png 768w, https:\/\/habitatdominicana.org\/wp-content\/uploads\/2019\/08\/Vacante-Voluntario-VPL-400x396.png 400w, https:\/\/habitatdominicana.org\/wp-content\/uploads\/2019\/08\/Vacante-Voluntario-VPL.png 939w\" sizes=\"auto, (max-width: 300px) 100vw, 300px\" \/><\/p>\n","protected":false},"excerpt":{"rendered":"","protected":false},"author":3,"featured_media":2759,"parent":0,"menu_order":0,"comment_status":"closed","ping_status":"closed","template":"","meta":{"_acf_changed":false,"om_disable_all_campaigns":false,"_exactmetrics_skip_tracking":false,"_exactmetrics_sitenote_active":false,"_exactmetrics_sitenote_note":"","_exactmetrics_sitenote_category":0,"_monsterinsights_skip_tracking":false,"_monsterinsights_sitenote_active":false,"_monsterinsights_sitenote_note":"","_monsterinsights_sitenote_category":0,"_uf_show_specific_survey":0,"_uf_disable_surveys":false,"footnotes":""},"class_list":["post-2389","page","type-page","status-publish","has-post-thumbnail","hentry"],"acf":[],"aioseo_notices":[],"rttpg_featured_image_url":{"full":["https:\/\/habitatdominicana.org\/wp-content\/uploads\/2019\/08\/Secci\u00f3n_Pasantias_Voluntariados_2.jpg",1920,800,false],"landscape":["https:\/\/habitatdominicana.org\/wp-content\/uploads\/2019\/08\/Secci\u00f3n_Pasantias_Voluntariados_2.jpg",1920,800,false],"portraits":["https:\/\/habitatdominicana.org\/wp-content\/uploads\/2019\/08\/Secci\u00f3n_Pasantias_Voluntariados_2.jpg",1920,800,false],"thumbnail":["https:\/\/habitatdominicana.org\/wp-content\/uploads\/2019\/08\/Secci\u00f3n_Pasantias_Voluntariados_2-150x150.jpg",150,150,true],"medium":["https:\/\/habitatdominicana.org\/wp-content\/uploads\/2019\/08\/Secci\u00f3n_Pasantias_Voluntariados_2-300x125.jpg",300,125,true],"large":["https:\/\/habitatdominicana.org\/wp-content\/uploads\/2019\/08\/Secci\u00f3n_Pasantias_Voluntariados_2-1024x427.jpg",860,359,true],"1536x1536":["https:\/\/habitatdominicana.org\/wp-content\/uploads\/2019\/08\/Secci\u00f3n_Pasantias_Voluntariados_2.jpg",1536,640,false],"2048x2048":["https:\/\/habitatdominicana.org\/wp-content\/uploads\/2019\/08\/Secci\u00f3n_Pasantias_Voluntariados_2.jpg",1920,800,false],"widget-thumbnail":["https:\/\/habitatdominicana.org\/wp-content\/uploads\/2019\/08\/Secci\u00f3n_Pasantias_Voluntariados_2.jpg",75,31,false],"small-header":["https:\/\/habitatdominicana.org\/wp-content\/uploads\/2019\/08\/Secci\u00f3n_Pasantias_Voluntariados_2-1800x220.jpg",1800,220,true],"small-event":["https:\/\/habitatdominicana.org\/wp-content\/uploads\/2019\/08\/Secci\u00f3n_Pasantias_Voluntariados_2-100x85.jpg",100,85,true],"medium-event":["https:\/\/habitatdominicana.org\/wp-content\/uploads\/2019\/08\/Secci\u00f3n_Pasantias_Voluntariados_2-270x150.jpg",270,150,true],"large-event":["https:\/\/habitatdominicana.org\/wp-content\/uploads\/2019\/08\/Secci\u00f3n_Pasantias_Voluntariados_2-770x330.jpg",770,330,true],"large-event-2":["https:\/\/habitatdominicana.org\/wp-content\/uploads\/2019\/08\/Secci\u00f3n_Pasantias_Voluntariados_2-540x440.jpg",540,440,true],"document-thumb":["https:\/\/habitatdominicana.org\/wp-content\/uploads\/2019\/08\/Secci\u00f3n_Pasantias_Voluntariados_2-400x167.jpg",400,167,true],"gallery-full":["https:\/\/habitatdominicana.org\/wp-content\/uploads\/2019\/08\/Secci\u00f3n_Pasantias_Voluntariados_2-1660x800.jpg",1660,800,true],"gallery-thumb":["https:\/\/habitatdominicana.org\/wp-content\/uploads\/2019\/08\/Secci\u00f3n_Pasantias_Voluntariados_2-540x330.jpg",540,330,true],"cause-medium":["https:\/\/habitatdominicana.org\/wp-content\/uploads\/2019\/08\/Secci\u00f3n_Pasantias_Voluntariados_2-900x525.jpg",900,525,true],"staff-home":["https:\/\/habitatdominicana.org\/wp-content\/uploads\/2019\/08\/Secci\u00f3n_Pasantias_Voluntariados_2-292x248.jpg",292,248,true]},"rttpg_author":{"display_name":"Luc\u00eda Z\u00fa\u00f1iga","author_link":"https:\/\/habitatdominicana.org\/en\/author\/luc1zun1g\/"},"rttpg_comment":0,"rttpg_category":null,"rttpg_excerpt":null,"_links":{"self":[{"href":"https:\/\/habitatdominicana.org\/en\/wp-json\/wp\/v2\/pages\/2389","targetHints":{"allow":["GET"]}}],"collection":[{"href":"https:\/\/habitatdominicana.org\/en\/wp-json\/wp\/v2\/pages"}],"about":[{"href":"https:\/\/habitatdominicana.org\/en\/wp-json\/wp\/v2\/types\/page"}],"author":[{"embeddable":true,"href":"https:\/\/habitatdominicana.org\/en\/wp-json\/wp\/v2\/users\/3"}],"replies":[{"embeddable":true,"href":"https:\/\/habitatdominicana.org\/en\/wp-json\/wp\/v2\/comments?post=2389"}],"version-history":[{"count":4,"href":"https:\/\/habitatdominicana.org\/en\/wp-json\/wp\/v2\/pages\/2389\/revisions"}],"predecessor-version":[{"id":2924,"href":"https:\/\/habitatdominicana.org\/en\/wp-json\/wp\/v2\/pages\/2389\/revisions\/2924"}],"wp:featuredmedia":[{"embeddable":true,"href":"https:\/\/habitatdominicana.org\/en\/wp-json\/wp\/v2\/media\/2759"}],"wp:attachment":[{"href":"https:\/\/habitatdominicana.org\/en\/wp-json\/wp\/v2\/media?parent=2389"}],"curies":[{"name":"wp","href":"https:\/\/api.w.org\/{rel}","templated":true}]}}