{"id":23,"date":"2016-07-06T04:08:56","date_gmt":"2016-07-06T04:08:56","guid":{"rendered":"http:\/\/www.habitat-tt.org\/?page_id=23"},"modified":"2020-03-13T21:35:22","modified_gmt":"2020-03-14T01:35:22","slug":"para-empresas","status":"publish","type":"page","link":"https:\/\/habitatdominicana.org\/en\/para-empresas\/","title":{"rendered":"Corporate"},"content":{"rendered":"Side by side with you, we seek to promote access to credits for micro-financing for the improvement and construction of houses for low-income families in vulnerable conditions. In cooperation, overcome the national housing deficit. Become an architect of dreams and join our cause.<\/p>\n<p>&nbsp;<\/p>\n<div style=\"padding: 10px 10px 10px 0; width: 250px;\" align=\"left\"><a class=\"btndonar\" href=\"http:\/\/\/\/habitatdominicana.org\/donar-ahora\/\" target=\"_blank\" rel=\"noopener noreferrer\"><i class=\"fa fa-heart\"><\/i> DONATE NOW<\/a><\/div>","protected":false},"excerpt":{"rendered":"<p>Side by side with you, we seek to promote access to credits for micro-financing for the improvement and construction of houses for low-income families in vulnerable conditions. In cooperation, overcome the national housing deficit. Become an architect of dreams and join our cause. &nbsp; DONATE NOW<\/p>\n","protected":false},"author":3,"featured_media":0,"parent":0,"menu_order":0,"comment_status":"closed","ping_status":"closed","template":"","meta":{"_acf_changed":false,"om_disable_all_campaigns":false,"_exactmetrics_skip_tracking":false,"_exactmetrics_sitenote_active":false,"_exactmetrics_sitenote_note":"","_exactmetrics_sitenote_category":0,"_monsterinsights_skip_tracking":false,"_monsterinsights_sitenote_active":false,"_monsterinsights_sitenote_note":"","_monsterinsights_sitenote_category":0,"_uf_show_specific_survey":0,"_uf_disable_surveys":false,"footnotes":""},"class_list":["post-23","page","type-page","status-publish","hentry"],"acf":[],"aioseo_notices":[],"rttpg_featured_image_url":null,"rttpg_author":{"display_name":"Luc\u00eda Z\u00fa\u00f1iga","author_link":"https:\/\/habitatdominicana.org\/en\/author\/luc1zun1g\/"},"rttpg_comment":0,"rttpg_category":null,"rttpg_excerpt":"Side by side with you, we seek to promote access to credits for micro-financing for the improvement and construction of houses for low-income families in vulnerable conditions. In cooperation, overcome the national housing deficit. Become an architect of dreams and join our cause. &nbsp; DONATE NOW","_links":{"self":[{"href":"https:\/\/habitatdominicana.org\/en\/wp-json\/wp\/v2\/pages\/23","targetHints":{"allow":["GET"]}}],"collection":[{"href":"https:\/\/habitatdominicana.org\/en\/wp-json\/wp\/v2\/pages"}],"about":[{"href":"https:\/\/habitatdominicana.org\/en\/wp-json\/wp\/v2\/types\/page"}],"author":[{"embeddable":true,"href":"https:\/\/habitatdominicana.org\/en\/wp-json\/wp\/v2\/users\/3"}],"replies":[{"embeddable":true,"href":"https:\/\/habitatdominicana.org\/en\/wp-json\/wp\/v2\/comments?post=23"}],"version-history":[{"count":1,"href":"https:\/\/habitatdominicana.org\/en\/wp-json\/wp\/v2\/pages\/23\/revisions"}],"predecessor-version":[{"id":2923,"href":"https:\/\/habitatdominicana.org\/en\/wp-json\/wp\/v2\/pages\/23\/revisions\/2923"}],"wp:attachment":[{"href":"https:\/\/habitatdominicana.org\/en\/wp-json\/wp\/v2\/media?parent=23"}],"curies":[{"name":"wp","href":"https:\/\/api.w.org\/{rel}","templated":true}]}}