{"id":2215,"date":"2018-02-25T17:26:06","date_gmt":"2018-02-25T21:26:06","guid":{"rendered":"http:\/\/\/\/habitatdominicana.org\/?page_id=2215"},"modified":"2022-09-02T13:29:06","modified_gmt":"2022-09-02T17:29:06","slug":"aldea-global","status":"publish","type":"page","link":"https:\/\/habitatdominicana.org\/en\/aldea-global\/","title":{"rendered":"Global Village"},"content":{"rendered":"<span style=\"font-size: 14pt;\">Through the Global Village program we manage efficiently international cooperation for national development, including sharing national capacities to cooperate with others.<\/span><\/p>\n<p><span style=\"font-size: 14pt;\">International volunteers who are interested to come to build the Dominican Republic can join the work to build strength, stability and self-sufficiency for Dominican families.\u00a0<\/span><\/p>\n<p><img loading=\"lazy\" decoding=\"async\" class=\"aligncenter wp-image-3882 size-full\" src=\"https:\/\/habitatdominicana.org\/wp-content\/uploads\/2022\/09\/vivienda-35.png\" alt=\"\" width=\"1350\" height=\"650\" srcset=\"https:\/\/habitatdominicana.org\/wp-content\/uploads\/2022\/09\/vivienda-35.png 1350w, https:\/\/habitatdominicana.org\/wp-content\/uploads\/2022\/09\/vivienda-35-300x144.png 300w, https:\/\/habitatdominicana.org\/wp-content\/uploads\/2022\/09\/vivienda-35-1024x493.png 1024w, https:\/\/habitatdominicana.org\/wp-content\/uploads\/2022\/09\/vivienda-35-768x370.png 768w, https:\/\/habitatdominicana.org\/wp-content\/uploads\/2022\/09\/vivienda-35-400x193.png 400w\" sizes=\"auto, (max-width: 1350px) 100vw, 1350px\" \/><\/p>\n<p><span style=\"font-size: 14pt;\">Global village brigades successfully organized national and international volunteer work to mobilize the hearts, hands and voices of volunteers and volunteer (volunteers) for the cause of decent housing.<\/span><\/p>\n<p><span style=\"font-size: 14pt;\">We invite national and international brigades to join and build our work hand in hand with Dominican families.<\/span><\/p>\n<p><span style=\"font-size: 14pt;\">If you are an international volunteer Please visit\u00a0<a href=\"https:\/\/www.habitat.org\/global-village\/how-to-apply\">habitat.org<\/a>\u00a0for more information.<\/span><\/p>\n<p><span style=\"font-size: 14pt;\">For international volunteers please go directly to the link Global Village Habitat for Humanity International<\/span>.\u00a0<a href=\"http:\/\/goog_357462172\/\">(\u00a0<\/a><a href=\"https:\/\/www.habitat.org\/global-village\/how-to-apply\">Https:\/\/www.habitat.org\/global-village\/how-to-apply\u00a0<\/a><a href=\"https:\/\/www.habitat.org\/global-village\/how-to-apply)\">)<\/a>","protected":false},"excerpt":{"rendered":"<p>Through the Global Village program we manage efficiently international cooperation for national development, including sharing national capacities to cooperate with others. International volunteers who are interested to come to build the Dominican Republic can join the work to build strength, stability and self-sufficiency for Dominican families.\u00a0 Global village brigades successfully organized national and international volunteer<\/p>\n<div class=\"post-actions\"><a class=\"button small\" href=\"https:\/\/habitatdominicana.org\/en\/aldea-global\/\">Leer M\u00e1s<\/a><\/div>\n","protected":false},"author":3,"featured_media":3876,"parent":0,"menu_order":0,"comment_status":"closed","ping_status":"closed","template":"","meta":{"_acf_changed":false,"om_disable_all_campaigns":false,"_exactmetrics_skip_tracking":false,"_exactmetrics_sitenote_active":false,"_exactmetrics_sitenote_note":"","_exactmetrics_sitenote_category":0,"_monsterinsights_skip_tracking":false,"_monsterinsights_sitenote_active":false,"_monsterinsights_sitenote_note":"","_monsterinsights_sitenote_category":0,"_uf_show_specific_survey":0,"_uf_disable_surveys":false,"footnotes":""},"class_list":["post-2215","page","type-page","status-publish","has-post-thumbnail","hentry"],"acf":[],"aioseo_notices":[],"rttpg_featured_image_url":{"full":["https:\/\/habitatdominicana.org\/wp-content\/uploads\/2022\/09\/vivienda-33.png",1350,650,false],"landscape":["https:\/\/habitatdominicana.org\/wp-content\/uploads\/2022\/09\/vivienda-33.png",1350,650,false],"portraits":["https:\/\/habitatdominicana.org\/wp-content\/uploads\/2022\/09\/vivienda-33.png",1350,650,false],"thumbnail":["https:\/\/habitatdominicana.org\/wp-content\/uploads\/2022\/09\/vivienda-33-150x150.png",150,150,true],"medium":["https:\/\/habitatdominicana.org\/wp-content\/uploads\/2022\/09\/vivienda-33-300x144.png",300,144,true],"large":["https:\/\/habitatdominicana.org\/wp-content\/uploads\/2022\/09\/vivienda-33-1024x493.png",860,414,true],"1536x1536":["https:\/\/habitatdominicana.org\/wp-content\/uploads\/2022\/09\/vivienda-33.png",1350,650,false],"2048x2048":["https:\/\/habitatdominicana.org\/wp-content\/uploads\/2022\/09\/vivienda-33.png",1350,650,false],"widget-thumbnail":["https:\/\/habitatdominicana.org\/wp-content\/uploads\/2022\/09\/vivienda-33-75x75.png",75,75,true],"small-header":["https:\/\/habitatdominicana.org\/wp-content\/uploads\/2022\/09\/vivienda-33-1350x220.png",1350,220,true],"small-event":["https:\/\/habitatdominicana.org\/wp-content\/uploads\/2022\/09\/vivienda-33-100x85.png",100,85,true],"medium-event":["https:\/\/habitatdominicana.org\/wp-content\/uploads\/2022\/09\/vivienda-33-270x150.png",270,150,true],"large-event":["https:\/\/habitatdominicana.org\/wp-content\/uploads\/2022\/09\/vivienda-33-770x330.png",770,330,true],"large-event-2":["https:\/\/habitatdominicana.org\/wp-content\/uploads\/2022\/09\/vivienda-33-540x440.png",540,440,true],"document-thumb":["https:\/\/habitatdominicana.org\/wp-content\/uploads\/2022\/09\/vivienda-33-400x193.png",400,193,true],"gallery-full":["https:\/\/habitatdominicana.org\/wp-content\/uploads\/2022\/09\/vivienda-33.png",1350,650,false],"gallery-thumb":["https:\/\/habitatdominicana.org\/wp-content\/uploads\/2022\/09\/vivienda-33-540x330.png",540,330,true],"cause-medium":["https:\/\/habitatdominicana.org\/wp-content\/uploads\/2022\/09\/vivienda-33-900x525.png",900,525,true],"staff-home":["https:\/\/habitatdominicana.org\/wp-content\/uploads\/2022\/09\/vivienda-33-292x248.png",292,248,true]},"rttpg_author":{"display_name":"Luc\u00eda Z\u00fa\u00f1iga","author_link":"https:\/\/habitatdominicana.org\/en\/author\/luc1zun1g\/"},"rttpg_comment":0,"rttpg_category":null,"rttpg_excerpt":"Through the Global Village program we manage efficiently international cooperation for national development, including sharing national capacities to cooperate with others. International volunteers who are interested to come to build the Dominican Republic can join the work to build strength, stability and self-sufficiency for Dominican families.\u00a0 Global village brigades successfully organized national and international volunteerLeer&hellip;","_links":{"self":[{"href":"https:\/\/habitatdominicana.org\/en\/wp-json\/wp\/v2\/pages\/2215","targetHints":{"allow":["GET"]}}],"collection":[{"href":"https:\/\/habitatdominicana.org\/en\/wp-json\/wp\/v2\/pages"}],"about":[{"href":"https:\/\/habitatdominicana.org\/en\/wp-json\/wp\/v2\/types\/page"}],"author":[{"embeddable":true,"href":"https:\/\/habitatdominicana.org\/en\/wp-json\/wp\/v2\/users\/3"}],"replies":[{"embeddable":true,"href":"https:\/\/habitatdominicana.org\/en\/wp-json\/wp\/v2\/comments?post=2215"}],"version-history":[{"count":9,"href":"https:\/\/habitatdominicana.org\/en\/wp-json\/wp\/v2\/pages\/2215\/revisions"}],"predecessor-version":[{"id":3884,"href":"https:\/\/habitatdominicana.org\/en\/wp-json\/wp\/v2\/pages\/2215\/revisions\/3884"}],"wp:featuredmedia":[{"embeddable":true,"href":"https:\/\/habitatdominicana.org\/en\/wp-json\/wp\/v2\/media\/3876"}],"wp:attachment":[{"href":"https:\/\/habitatdominicana.org\/en\/wp-json\/wp\/v2\/media?parent=2215"}],"curies":[{"name":"wp","href":"https:\/\/api.w.org\/{rel}","templated":true}]}}