{"id":2198,"date":"2018-02-25T17:13:34","date_gmt":"2018-02-25T21:13:34","guid":{"rendered":"http:\/\/\/\/habitatdominicana.org\/?page_id=2198"},"modified":"2022-09-02T13:22:42","modified_gmt":"2022-09-02T17:22:42","slug":"marketing-social","status":"publish","type":"page","link":"https:\/\/habitatdominicana.org\/en\/marketing-social\/","title":{"rendered":"Social Marketing"},"content":{"rendered":"<p id=\"tw-target-text\" class=\"tw-data-text tw-text-large tw-ta\" dir=\"ltr\" data-placeholder=\"Traducci\u00f3n\"><strong><span class=\"Y2IQFc\" lang=\"en\" style=\"font-size: 14pt;\">Be part of us through our social networks, follow us and join us to build and empower with decent housing.<\/span><\/strong><\/p>\n<p id=\"tw-target-text\" class=\"tw-data-text tw-text-large tw-ta\" dir=\"ltr\" data-placeholder=\"Traducci\u00f3n\"><span style=\"color: #000000; font-size: 24pt;\"><strong><span class=\"Y2IQFc\" lang=\"en\">Facebook <\/span><\/strong><\/span><\/p>\n<p class=\"tw-data-text tw-text-large tw-ta\" dir=\"ltr\" data-placeholder=\"Traducci\u00f3n\"><span class=\"Y2IQFc\" lang=\"en\" style=\"font-size: 14pt;\">Become a fan on our <strong>Facebook<\/strong> fanpage <span style=\"font-size: 14pt;\"><a href=\"https:\/\/www.facebook.com\/habitatdominicana\/\">@habitatdominicana<\/a><\/span><\/span><\/p>\n<p id=\"tw-target-text\" class=\"tw-data-text tw-text-large tw-ta\" dir=\"ltr\" data-placeholder=\"Traducci\u00f3n\"><span class=\"Y2IQFc\" lang=\"en\" style=\"color: #000000; font-size: 24pt;\"><strong>Instagram<\/strong> <\/span><\/p>\n<p class=\"tw-data-text tw-text-large tw-ta\" dir=\"ltr\" data-placeholder=\"Traducci\u00f3n\"><span class=\"Y2IQFc\" lang=\"en\" style=\"font-size: 14pt;\">Follow us on <strong>Instagram<\/strong> <a href=\"https:\/\/www.instagram.com\/habitatdominicana\/\">@habitatdominicana<\/a> and find out about our social work<\/span><\/p>\n<p id=\"tw-target-text\" class=\"tw-data-text tw-text-large tw-ta\" dir=\"ltr\" data-placeholder=\"Traducci\u00f3n\"><span style=\"font-size: 24pt; color: #000000;\"><strong><span class=\"Y2IQFc\" lang=\"en\">Twitter<\/span><\/strong><\/span><\/p>\n<p class=\"tw-data-text tw-text-large tw-ta\" dir=\"ltr\" data-placeholder=\"Traducci\u00f3n\"><span class=\"Y2IQFc\" lang=\"en\" style=\"font-size: 14pt;\">Read about our projects and programs through <strong>Twitter<\/strong> as <a href=\"https:\/\/twitter.com\/habitat_rd\">@habitatdominicana<\/a><\/span><\/p>\n<p><span style=\"font-size: 24pt; color: #000000;\"><strong>YouTube<\/strong><\/span><\/p>\n<p id=\"tw-target-text\" class=\"tw-data-text tw-text-large tw-ta\" dir=\"ltr\" data-placeholder=\"Traducci\u00f3n\"><span class=\"Y2IQFc\" lang=\"en\" style=\"font-size: 14pt;\">Subscribe to our YouTube channel <span style=\"font-size: 14pt;\"><a href=\"https:\/\/youtube.com\/user\/habitatdominicana\">@habitatdominicana<\/a> <\/span> and watch all our stories.<\/span><\/p>\n<p id=\"tw-target-text\" class=\"tw-data-text tw-text-large tw-ta\" dir=\"ltr\" data-placeholder=\"Traducci\u00f3n\"><span style=\"font-size: 24pt;\"><strong><span class=\"Y2IQFc\" lang=\"en\">We will wait for you!<\/span><\/strong><\/span><\/p>","protected":false},"excerpt":{"rendered":"<p>Be part of us through our social networks, follow us and join us to build and empower with decent housing. Facebook Become a fan on our Facebook fanpage @habitatdominicana Instagram Follow us on Instagram @habitatdominicana and find out about our social work Twitter Read about our projects and programs through Twitter as @habitatdominicana YouTube Subscribe<\/p>\n<div class=\"post-actions\"><a class=\"button small\" href=\"https:\/\/habitatdominicana.org\/en\/marketing-social\/\">Leer M\u00e1s<\/a><\/div>\n","protected":false},"author":3,"featured_media":3847,"parent":0,"menu_order":0,"comment_status":"closed","ping_status":"closed","template":"","meta":{"_acf_changed":false,"om_disable_all_campaigns":false,"_exactmetrics_skip_tracking":false,"_exactmetrics_sitenote_active":false,"_exactmetrics_sitenote_note":"","_exactmetrics_sitenote_category":0,"_monsterinsights_skip_tracking":false,"_monsterinsights_sitenote_active":false,"_monsterinsights_sitenote_note":"","_monsterinsights_sitenote_category":0,"_uf_show_specific_survey":0,"_uf_disable_surveys":false,"footnotes":""},"class_list":["post-2198","page","type-page","status-publish","has-post-thumbnail","hentry"],"acf":[],"aioseo_notices":[],"rttpg_featured_image_url":{"full":["https:\/\/habitatdominicana.org\/wp-content\/uploads\/2022\/08\/vivienda-26.png",1350,650,false],"landscape":["https:\/\/habitatdominicana.org\/wp-content\/uploads\/2022\/08\/vivienda-26.png",1350,650,false],"portraits":["https:\/\/habitatdominicana.org\/wp-content\/uploads\/2022\/08\/vivienda-26.png",1350,650,false],"thumbnail":["https:\/\/habitatdominicana.org\/wp-content\/uploads\/2022\/08\/vivienda-26-150x150.png",150,150,true],"medium":["https:\/\/habitatdominicana.org\/wp-content\/uploads\/2022\/08\/vivienda-26-300x144.png",300,144,true],"large":["https:\/\/habitatdominicana.org\/wp-content\/uploads\/2022\/08\/vivienda-26-1024x493.png",860,414,true],"1536x1536":["https:\/\/habitatdominicana.org\/wp-content\/uploads\/2022\/08\/vivienda-26.png",1350,650,false],"2048x2048":["https:\/\/habitatdominicana.org\/wp-content\/uploads\/2022\/08\/vivienda-26.png",1350,650,false],"widget-thumbnail":["https:\/\/habitatdominicana.org\/wp-content\/uploads\/2022\/08\/vivienda-26-75x75.png",75,75,true],"small-header":["https:\/\/habitatdominicana.org\/wp-content\/uploads\/2022\/08\/vivienda-26-1350x220.png",1350,220,true],"small-event":["https:\/\/habitatdominicana.org\/wp-content\/uploads\/2022\/08\/vivienda-26-100x85.png",100,85,true],"medium-event":["https:\/\/habitatdominicana.org\/wp-content\/uploads\/2022\/08\/vivienda-26-270x150.png",270,150,true],"large-event":["https:\/\/habitatdominicana.org\/wp-content\/uploads\/2022\/08\/vivienda-26-770x330.png",770,330,true],"large-event-2":["https:\/\/habitatdominicana.org\/wp-content\/uploads\/2022\/08\/vivienda-26-540x440.png",540,440,true],"document-thumb":["https:\/\/habitatdominicana.org\/wp-content\/uploads\/2022\/08\/vivienda-26-400x193.png",400,193,true],"gallery-full":["https:\/\/habitatdominicana.org\/wp-content\/uploads\/2022\/08\/vivienda-26.png",1350,650,false],"gallery-thumb":["https:\/\/habitatdominicana.org\/wp-content\/uploads\/2022\/08\/vivienda-26-540x330.png",540,330,true],"cause-medium":["https:\/\/habitatdominicana.org\/wp-content\/uploads\/2022\/08\/vivienda-26-900x525.png",900,525,true],"staff-home":["https:\/\/habitatdominicana.org\/wp-content\/uploads\/2022\/08\/vivienda-26-292x248.png",292,248,true]},"rttpg_author":{"display_name":"Luc\u00eda Z\u00fa\u00f1iga","author_link":"https:\/\/habitatdominicana.org\/en\/author\/luc1zun1g\/"},"rttpg_comment":0,"rttpg_category":null,"rttpg_excerpt":"Be part of us through our social networks, follow us and join us to build and empower with decent housing. Facebook Become a fan on our Facebook fanpage @habitatdominicana Instagram Follow us on Instagram @habitatdominicana and find out about our social work Twitter Read about our projects and programs through Twitter as @habitatdominicana YouTube SubscribeLeer&hellip;","_links":{"self":[{"href":"https:\/\/habitatdominicana.org\/en\/wp-json\/wp\/v2\/pages\/2198","targetHints":{"allow":["GET"]}}],"collection":[{"href":"https:\/\/habitatdominicana.org\/en\/wp-json\/wp\/v2\/pages"}],"about":[{"href":"https:\/\/habitatdominicana.org\/en\/wp-json\/wp\/v2\/types\/page"}],"author":[{"embeddable":true,"href":"https:\/\/habitatdominicana.org\/en\/wp-json\/wp\/v2\/users\/3"}],"replies":[{"embeddable":true,"href":"https:\/\/habitatdominicana.org\/en\/wp-json\/wp\/v2\/comments?post=2198"}],"version-history":[{"count":5,"href":"https:\/\/habitatdominicana.org\/en\/wp-json\/wp\/v2\/pages\/2198\/revisions"}],"predecessor-version":[{"id":3880,"href":"https:\/\/habitatdominicana.org\/en\/wp-json\/wp\/v2\/pages\/2198\/revisions\/3880"}],"wp:featuredmedia":[{"embeddable":true,"href":"https:\/\/habitatdominicana.org\/en\/wp-json\/wp\/v2\/media\/3847"}],"wp:attachment":[{"href":"https:\/\/habitatdominicana.org\/en\/wp-json\/wp\/v2\/media?parent=2198"}],"curies":[{"name":"wp","href":"https:\/\/api.w.org\/{rel}","templated":true}]}}