{"id":2194,"date":"2018-02-25T17:11:24","date_gmt":"2018-02-25T21:11:24","guid":{"rendered":"http:\/\/\/\/habitatdominicana.org\/?page_id=2194"},"modified":"2022-08-26T12:10:15","modified_gmt":"2022-08-26T16:10:15","slug":"beneficios-empresas-rse","status":"publish","type":"page","link":"https:\/\/habitatdominicana.org\/en\/beneficios-empresas-rse\/","title":{"rendered":"Corporate benefits and CSR"},"content":{"rendered":"<span style=\"font-size: 14pt;\">Together with Habitat Dominican, your company can carry out Corporate Social Responsibility by working integrally with a cause that can have an impact on both your employees and the community it serves.<\/span><\/p>\n<p><span style=\"font-size: 14pt;\">Learn about our programs to find out how you can integrate your company by supporting the cause of housing, the community in its environment.<\/span><\/p>\n<p><img loading=\"lazy\" decoding=\"async\" class=\"aligncenter size-full wp-image-3836\" src=\"https:\/\/habitatdominicana.org\/wp-content\/uploads\/2022\/08\/vivienda-22.png\" alt=\"\" width=\"1350\" height=\"650\" srcset=\"https:\/\/habitatdominicana.org\/wp-content\/uploads\/2022\/08\/vivienda-22.png 1350w, https:\/\/habitatdominicana.org\/wp-content\/uploads\/2022\/08\/vivienda-22-300x144.png 300w, https:\/\/habitatdominicana.org\/wp-content\/uploads\/2022\/08\/vivienda-22-1024x493.png 1024w, https:\/\/habitatdominicana.org\/wp-content\/uploads\/2022\/08\/vivienda-22-768x370.png 768w, https:\/\/habitatdominicana.org\/wp-content\/uploads\/2022\/08\/vivienda-22-400x193.png 400w\" sizes=\"auto, (max-width: 1350px) 100vw, 1350px\" \/><\/p>\n<p id=\"tw-target-text\" class=\"tw-data-text tw-text-large tw-ta\" dir=\"ltr\" data-placeholder=\"Traducci\u00f3n\"><span class=\"Y2IQFc\" lang=\"en\"><strong><span style=\"font-size: 18pt; color: #00adf7;\">each home <\/span><\/strong><span style=\"color: #00adf7; font-size: 14pt;\">is the basis for building a better future.<\/span><\/span><\/p>\n<p dir=\"ltr\" data-placeholder=\"Traducci\u00f3n\"><img loading=\"lazy\" decoding=\"async\" class=\"aligncenter size-full wp-image-3837\" src=\"https:\/\/habitatdominicana.org\/wp-content\/uploads\/2022\/08\/vivienda-23.png\" alt=\"\" width=\"1350\" height=\"650\" srcset=\"https:\/\/habitatdominicana.org\/wp-content\/uploads\/2022\/08\/vivienda-23.png 1350w, https:\/\/habitatdominicana.org\/wp-content\/uploads\/2022\/08\/vivienda-23-300x144.png 300w, https:\/\/habitatdominicana.org\/wp-content\/uploads\/2022\/08\/vivienda-23-1024x493.png 1024w, https:\/\/habitatdominicana.org\/wp-content\/uploads\/2022\/08\/vivienda-23-768x370.png 768w, https:\/\/habitatdominicana.org\/wp-content\/uploads\/2022\/08\/vivienda-23-400x193.png 400w\" sizes=\"auto, (max-width: 1350px) 100vw, 1350px\" \/><\/p>\n<p id=\"tw-target-text\" class=\"tw-data-text tw-text-large tw-ta\" dir=\"ltr\" data-placeholder=\"Traducci\u00f3n\"><span class=\"Y2IQFc\" lang=\"en\" style=\"color: #00adf7;\"><strong><span style=\"font-size: 18pt;\">every family<\/span><\/strong> <span style=\"font-size: 14pt;\">plays a role in building a better community.<\/span><\/span><\/p>\n<p dir=\"ltr\" data-placeholder=\"Traducci\u00f3n\"><img loading=\"lazy\" decoding=\"async\" class=\"aligncenter size-full wp-image-3838\" src=\"https:\/\/habitatdominicana.org\/wp-content\/uploads\/2022\/08\/vivienda-24.png\" alt=\"\" width=\"1350\" height=\"650\" srcset=\"https:\/\/habitatdominicana.org\/wp-content\/uploads\/2022\/08\/vivienda-24.png 1350w, https:\/\/habitatdominicana.org\/wp-content\/uploads\/2022\/08\/vivienda-24-300x144.png 300w, https:\/\/habitatdominicana.org\/wp-content\/uploads\/2022\/08\/vivienda-24-1024x493.png 1024w, https:\/\/habitatdominicana.org\/wp-content\/uploads\/2022\/08\/vivienda-24-768x370.png 768w, https:\/\/habitatdominicana.org\/wp-content\/uploads\/2022\/08\/vivienda-24-400x193.png 400w\" sizes=\"auto, (max-width: 1350px) 100vw, 1350px\" \/><\/p>","protected":false},"excerpt":{"rendered":"<p>Together with Habitat Dominican, your company can carry out Corporate Social Responsibility by working integrally with a cause that can have an impact on both your employees and the community it serves. Learn about our programs to find out how you can integrate your company by supporting the cause of housing, the community in its<\/p>\n<div class=\"post-actions\"><a class=\"button small\" href=\"https:\/\/habitatdominicana.org\/en\/beneficios-empresas-rse\/\">Leer M\u00e1s<\/a><\/div>\n","protected":false},"author":3,"featured_media":3835,"parent":0,"menu_order":0,"comment_status":"closed","ping_status":"closed","template":"","meta":{"_acf_changed":false,"om_disable_all_campaigns":false,"_exactmetrics_skip_tracking":false,"_exactmetrics_sitenote_active":false,"_exactmetrics_sitenote_note":"","_exactmetrics_sitenote_category":0,"_monsterinsights_skip_tracking":false,"_monsterinsights_sitenote_active":false,"_monsterinsights_sitenote_note":"","_monsterinsights_sitenote_category":0,"_uf_show_specific_survey":0,"_uf_disable_surveys":false,"footnotes":""},"class_list":["post-2194","page","type-page","status-publish","has-post-thumbnail","hentry"],"acf":[],"aioseo_notices":[],"rttpg_featured_image_url":{"full":["https:\/\/habitatdominicana.org\/wp-content\/uploads\/2022\/08\/vivienda-21.png",1350,650,false],"landscape":["https:\/\/habitatdominicana.org\/wp-content\/uploads\/2022\/08\/vivienda-21.png",1350,650,false],"portraits":["https:\/\/habitatdominicana.org\/wp-content\/uploads\/2022\/08\/vivienda-21.png",1350,650,false],"thumbnail":["https:\/\/habitatdominicana.org\/wp-content\/uploads\/2022\/08\/vivienda-21-150x150.png",150,150,true],"medium":["https:\/\/habitatdominicana.org\/wp-content\/uploads\/2022\/08\/vivienda-21-300x144.png",300,144,true],"large":["https:\/\/habitatdominicana.org\/wp-content\/uploads\/2022\/08\/vivienda-21-1024x493.png",860,414,true],"1536x1536":["https:\/\/habitatdominicana.org\/wp-content\/uploads\/2022\/08\/vivienda-21.png",1350,650,false],"2048x2048":["https:\/\/habitatdominicana.org\/wp-content\/uploads\/2022\/08\/vivienda-21.png",1350,650,false],"widget-thumbnail":["https:\/\/habitatdominicana.org\/wp-content\/uploads\/2022\/08\/vivienda-21-75x75.png",75,75,true],"small-header":["https:\/\/habitatdominicana.org\/wp-content\/uploads\/2022\/08\/vivienda-21-1350x220.png",1350,220,true],"small-event":["https:\/\/habitatdominicana.org\/wp-content\/uploads\/2022\/08\/vivienda-21-100x85.png",100,85,true],"medium-event":["https:\/\/habitatdominicana.org\/wp-content\/uploads\/2022\/08\/vivienda-21-270x150.png",270,150,true],"large-event":["https:\/\/habitatdominicana.org\/wp-content\/uploads\/2022\/08\/vivienda-21-770x330.png",770,330,true],"large-event-2":["https:\/\/habitatdominicana.org\/wp-content\/uploads\/2022\/08\/vivienda-21-540x440.png",540,440,true],"document-thumb":["https:\/\/habitatdominicana.org\/wp-content\/uploads\/2022\/08\/vivienda-21-400x193.png",400,193,true],"gallery-full":["https:\/\/habitatdominicana.org\/wp-content\/uploads\/2022\/08\/vivienda-21.png",1350,650,false],"gallery-thumb":["https:\/\/habitatdominicana.org\/wp-content\/uploads\/2022\/08\/vivienda-21-540x330.png",540,330,true],"cause-medium":["https:\/\/habitatdominicana.org\/wp-content\/uploads\/2022\/08\/vivienda-21-900x525.png",900,525,true],"staff-home":["https:\/\/habitatdominicana.org\/wp-content\/uploads\/2022\/08\/vivienda-21-292x248.png",292,248,true]},"rttpg_author":{"display_name":"Luc\u00eda Z\u00fa\u00f1iga","author_link":"https:\/\/habitatdominicana.org\/en\/author\/luc1zun1g\/"},"rttpg_comment":0,"rttpg_category":null,"rttpg_excerpt":"Together with Habitat Dominican, your company can carry out Corporate Social Responsibility by working integrally with a cause that can have an impact on both your employees and the community it serves. Learn about our programs to find out how you can integrate your company by supporting the cause of housing, the community in itsLeer&hellip;","_links":{"self":[{"href":"https:\/\/habitatdominicana.org\/en\/wp-json\/wp\/v2\/pages\/2194","targetHints":{"allow":["GET"]}}],"collection":[{"href":"https:\/\/habitatdominicana.org\/en\/wp-json\/wp\/v2\/pages"}],"about":[{"href":"https:\/\/habitatdominicana.org\/en\/wp-json\/wp\/v2\/types\/page"}],"author":[{"embeddable":true,"href":"https:\/\/habitatdominicana.org\/en\/wp-json\/wp\/v2\/users\/3"}],"replies":[{"embeddable":true,"href":"https:\/\/habitatdominicana.org\/en\/wp-json\/wp\/v2\/comments?post=2194"}],"version-history":[{"count":4,"href":"https:\/\/habitatdominicana.org\/en\/wp-json\/wp\/v2\/pages\/2194\/revisions"}],"predecessor-version":[{"id":3839,"href":"https:\/\/habitatdominicana.org\/en\/wp-json\/wp\/v2\/pages\/2194\/revisions\/3839"}],"wp:featuredmedia":[{"embeddable":true,"href":"https:\/\/habitatdominicana.org\/en\/wp-json\/wp\/v2\/media\/3835"}],"wp:attachment":[{"href":"https:\/\/habitatdominicana.org\/en\/wp-json\/wp\/v2\/media?parent=2194"}],"curies":[{"name":"wp","href":"https:\/\/api.w.org\/{rel}","templated":true}]}}