{"id":2190,"date":"2018-02-25T17:09:07","date_gmt":"2018-02-25T21:09:07","guid":{"rendered":"http:\/\/\/\/habitatdominicana.org\/?page_id=2190"},"modified":"2025-06-20T14:10:43","modified_gmt":"2025-06-20T18:10:43","slug":"alianzas-estrategicas","status":"publish","type":"page","link":"https:\/\/habitatdominicana.org\/en\/alianzas-estrategicas\/","title":{"rendered":"Strategic Alliances"},"content":{"rendered":"<pre id=\"tw-target-text\" class=\"tw-data-text tw-text-large tw-ta\" dir=\"ltr\" data-placeholder=\"Traducci\u00f3n\"><strong><span class=\"Y2IQFc\" lang=\"en\" style=\"font-size: 18pt; font-family: georgia, palatino, serif; color: #00afd7;\">Our thanks<\/span><\/strong><\/pre>\n<p id=\"tw-target-text\" class=\"tw-data-text tw-text-large tw-ta\" dir=\"ltr\" data-placeholder=\"Traducci\u00f3n\"><span class=\"Y2IQFc\" lang=\"en\" style=\"font-size: 14pt; color: #000000;\">Habitat for Humanity Dominican Republic thanks everyone who is involved with our cause, supporting the efforts to change the lives of thousands of families who had no hope of having a decent home to live.<\/span><\/p>\n<pre id=\"tw-target-text\" class=\"tw-data-text tw-text-large tw-ta\" dir=\"ltr\" data-placeholder=\"Traducci\u00f3n\"><span class=\"Y2IQFc\" lang=\"en\" style=\"font-family: georgia, palatino, serif;\"><span style=\"font-size: 18pt;\"><strong><span style=\"color: #00afd7;\">each home <\/span><\/strong><\/span><span style=\"font-size: 14pt; color: #00afd7;\"><span style=\"font-size: 18pt;\"><strong>gives families the opportunity to fend for themselves.<\/strong><\/span>\r\n <img loading=\"lazy\" decoding=\"async\" class=\"aligncenter wp-image-4890 size-full\" src=\"https:\/\/habitatdominicana.org\/wp-content\/uploads\/2025\/06\/vivienda-habitat-dominicana.jpg\" alt=\"Aliados H\u00e1bitat Dominicana\" width=\"1350\" height=\"650\" srcset=\"https:\/\/habitatdominicana.org\/wp-content\/uploads\/2025\/06\/vivienda-habitat-dominicana.jpg 1350w, https:\/\/habitatdominicana.org\/wp-content\/uploads\/2025\/06\/vivienda-habitat-dominicana-300x144.jpg 300w, https:\/\/habitatdominicana.org\/wp-content\/uploads\/2025\/06\/vivienda-habitat-dominicana-1024x493.jpg 1024w, https:\/\/habitatdominicana.org\/wp-content\/uploads\/2025\/06\/vivienda-habitat-dominicana-768x370.jpg 768w, https:\/\/habitatdominicana.org\/wp-content\/uploads\/2025\/06\/vivienda-habitat-dominicana-400x193.jpg 400w\" sizes=\"auto, (max-width: 1350px) 100vw, 1350px\" \/>\r\n\r\n\r\n<\/span><\/span><\/pre>\n<p dir=\"ltr\" data-placeholder=\"Traducci\u00f3n\">","protected":false},"excerpt":{"rendered":"<p>Our thanks Habitat for Humanity Dominican Republic thanks everyone who is involved with our cause, supporting the efforts to change the lives of thousands of families who had no hope of having a decent home to live. each home gives families the opportunity to fend for themselves.<\/p>\n","protected":false},"author":3,"featured_media":3820,"parent":0,"menu_order":0,"comment_status":"closed","ping_status":"closed","template":"","meta":{"_acf_changed":false,"om_disable_all_campaigns":false,"_exactmetrics_skip_tracking":false,"_exactmetrics_sitenote_active":false,"_exactmetrics_sitenote_note":"","_exactmetrics_sitenote_category":0,"_monsterinsights_skip_tracking":false,"_monsterinsights_sitenote_active":false,"_monsterinsights_sitenote_note":"","_monsterinsights_sitenote_category":0,"_uf_show_specific_survey":0,"_uf_disable_surveys":false,"footnotes":""},"class_list":["post-2190","page","type-page","status-publish","has-post-thumbnail","hentry"],"acf":[],"aioseo_notices":[],"rttpg_featured_image_url":{"full":["https:\/\/habitatdominicana.org\/wp-content\/uploads\/2022\/08\/vivienda-14.png",1350,650,false],"landscape":["https:\/\/habitatdominicana.org\/wp-content\/uploads\/2022\/08\/vivienda-14.png",1350,650,false],"portraits":["https:\/\/habitatdominicana.org\/wp-content\/uploads\/2022\/08\/vivienda-14.png",1350,650,false],"thumbnail":["https:\/\/habitatdominicana.org\/wp-content\/uploads\/2022\/08\/vivienda-14-150x150.png",150,150,true],"medium":["https:\/\/habitatdominicana.org\/wp-content\/uploads\/2022\/08\/vivienda-14-300x144.png",300,144,true],"large":["https:\/\/habitatdominicana.org\/wp-content\/uploads\/2022\/08\/vivienda-14-1024x493.png",860,414,true],"1536x1536":["https:\/\/habitatdominicana.org\/wp-content\/uploads\/2022\/08\/vivienda-14.png",1350,650,false],"2048x2048":["https:\/\/habitatdominicana.org\/wp-content\/uploads\/2022\/08\/vivienda-14.png",1350,650,false],"widget-thumbnail":["https:\/\/habitatdominicana.org\/wp-content\/uploads\/2022\/08\/vivienda-14-75x75.png",75,75,true],"small-header":["https:\/\/habitatdominicana.org\/wp-content\/uploads\/2022\/08\/vivienda-14-1350x220.png",1350,220,true],"small-event":["https:\/\/habitatdominicana.org\/wp-content\/uploads\/2022\/08\/vivienda-14-100x85.png",100,85,true],"medium-event":["https:\/\/habitatdominicana.org\/wp-content\/uploads\/2022\/08\/vivienda-14-270x150.png",270,150,true],"large-event":["https:\/\/habitatdominicana.org\/wp-content\/uploads\/2022\/08\/vivienda-14-770x330.png",770,330,true],"large-event-2":["https:\/\/habitatdominicana.org\/wp-content\/uploads\/2022\/08\/vivienda-14-540x440.png",540,440,true],"document-thumb":["https:\/\/habitatdominicana.org\/wp-content\/uploads\/2022\/08\/vivienda-14-400x193.png",400,193,true],"gallery-full":["https:\/\/habitatdominicana.org\/wp-content\/uploads\/2022\/08\/vivienda-14.png",1350,650,false],"gallery-thumb":["https:\/\/habitatdominicana.org\/wp-content\/uploads\/2022\/08\/vivienda-14-540x330.png",540,330,true],"cause-medium":["https:\/\/habitatdominicana.org\/wp-content\/uploads\/2022\/08\/vivienda-14-900x525.png",900,525,true],"staff-home":["https:\/\/habitatdominicana.org\/wp-content\/uploads\/2022\/08\/vivienda-14-292x248.png",292,248,true]},"rttpg_author":{"display_name":"Luc\u00eda Z\u00fa\u00f1iga","author_link":"https:\/\/habitatdominicana.org\/en\/author\/luc1zun1g\/"},"rttpg_comment":0,"rttpg_category":null,"rttpg_excerpt":"Our thanks Habitat for Humanity Dominican Republic thanks everyone who is involved with our cause, supporting the efforts to change the lives of thousands of families who had no hope of having a decent home to live. each home gives families the opportunity to fend for themselves.","_links":{"self":[{"href":"https:\/\/habitatdominicana.org\/en\/wp-json\/wp\/v2\/pages\/2190","targetHints":{"allow":["GET"]}}],"collection":[{"href":"https:\/\/habitatdominicana.org\/en\/wp-json\/wp\/v2\/pages"}],"about":[{"href":"https:\/\/habitatdominicana.org\/en\/wp-json\/wp\/v2\/types\/page"}],"author":[{"embeddable":true,"href":"https:\/\/habitatdominicana.org\/en\/wp-json\/wp\/v2\/users\/3"}],"replies":[{"embeddable":true,"href":"https:\/\/habitatdominicana.org\/en\/wp-json\/wp\/v2\/comments?post=2190"}],"version-history":[{"count":16,"href":"https:\/\/habitatdominicana.org\/en\/wp-json\/wp\/v2\/pages\/2190\/revisions"}],"predecessor-version":[{"id":4892,"href":"https:\/\/habitatdominicana.org\/en\/wp-json\/wp\/v2\/pages\/2190\/revisions\/4892"}],"wp:featuredmedia":[{"embeddable":true,"href":"https:\/\/habitatdominicana.org\/en\/wp-json\/wp\/v2\/media\/3820"}],"wp:attachment":[{"href":"https:\/\/habitatdominicana.org\/en\/wp-json\/wp\/v2\/media?parent=2190"}],"curies":[{"name":"wp","href":"https:\/\/api.w.org\/{rel}","templated":true}]}}