{"id":2177,"date":"2018-02-25T16:25:12","date_gmt":"2018-02-25T20:25:12","guid":{"rendered":"http:\/\/\/\/habitatdominicana.org\/?page_id=2177"},"modified":"2022-08-24T13:12:41","modified_gmt":"2022-08-24T17:12:41","slug":"campanas-movilizacion-sensibilizacion","status":"publish","type":"page","link":"https:\/\/habitatdominicana.org\/en\/campanas-movilizacion-sensibilizacion\/","title":{"rendered":"Mobilization and awareness campaigns"},"content":{"rendered":"<span style=\"font-size: 14pt;\">Habitat Dominican joins the global initiative of Habitat for Humanity regarding Solid Ground. The Millennium Development Goals (MDGs) for 2030 were adopted by the United Nations to address the global challenges of poverty eradication, the indicators have been established to measure the success of each MDG.<\/span><\/p>\n<p><img loading=\"lazy\" decoding=\"async\" class=\"aligncenter size-large wp-image-3788\" src=\"https:\/\/habitatdominicana.org\/wp-content\/uploads\/2022\/08\/vivienda-1-1024x493.png\" alt=\"\" width=\"860\" height=\"414\" srcset=\"https:\/\/habitatdominicana.org\/wp-content\/uploads\/2022\/08\/vivienda-1-1024x493.png 1024w, https:\/\/habitatdominicana.org\/wp-content\/uploads\/2022\/08\/vivienda-1-300x144.png 300w, https:\/\/habitatdominicana.org\/wp-content\/uploads\/2022\/08\/vivienda-1-768x370.png 768w, https:\/\/habitatdominicana.org\/wp-content\/uploads\/2022\/08\/vivienda-1-400x193.png 400w, https:\/\/habitatdominicana.org\/wp-content\/uploads\/2022\/08\/vivienda-1.png 1350w\" sizes=\"auto, (max-width: 860px) 100vw, 860px\" \/><\/p>\n<p><span style=\"font-size: 14pt;\">Habitat for Humanity supports MDG No. 17, ensuring that housing needs are met as cities expand and urban populations increase. Habitat focuses on those MDGs that are part of our mission: A world where each person has a decent place to live. At the local level, Habitat is conducting surveys in settlements where the right of tenure is a challenge.<\/span><\/p>\n<p>&nbsp;","protected":false},"excerpt":{"rendered":"<p>Habitat Dominican joins the global initiative of Habitat for Humanity regarding Solid Ground. The Millennium Development Goals (MDGs) for 2030 were adopted by the United Nations to address the global challenges of poverty eradication, the indicators have been established to measure the success of each MDG. Habitat for Humanity supports MDG No. 17, ensuring that<\/p>\n<div class=\"post-actions\"><a class=\"button small\" href=\"https:\/\/habitatdominicana.org\/en\/campanas-movilizacion-sensibilizacion\/\">Leer M\u00e1s<\/a><\/div>\n","protected":false},"author":3,"featured_media":3789,"parent":0,"menu_order":0,"comment_status":"closed","ping_status":"closed","template":"","meta":{"_acf_changed":false,"om_disable_all_campaigns":false,"_exactmetrics_skip_tracking":false,"_exactmetrics_sitenote_active":false,"_exactmetrics_sitenote_note":"","_exactmetrics_sitenote_category":0,"_monsterinsights_skip_tracking":false,"_monsterinsights_sitenote_active":false,"_monsterinsights_sitenote_note":"","_monsterinsights_sitenote_category":0,"_uf_show_specific_survey":0,"_uf_disable_surveys":false,"footnotes":""},"class_list":["post-2177","page","type-page","status-publish","has-post-thumbnail","hentry"],"acf":[],"aioseo_notices":[],"rttpg_featured_image_url":{"full":["https:\/\/habitatdominicana.org\/wp-content\/uploads\/2022\/08\/vivienda.png",1350,650,false],"landscape":["https:\/\/habitatdominicana.org\/wp-content\/uploads\/2022\/08\/vivienda.png",1350,650,false],"portraits":["https:\/\/habitatdominicana.org\/wp-content\/uploads\/2022\/08\/vivienda.png",1350,650,false],"thumbnail":["https:\/\/habitatdominicana.org\/wp-content\/uploads\/2022\/08\/vivienda-150x150.png",150,150,true],"medium":["https:\/\/habitatdominicana.org\/wp-content\/uploads\/2022\/08\/vivienda-300x144.png",300,144,true],"large":["https:\/\/habitatdominicana.org\/wp-content\/uploads\/2022\/08\/vivienda-1024x493.png",860,414,true],"1536x1536":["https:\/\/habitatdominicana.org\/wp-content\/uploads\/2022\/08\/vivienda.png",1350,650,false],"2048x2048":["https:\/\/habitatdominicana.org\/wp-content\/uploads\/2022\/08\/vivienda.png",1350,650,false],"widget-thumbnail":["https:\/\/habitatdominicana.org\/wp-content\/uploads\/2022\/08\/vivienda-75x75.png",75,75,true],"small-header":["https:\/\/habitatdominicana.org\/wp-content\/uploads\/2022\/08\/vivienda-1350x220.png",1350,220,true],"small-event":["https:\/\/habitatdominicana.org\/wp-content\/uploads\/2022\/08\/vivienda-100x85.png",100,85,true],"medium-event":["https:\/\/habitatdominicana.org\/wp-content\/uploads\/2022\/08\/vivienda-270x150.png",270,150,true],"large-event":["https:\/\/habitatdominicana.org\/wp-content\/uploads\/2022\/08\/vivienda-770x330.png",770,330,true],"large-event-2":["https:\/\/habitatdominicana.org\/wp-content\/uploads\/2022\/08\/vivienda-540x440.png",540,440,true],"document-thumb":["https:\/\/habitatdominicana.org\/wp-content\/uploads\/2022\/08\/vivienda-400x193.png",400,193,true],"gallery-full":["https:\/\/habitatdominicana.org\/wp-content\/uploads\/2022\/08\/vivienda.png",1350,650,false],"gallery-thumb":["https:\/\/habitatdominicana.org\/wp-content\/uploads\/2022\/08\/vivienda-540x330.png",540,330,true],"cause-medium":["https:\/\/habitatdominicana.org\/wp-content\/uploads\/2022\/08\/vivienda-900x525.png",900,525,true],"staff-home":["https:\/\/habitatdominicana.org\/wp-content\/uploads\/2022\/08\/vivienda-292x248.png",292,248,true]},"rttpg_author":{"display_name":"Luc\u00eda Z\u00fa\u00f1iga","author_link":"https:\/\/habitatdominicana.org\/en\/author\/luc1zun1g\/"},"rttpg_comment":0,"rttpg_category":null,"rttpg_excerpt":"Habitat Dominican joins the global initiative of Habitat for Humanity regarding Solid Ground. The Millennium Development Goals (MDGs) for 2030 were adopted by the United Nations to address the global challenges of poverty eradication, the indicators have been established to measure the success of each MDG. Habitat for Humanity supports MDG No. 17, ensuring thatLeer&hellip;","_links":{"self":[{"href":"https:\/\/habitatdominicana.org\/en\/wp-json\/wp\/v2\/pages\/2177","targetHints":{"allow":["GET"]}}],"collection":[{"href":"https:\/\/habitatdominicana.org\/en\/wp-json\/wp\/v2\/pages"}],"about":[{"href":"https:\/\/habitatdominicana.org\/en\/wp-json\/wp\/v2\/types\/page"}],"author":[{"embeddable":true,"href":"https:\/\/habitatdominicana.org\/en\/wp-json\/wp\/v2\/users\/3"}],"replies":[{"embeddable":true,"href":"https:\/\/habitatdominicana.org\/en\/wp-json\/wp\/v2\/comments?post=2177"}],"version-history":[{"count":4,"href":"https:\/\/habitatdominicana.org\/en\/wp-json\/wp\/v2\/pages\/2177\/revisions"}],"predecessor-version":[{"id":3790,"href":"https:\/\/habitatdominicana.org\/en\/wp-json\/wp\/v2\/pages\/2177\/revisions\/3790"}],"wp:featuredmedia":[{"embeddable":true,"href":"https:\/\/habitatdominicana.org\/en\/wp-json\/wp\/v2\/media\/3789"}],"wp:attachment":[{"href":"https:\/\/habitatdominicana.org\/en\/wp-json\/wp\/v2\/media?parent=2177"}],"curies":[{"name":"wp","href":"https:\/\/api.w.org\/{rel}","templated":true}]}}